{"id":35848,"date":"2023-12-22T17:36:52","date_gmt":"2023-12-22T17:36:52","guid":{"rendered":"https:\/\/e.kosmolat.eu\/product\/i_dr-s-vitamin-c-ekspress-serums-30-ml\/"},"modified":"2026-04-23T09:23:48","modified_gmt":"2026-04-23T09:23:48","slug":"dr-s-vitamin-c-ekspress-serums-30-ml","status":"publish","type":"product","link":"https:\/\/e.kosmolat.eu\/lv\/product\/dr-s-vitamin-c-ekspress-serums-30-ml\/","title":{"rendered":"Dr.S Vitamin C Ekspress-serums, 30 ml"},"content":{"rendered":"<p>Ultra antioksidants. \u0100das svaigums un elast\u012bba.<\/p>\n<p>Ekspress serums pie\u0161\u0137ir \u0101dai intens\u012bvu mitrin\u0101\u0161anu, padara to elast\u012bg\u0101ku un tvirt\u0101ku, nodro\u0161inot vesel\u012bgu mirdzumu un koptu izskatu. Sast\u0101v\u0101 eso\u0161\u0101s akt\u012bv\u0101s sast\u0101vda\u013cas sniedz izteiktu atjaunino\u0161u efektu. Ekspress seruma viegl\u0101 tekst\u016bra \u013cauj tam \u0101tri uzs\u016bkties, neatst\u0101jot smaguma saj\u016btu uz \u0101das. Piem\u0113rots ar\u012b k\u0101 b\u0101ze grimam.<\/p>\n<p>Akt\u012bv\u0101s sast\u0101vda\u013cas: augstas koncentr\u0101cijas C vitam\u012bns, A, B, E, H vitam\u012bnu komplekss.<br \/>\n\u2022 Augstas koncentr\u0101cijas C vitam\u012bns \u2013 viens no efekt\u012bv\u0101kajiem antioksidantiem, kas pal\u0113nina grumbu veido\u0161an\u0101s procesu. Tas atgrie\u017e mirdzumu noguru\u0161ai un bl\u0101vai \u0101dai, nodro\u0161inot katru \u0161\u016bnu ar ener\u0123iju. Aktiviz\u0113jas p\u0113c uzkl\u0101\u0161anas uz \u0101das un darbojas ilgu laiku.<br \/>\n\u2022 A, B, E, H vitam\u012bnu komplekss ir \u201cslazds\u201d br\u012bvajiem radik\u0101\u013ciem, pal\u0113ninot oksid\u0101cijas procesus \u0101d\u0101 un nov\u0113r\u0161ot priek\u0161laic\u012bgu noveco\u0161anos. <\/p>\n<p>Piem\u0113rots visiem \u0101das tipiem. Piem\u0113rots lieto\u0161anai gan no r\u012bta, gan vakar\u0101.<\/p>\n<p>Lieto\u0161ana: no r\u012bta un\/vai vakar\u0101 uzkl\u0101t nelielu seruma daudzumu uz iepriek\u0161 att\u012br\u012btas sejas un kakla \u0101das pa mas\u0101\u017eas l\u012bnij\u0101m.<\/p>\n<p>Piesardz\u012bbas pas\u0101kumi: ir iesp\u0113jama individu\u0101l\u0101 jut\u012bba pret atsevi\u0161\u0137\u0101m sast\u0101vda\u013c\u0101m. Satur A vitam\u012bnu. L\u016bgums pirms lieto\u0161anas p\u0101rdom\u0101t savu dienas devu.<\/p>\n<p>Uzglab\u0101t temperat\u016br\u0101 no +5 \u00b0\u0421 l\u012bdz +25 \u00b0\u0421.<\/p>\n<p>Der\u012bguma termi\u0146\u0161: 24 m\u0113ne\u0161i no izgatavo\u0161anas datuma.<\/p>\n","protected":false},"excerpt":{"rendered":"<p>Ultra antioksidants. \u0100das svaigums un elast\u012bba. Ekspress serums pie\u0161\u0137ir \u0101dai intens\u012bvu mitrin\u0101\u0161anu, padara to elast\u012bg\u0101ku un tvirt\u0101ku, nodro\u0161inot vesel\u012bgu mirdzumu un koptu izskatu. Sast\u0101v\u0101 eso\u0161\u0101s akt\u012bv\u0101s sast\u0101vda\u013cas sniedz izteiktu atjaunino\u0161u efektu. Ekspress seruma viegl\u0101 tekst\u016bra \u013cauj tam \u0101tri uzs\u016bkties, neatst\u0101jot smaguma saj\u016btu uz \u0101das. Piem\u0113rots ar\u012b k\u0101 b\u0101ze grimam. Akt\u012bv\u0101s sast\u0101vda\u013cas: augstas koncentr\u0101cijas C vitam\u012bns, [&#8230;]\n","protected":false},"featured_media":84190,"template":"","meta":[],"product_cat":[1999],"product_tag":[],"class_list":{"0":"post-35848","1":"product","2":"type-product","3":"status-publish","4":"has-post-thumbnail","6":"product_brand-elfa_ua","7":"product_cat-bez-kategorijas","9":"first","10":"instock","11":"taxable","12":"shipping-taxable","13":"product-type-simple"},"_links":{"self":[{"href":"https:\/\/e.kosmolat.eu\/lv\/wp-json\/wp\/v2\/product\/35848","targetHints":{"allow":["GET"]}}],"collection":[{"href":"https:\/\/e.kosmolat.eu\/lv\/wp-json\/wp\/v2\/product"}],"about":[{"href":"https:\/\/e.kosmolat.eu\/lv\/wp-json\/wp\/v2\/types\/product"}],"wp:featuredmedia":[{"embeddable":true,"href":"https:\/\/e.kosmolat.eu\/lv\/wp-json\/wp\/v2\/media\/84190"}],"wp:attachment":[{"href":"https:\/\/e.kosmolat.eu\/lv\/wp-json\/wp\/v2\/media?parent=35848"}],"wp:term":[{"taxonomy":"product_cat","embeddable":true,"href":"https:\/\/e.kosmolat.eu\/lv\/wp-json\/wp\/v2\/product_cat?post=35848"},{"taxonomy":"product_tag","embeddable":true,"href":"https:\/\/e.kosmolat.eu\/lv\/wp-json\/wp\/v2\/product_tag?post=35848"}],"curies":[{"name":"wp","href":"https:\/\/api.w.org\/{rel}","templated":true}]}}