{"id":35844,"date":"2023-12-22T17:36:27","date_gmt":"2023-12-22T17:36:27","guid":{"rendered":"https:\/\/e.kosmolat.eu\/product\/blyskavka-krasa-sprejs-nubuks-melna-100ml\/"},"modified":"2026-04-07T09:04:23","modified_gmt":"2026-04-07T09:04:23","slug":"blyskavka-krasa-sprejs-nubuks-melna-100ml","status":"publish","type":"product","link":"https:\/\/e.kosmolat.eu\/lv\/product\/blyskavka-krasa-sprejs-nubuks-melna-100ml\/","title":{"rendered":"Blyskavka Kr\u0101sa-sprejs, nubuks, meln\u0101, 100ml"},"content":{"rendered":"<p>Profesion\u0101l\u0101 kr\u0101sa zam\u0161\u0101dai, vel\u016brai un nubukam. Intens\u012bvi un dzi\u013ci nokr\u0101so nones\u0101ju\u0161\u0101s vietas.<\/p>\n<div>\n<\/div>\n<div>Sast\u0101vs : izopropanols, lanol\u012bns, kr\u0101sviela, konservants, polim\u0113rs, smar\u017eas un arom\u0101tisk\u0101s kompoz\u012bcijas.<\/div>\n","protected":false},"excerpt":{"rendered":"<p>Profesion\u0101l\u0101 kr\u0101sa zam\u0161\u0101dai, vel\u016brai un nubukam. Intens\u012bvi un dzi\u013ci nokr\u0101so nones\u0101ju\u0161\u0101s vietas. Sast\u0101vs : izopropanols, lanol\u012bns, kr\u0101sviela, konservants, polim\u0113rs, smar\u017eas un arom\u0101tisk\u0101s kompoz\u012bcijas.<\/p>\n","protected":false},"featured_media":84162,"template":"","meta":[],"product_cat":[1731],"product_tag":[],"class_list":{"0":"post-35844","1":"product","2":"type-product","3":"status-publish","4":"has-post-thumbnail","6":"product_brand-blyskavka_ua","7":"product_cat-batu-valymo-priemones-ir-priedai","9":"first","10":"instock","11":"taxable","12":"shipping-taxable","13":"product-type-simple"},"_links":{"self":[{"href":"https:\/\/e.kosmolat.eu\/lv\/wp-json\/wp\/v2\/product\/35844","targetHints":{"allow":["GET"]}}],"collection":[{"href":"https:\/\/e.kosmolat.eu\/lv\/wp-json\/wp\/v2\/product"}],"about":[{"href":"https:\/\/e.kosmolat.eu\/lv\/wp-json\/wp\/v2\/types\/product"}],"wp:featuredmedia":[{"embeddable":true,"href":"https:\/\/e.kosmolat.eu\/lv\/wp-json\/wp\/v2\/media\/84162"}],"wp:attachment":[{"href":"https:\/\/e.kosmolat.eu\/lv\/wp-json\/wp\/v2\/media?parent=35844"}],"wp:term":[{"taxonomy":"product_cat","embeddable":true,"href":"https:\/\/e.kosmolat.eu\/lv\/wp-json\/wp\/v2\/product_cat?post=35844"},{"taxonomy":"product_tag","embeddable":true,"href":"https:\/\/e.kosmolat.eu\/lv\/wp-json\/wp\/v2\/product_tag?post=35844"}],"curies":[{"name":"wp","href":"https:\/\/api.w.org\/{rel}","templated":true}]}}