{"id":35836,"date":"2023-12-22T17:35:51","date_gmt":"2023-12-22T17:35:51","guid":{"rendered":"https:\/\/e.kosmolat.eu\/product\/blyskavka-krems-tubina-ar-aplikatoru-svammiti-bezkrasains\/"},"modified":"2026-03-31T19:37:14","modified_gmt":"2026-03-31T19:37:14","slug":"i_blyskavka-krems-tubina-ar-aplikatoru-svammiti-bezkrasains","status":"publish","type":"product","link":"https:\/\/e.kosmolat.eu\/lv\/product\/i_blyskavka-krems-tubina-ar-aplikatoru-svammiti-bezkrasains\/","title":{"rendered":"I_Blyskavka Kr\u0113ms t\u016bbi\u0146\u0101 ar aplikatoru (\u0161vamm\u012bti), bezkr\u0101sains"},"content":{"rendered":"<p>Augstas kvalit\u0101tes apavu kr\u0113ms ir paredz\u0113ts gludai \u0101dai. Atjauno kr\u0101su, aizsarg\u0101 pret mitrumu, s\u0101li un pie\u0161\u0137ir sp\u012bdumu. Izgatavots uz bi\u0161u vaska pamata. Kr\u0113ms ir viegli uzkl\u0101jams uz apaviem, tas \u0101tri uzs\u016bcas un lieliski p\u016bl\u0113jams. Satur dab\u012bgu vasku, nodro\u0161ina pilnv\u0113rt\u012bgu apavu kop\u0161anu. Regul\u0101ra kr\u0113ma lieto\u0161ana \u013cauj uztur\u0113t apavus lab\u0101 st\u0101vokl\u012b un paildzina t\u0101s kalpo\u0161anas laiku.<\/p>\n<div>\n<\/div>\n<div>Sast\u0101vs: bi\u0161u vasks, stear\u012bns, paraf\u012bns, kr\u0101sviela, aromatiz\u0113t\u0101js, \u016bdens. Uzglab\u0101\u0161anas noteikumi: saus\u0101 v\u0113din\u0101m\u0101 telp\u0101, temperat\u016br\u0101 no +0\u00b0C l\u012bdz +20\u00b0C. Uzglab\u0101t b\u0113rniem nepieejam\u0101 viet\u0101. Lietot p\u0113c nor\u0101d\u012bjum\u0101. Lieto\u0161ana: ar aplikatora s\u016bkl\u012b\u0161a pal\u012bdz\u012bbu vienm\u0113r\u012bgi uzkl\u0101t uz sausas, t\u012bras virsmas. Iedot uzs\u016bkties un nop\u016bl\u0113t.<\/div>\n<div>\n<\/div>\n","protected":false},"excerpt":{"rendered":"<p>Augstas kvalit\u0101tes apavu kr\u0113ms ir paredz\u0113ts gludai \u0101dai. Atjauno kr\u0101su, aizsarg\u0101 pret mitrumu, s\u0101li un pie\u0161\u0137ir sp\u012bdumu. Izgatavots uz bi\u0161u vaska pamata. Kr\u0113ms ir viegli uzkl\u0101jams uz apaviem, tas \u0101tri uzs\u016bcas un lieliski p\u016bl\u0113jams. Satur dab\u012bgu vasku, nodro\u0161ina pilnv\u0113rt\u012bgu apavu kop\u0161anu. Regul\u0101ra kr\u0113ma lieto\u0161ana \u013cauj uztur\u0113t apavus lab\u0101 st\u0101vokl\u012b un paildzina t\u0101s kalpo\u0161anas laiku. Sast\u0101vs: [&#8230;]\n","protected":false},"featured_media":84138,"template":"","meta":[],"product_cat":[1729],"product_tag":[],"class_list":{"0":"post-35836","1":"product","2":"type-product","3":"status-publish","4":"has-post-thumbnail","6":"product_brand-blyskavka_ua","7":"product_cat-apavu-kopsanas-lidzekli-un-aksesuari","9":"first","10":"outofstock","11":"taxable","12":"shipping-taxable","13":"product-type-simple"},"_links":{"self":[{"href":"https:\/\/e.kosmolat.eu\/lv\/wp-json\/wp\/v2\/product\/35836","targetHints":{"allow":["GET"]}}],"collection":[{"href":"https:\/\/e.kosmolat.eu\/lv\/wp-json\/wp\/v2\/product"}],"about":[{"href":"https:\/\/e.kosmolat.eu\/lv\/wp-json\/wp\/v2\/types\/product"}],"wp:featuredmedia":[{"embeddable":true,"href":"https:\/\/e.kosmolat.eu\/lv\/wp-json\/wp\/v2\/media\/84138"}],"wp:attachment":[{"href":"https:\/\/e.kosmolat.eu\/lv\/wp-json\/wp\/v2\/media?parent=35836"}],"wp:term":[{"taxonomy":"product_cat","embeddable":true,"href":"https:\/\/e.kosmolat.eu\/lv\/wp-json\/wp\/v2\/product_cat?post=35836"},{"taxonomy":"product_tag","embeddable":true,"href":"https:\/\/e.kosmolat.eu\/lv\/wp-json\/wp\/v2\/product_tag?post=35836"}],"curies":[{"name":"wp","href":"https:\/\/api.w.org\/{rel}","templated":true}]}}