{"id":35832,"date":"2023-12-22T17:35:30","date_gmt":"2023-12-22T17:35:30","guid":{"rendered":"https:\/\/e.kosmolat.eu\/product\/blyskavka-triskarsa-birste-nubuka-apaviem\/"},"modified":"2026-04-23T14:14:49","modified_gmt":"2026-04-23T14:14:49","slug":"blyskavka-triskarsa-birste-nubuka-apaviem","status":"publish","type":"product","link":"https:\/\/e.kosmolat.eu\/lv\/product\/blyskavka-triskarsa-birste-nubuka-apaviem\/","title":{"rendered":"Blyskavka Tr\u012bsk\u0101r\u0161a birste nubuka apaviem"},"content":{"rendered":"<p><strong>Sast\u0101vda\u013cas:<\/strong> plastmasa, gumija, misi\u0146\u0161, sint\u0113tiskie sari.<\/p>\n<p><strong>Der\u012bguma termi\u0146\u0161:<\/strong> neierobe\u017eots.&nbsp;<\/p>\n<p>&nbsp;<\/p>\n<p>&nbsp;<\/p>\n<p>&nbsp;<\/p>\n<p>&nbsp;<\/p>\n","protected":false},"excerpt":{"rendered":"<p>Sast\u0101vda\u013cas: plastmasa, gumija, misi\u0146\u0161, sint\u0113tiskie sari. Der\u012bguma termi\u0146\u0161: neierobe\u017eots.&nbsp; &nbsp; &nbsp; &nbsp; &nbsp;<\/p>\n","protected":false},"featured_media":84114,"template":"","meta":[],"product_cat":[1729],"product_tag":[],"class_list":{"0":"post-35832","1":"product","2":"type-product","3":"status-publish","4":"has-post-thumbnail","6":"product_brand-blyskavka_ua","7":"product_cat-apavu-kopsanas-lidzekli-un-aksesuari","9":"first","10":"instock","11":"taxable","12":"shipping-taxable","13":"product-type-simple"},"_links":{"self":[{"href":"https:\/\/e.kosmolat.eu\/lv\/wp-json\/wp\/v2\/product\/35832","targetHints":{"allow":["GET"]}}],"collection":[{"href":"https:\/\/e.kosmolat.eu\/lv\/wp-json\/wp\/v2\/product"}],"about":[{"href":"https:\/\/e.kosmolat.eu\/lv\/wp-json\/wp\/v2\/types\/product"}],"wp:featuredmedia":[{"embeddable":true,"href":"https:\/\/e.kosmolat.eu\/lv\/wp-json\/wp\/v2\/media\/84114"}],"wp:attachment":[{"href":"https:\/\/e.kosmolat.eu\/lv\/wp-json\/wp\/v2\/media?parent=35832"}],"wp:term":[{"taxonomy":"product_cat","embeddable":true,"href":"https:\/\/e.kosmolat.eu\/lv\/wp-json\/wp\/v2\/product_cat?post=35832"},{"taxonomy":"product_tag","embeddable":true,"href":"https:\/\/e.kosmolat.eu\/lv\/wp-json\/wp\/v2\/product_tag?post=35832"}],"curies":[{"name":"wp","href":"https:\/\/api.w.org\/{rel}","templated":true}]}}