{"id":35796,"date":"2023-12-22T17:33:32","date_gmt":"2023-12-22T17:33:32","guid":{"rendered":"https:\/\/e.kosmolat.eu\/product\/rba-matu-balzams-nr-1-ciedrs-un-propoliss-550-ml\/"},"modified":"2026-03-31T19:34:58","modified_gmt":"2026-03-31T19:34:58","slug":"rba-matu-balzams-nr-1-ciedrs-un-propoliss-550-ml","status":"publish","type":"product","link":"https:\/\/e.kosmolat.eu\/lv\/product\/rba-matu-balzams-nr-1-ciedrs-un-propoliss-550-ml\/","title":{"rendered":"RBA Matu balzams Nr.1 Ciedrs un propoliss, 550 ml"},"content":{"rendered":"<p>Propolisa ekstrakts, ciedru e\u013c\u013ca, \u0101lante un api\u0146i ar organisko bi\u0161u vasku, ciedru pieni\u0146u, ciedra un kumel\u012btes \u0113terisk\u0101m e\u013c\u013c\u0101m. Matu balzams \u201cCiedru propiliss\u201d akt\u012bvi stiprina matus, efekt\u012bvi atjaunojot to boj\u0101tu strukt\u016bru.\n<\/p>\n<p>Matu balzams \u201cCiedru propoliss\u201d akt\u012bvi stiprina matus, efekt\u012bvi atjaunojot to boj\u0101tu strukt\u016bru. Lieto\u0161ana: uzkl\u0101jiet uz mitriem izmazg\u0101tiem matiem, izsm\u0113r\u0113t vis\u0101 matu garum\u0101, atst\u0101t uz 1-2 min\u016bt\u0113m, nomazg\u0101t ar \u016bdeni. Piem\u0113rots ikdienas lieto\u0161anai.<\/p>\n","protected":false},"excerpt":{"rendered":"<p>Propolisa ekstrakts, ciedru e\u013c\u013ca, \u0101lante un api\u0146i ar organisko bi\u0161u vasku, ciedru pieni\u0146u, ciedra un kumel\u012btes \u0113terisk\u0101m e\u013c\u013c\u0101m. Matu balzams \u201cCiedru propiliss\u201d akt\u012bvi stiprina matus, efekt\u012bvi atjaunojot to boj\u0101tu strukt\u016bru. Matu balzams \u201cCiedru propoliss\u201d akt\u012bvi stiprina matus, efekt\u012bvi atjaunojot to boj\u0101tu strukt\u016bru. Lieto\u0161ana: uzkl\u0101jiet uz mitriem izmazg\u0101tiem matiem, izsm\u0113r\u0113t vis\u0101 matu garum\u0101, atst\u0101t uz 1-2 [&#8230;]\n","protected":false},"featured_media":84006,"template":"","meta":[],"product_cat":[1638],"product_tag":[],"class_list":{"0":"post-35796","1":"product","2":"type-product","3":"status-publish","4":"has-post-thumbnail","6":"product_brand-siberica_ee","7":"product_cat-balzami","9":"first","10":"outofstock","11":"taxable","12":"shipping-taxable","13":"product-type-simple"},"_links":{"self":[{"href":"https:\/\/e.kosmolat.eu\/lv\/wp-json\/wp\/v2\/product\/35796","targetHints":{"allow":["GET"]}}],"collection":[{"href":"https:\/\/e.kosmolat.eu\/lv\/wp-json\/wp\/v2\/product"}],"about":[{"href":"https:\/\/e.kosmolat.eu\/lv\/wp-json\/wp\/v2\/types\/product"}],"wp:featuredmedia":[{"embeddable":true,"href":"https:\/\/e.kosmolat.eu\/lv\/wp-json\/wp\/v2\/media\/84006"}],"wp:attachment":[{"href":"https:\/\/e.kosmolat.eu\/lv\/wp-json\/wp\/v2\/media?parent=35796"}],"wp:term":[{"taxonomy":"product_cat","embeddable":true,"href":"https:\/\/e.kosmolat.eu\/lv\/wp-json\/wp\/v2\/product_cat?post=35796"},{"taxonomy":"product_tag","embeddable":true,"href":"https:\/\/e.kosmolat.eu\/lv\/wp-json\/wp\/v2\/product_tag?post=35796"}],"curies":[{"name":"wp","href":"https:\/\/api.w.org\/{rel}","templated":true}]}}