{"id":35772,"date":"2023-12-22T17:32:17","date_gmt":"2023-12-22T17:32:17","guid":{"rendered":"https:\/\/e.kosmolat.eu\/product\/little-siberica-mazulu-mitrinoss-pienins-ikdienas-kopsanai-250-ml\/"},"modified":"2025-09-19T20:28:30","modified_gmt":"2025-09-19T20:28:30","slug":"little-siberica-mazulu-mitrinoss-pienins-ikdienas-kopsanai-250-ml","status":"publish","type":"product","link":"https:\/\/e.kosmolat.eu\/lv\/product\/little-siberica-mazulu-mitrinoss-pienins-ikdienas-kopsanai-250-ml\/","title":{"rendered":"Little Siberica Mazu\u013cu mitrino\u0161s pieni\u0146\u0161 ikdienas kop\u0161anai, 250 ml"},"content":{"rendered":"<p>Izgatavots uz unik\u0101las b\u0101zes pamata. Hidrol\u0101ts ir koncentr\u0113ts vitam\u012bnu un mikroelementu kokteilis, kas ir ieg\u016bts no augiem destil\u0113\u0161anas ce\u013c\u0101. B\u0113rnu kop\u0161anas l\u012bdzek\u013ci, kuru pamat\u0101 ir hidrol\u0101ti, maigi att\u012bra un r\u016bp\u0113jas par mazu\u013ca \u0101du, padara to m\u012bkstu un samtainu. Piem\u0113rots ikdienas lieto\u0161anai.\n<\/p>\n<p>\u0160is mitrino\u0161s pieni\u0146\u0161, kura pamat\u0101 ir organiskais Kuri\u013cu melle\u0146u hidrol\u0101ts un organiskie auzu un rudzupu\u0137u ekstrakti, satur augstu C vitam\u012bna un miner\u0101lvielu saturu, mitrina \u0101du un nomierina to.<\/p>\n<p> Lieto\u0161ana:  Uzkl\u0101jiet nelielu pieni\u0146a daudzumu uz t\u012bras, sausas mazu\u013ca \u0101das.<\/p>\n","protected":false},"excerpt":{"rendered":"<p>Izgatavots uz unik\u0101las b\u0101zes pamata. Hidrol\u0101ts ir koncentr\u0113ts vitam\u012bnu un mikroelementu kokteilis, kas ir ieg\u016bts no augiem destil\u0113\u0161anas ce\u013c\u0101. B\u0113rnu kop\u0161anas l\u012bdzek\u013ci, kuru pamat\u0101 ir hidrol\u0101ti, maigi att\u012bra un r\u016bp\u0113jas par mazu\u013ca \u0101du, padara to m\u012bkstu un samtainu. Piem\u0113rots ikdienas lieto\u0161anai. \u0160is mitrino\u0161s pieni\u0146\u0161, kura pamat\u0101 ir organiskais Kuri\u013cu melle\u0146u hidrol\u0101ts un organiskie auzu un [&#8230;]\n","protected":false},"featured_media":83994,"template":"","meta":[],"product_cat":[1361],"product_tag":[],"class_list":{"0":"post-35772","1":"product","2":"type-product","3":"status-publish","4":"has-post-thumbnail","6":"product_brand-siberica_ee","7":"product_cat-adas-kopsanas-kosmetika","9":"first","10":"outofstock","11":"taxable","12":"shipping-taxable","13":"product-type-simple"},"_links":{"self":[{"href":"https:\/\/e.kosmolat.eu\/lv\/wp-json\/wp\/v2\/product\/35772","targetHints":{"allow":["GET"]}}],"collection":[{"href":"https:\/\/e.kosmolat.eu\/lv\/wp-json\/wp\/v2\/product"}],"about":[{"href":"https:\/\/e.kosmolat.eu\/lv\/wp-json\/wp\/v2\/types\/product"}],"wp:featuredmedia":[{"embeddable":true,"href":"https:\/\/e.kosmolat.eu\/lv\/wp-json\/wp\/v2\/media\/83994"}],"wp:attachment":[{"href":"https:\/\/e.kosmolat.eu\/lv\/wp-json\/wp\/v2\/media?parent=35772"}],"wp:term":[{"taxonomy":"product_cat","embeddable":true,"href":"https:\/\/e.kosmolat.eu\/lv\/wp-json\/wp\/v2\/product_cat?post=35772"},{"taxonomy":"product_tag","embeddable":true,"href":"https:\/\/e.kosmolat.eu\/lv\/wp-json\/wp\/v2\/product_tag?post=35772"}],"curies":[{"name":"wp","href":"https:\/\/api.w.org\/{rel}","templated":true}]}}