{"id":35708,"date":"2023-12-22T17:28:19","date_gmt":"2023-12-22T17:28:19","guid":{"rendered":"https:\/\/e.kosmolat.eu\/product\/ns-men-super-intensivs-pretgrumbu-sejas-krems-bear-power-50-ml\/"},"modified":"2025-09-19T20:33:52","modified_gmt":"2025-09-19T20:33:52","slug":"ns-men-super-intensivs-pretgrumbu-sejas-krems-bear-power-50-ml","status":"publish","type":"product","link":"https:\/\/e.kosmolat.eu\/lv\/product\/ns-men-super-intensivs-pretgrumbu-sejas-krems-bear-power-50-ml\/","title":{"rendered":"NS Men Super intens\u012bvs pretgrumbu sejas kr\u0113ms Bear Power, 50 ml"},"content":{"rendered":"<p>Lietojiet \u0161o intens\u012bvu sejas kr\u0113mu, lai c\u012bn\u012btos ar grumb\u0101m un \u0101das noveco\u0161anu! Tas ir bag\u0101tin\u0101ts ar organisko \u017ee\u0146\u0161e\u0146u, savva\u013cas asinsz\u0101li un hialuronsk\u0101bi, kas pal\u012bdz samazin\u0101t grumbas un toniz\u0113t \u0101du. Kam\u010datkas savva\u013cas bi\u0161u medus ir barojo\u0161s, bet sarkan\u0101 l\u0101cene nodro\u0161ina antioksidantu aizsardz\u012bbu. \u0160is sp\u0113c\u012bgs l\u012bdzeklis pret grumb\u0101m pal\u012bdz jums izskat\u012bties jaun\u0101kas un atg\u016bt savu pa\u0161cie\u0146u. Lieto\u0161ana: no r\u012bta uzkl\u0101jiet nelielu kr\u0113ma daudzumu uz sausas, t\u012bras sejas \u0101das. Izmantojiet katru dienu.<\/p>\n","protected":false},"excerpt":{"rendered":"<p>Lietojiet \u0161o intens\u012bvu sejas kr\u0113mu, lai c\u012bn\u012btos ar grumb\u0101m un \u0101das noveco\u0161anu! Tas ir bag\u0101tin\u0101ts ar organisko \u017ee\u0146\u0161e\u0146u, savva\u013cas asinsz\u0101li un hialuronsk\u0101bi, kas pal\u012bdz samazin\u0101t grumbas un toniz\u0113t \u0101du. Kam\u010datkas savva\u013cas bi\u0161u medus ir barojo\u0161s, bet sarkan\u0101 l\u0101cene nodro\u0161ina antioksidantu aizsardz\u012bbu. \u0160is sp\u0113c\u012bgs l\u012bdzeklis pret grumb\u0101m pal\u012bdz jums izskat\u012bties jaun\u0101kas un atg\u016bt savu pa\u0161cie\u0146u. Lieto\u0161ana: [&#8230;]\n","protected":false},"featured_media":84090,"template":"","meta":[],"product_cat":[1678],"product_tag":[],"class_list":{"0":"post-35708","1":"product","2":"type-product","3":"status-publish","4":"has-post-thumbnail","6":"product_brand-siberica_ee","7":"product_cat-veido-prieziurai","9":"first","10":"outofstock","11":"taxable","12":"shipping-taxable","13":"product-type-simple"},"_links":{"self":[{"href":"https:\/\/e.kosmolat.eu\/lv\/wp-json\/wp\/v2\/product\/35708","targetHints":{"allow":["GET"]}}],"collection":[{"href":"https:\/\/e.kosmolat.eu\/lv\/wp-json\/wp\/v2\/product"}],"about":[{"href":"https:\/\/e.kosmolat.eu\/lv\/wp-json\/wp\/v2\/types\/product"}],"wp:featuredmedia":[{"embeddable":true,"href":"https:\/\/e.kosmolat.eu\/lv\/wp-json\/wp\/v2\/media\/84090"}],"wp:attachment":[{"href":"https:\/\/e.kosmolat.eu\/lv\/wp-json\/wp\/v2\/media?parent=35708"}],"wp:term":[{"taxonomy":"product_cat","embeddable":true,"href":"https:\/\/e.kosmolat.eu\/lv\/wp-json\/wp\/v2\/product_cat?post=35708"},{"taxonomy":"product_tag","embeddable":true,"href":"https:\/\/e.kosmolat.eu\/lv\/wp-json\/wp\/v2\/product_tag?post=35708"}],"curies":[{"name":"wp","href":"https:\/\/api.w.org\/{rel}","templated":true}]}}