{"id":35700,"date":"2023-12-22T17:27:56","date_gmt":"2023-12-22T17:27:56","guid":{"rendered":"https:\/\/e.kosmolat.eu\/product\/ns-men-krems-acu-konturam-ar-liftinga-efektu-eagle-look-30-ml\/"},"modified":"2025-09-19T20:33:40","modified_gmt":"2025-09-19T20:33:40","slug":"ns-men-krems-acu-konturam-ar-liftinga-efektu-eagle-look-30-ml","status":"publish","type":"product","link":"https:\/\/e.kosmolat.eu\/lv\/product\/ns-men-krems-acu-konturam-ar-liftinga-efektu-eagle-look-30-ml\/","title":{"rendered":"NS Men Kr\u0113ms acu kont\u016br\u0101m ar liftinga efektu Eagle Look, 30 ml"},"content":{"rendered":"<p>\u0160is acu kr\u0113ms ir bag\u0101tin\u0101ts ar olbaltumviel\u0101m bag\u0101tu Sib\u012brijas ikru ekstraktu, kas pal\u012bdz samazin\u0101t grumbas, mazin\u0101t piet\u016bkumu un tum\u0161os lokus. Savva\u013cas Zieme\u013cu l\u0101cenes organiskais ekstrakts kop\u0101 ar kofe\u012bnu un hialuronsk\u0101bi mitrina, toniz\u0113 \u0101du un pie\u0161\u0137ir tai ener\u0123iju. Lieto\u0161ana: maigi iemas\u0113jiet nelielu kr\u0113ma daudzumu ap acu zonu ar ap\u013cveida kust\u012bb\u0101m. Lietojiet katru dienu.<\/p>\n","protected":false},"excerpt":{"rendered":"<p>\u0160is acu kr\u0113ms ir bag\u0101tin\u0101ts ar olbaltumviel\u0101m bag\u0101tu Sib\u012brijas ikru ekstraktu, kas pal\u012bdz samazin\u0101t grumbas, mazin\u0101t piet\u016bkumu un tum\u0161os lokus. Savva\u013cas Zieme\u013cu l\u0101cenes organiskais ekstrakts kop\u0101 ar kofe\u012bnu un hialuronsk\u0101bi mitrina, toniz\u0113 \u0101du un pie\u0161\u0137ir tai ener\u0123iju. Lieto\u0161ana: maigi iemas\u0113jiet nelielu kr\u0113ma daudzumu ap acu zonu ar ap\u013cveida kust\u012bb\u0101m. Lietojiet katru dienu.<\/p>\n","protected":false},"featured_media":84086,"template":"","meta":[],"product_cat":[1678],"product_tag":[],"class_list":{"0":"post-35700","1":"product","2":"type-product","3":"status-publish","4":"has-post-thumbnail","6":"product_brand-siberica_ee","7":"product_cat-veido-prieziurai","9":"first","10":"outofstock","11":"taxable","12":"shipping-taxable","13":"product-type-simple"},"_links":{"self":[{"href":"https:\/\/e.kosmolat.eu\/lv\/wp-json\/wp\/v2\/product\/35700","targetHints":{"allow":["GET"]}}],"collection":[{"href":"https:\/\/e.kosmolat.eu\/lv\/wp-json\/wp\/v2\/product"}],"about":[{"href":"https:\/\/e.kosmolat.eu\/lv\/wp-json\/wp\/v2\/types\/product"}],"wp:featuredmedia":[{"embeddable":true,"href":"https:\/\/e.kosmolat.eu\/lv\/wp-json\/wp\/v2\/media\/84086"}],"wp:attachment":[{"href":"https:\/\/e.kosmolat.eu\/lv\/wp-json\/wp\/v2\/media?parent=35700"}],"wp:term":[{"taxonomy":"product_cat","embeddable":true,"href":"https:\/\/e.kosmolat.eu\/lv\/wp-json\/wp\/v2\/product_cat?post=35700"},{"taxonomy":"product_tag","embeddable":true,"href":"https:\/\/e.kosmolat.eu\/lv\/wp-json\/wp\/v2\/product_tag?post=35700"}],"curies":[{"name":"wp","href":"https:\/\/api.w.org\/{rel}","templated":true}]}}