{"id":35680,"date":"2023-12-22T17:26:35","date_gmt":"2023-12-22T17:26:35","guid":{"rendered":"https:\/\/e.kosmolat.eu\/product\/ns-men-energ-samp-kermenim-un-matiem-fury-of-the-tiger-250-ml\/"},"modified":"2025-09-19T20:32:57","modified_gmt":"2025-09-19T20:32:57","slug":"ns-men-energ-samp-kermenim-un-matiem-fury-of-the-tiger-250-ml","status":"publish","type":"product","link":"https:\/\/e.kosmolat.eu\/lv\/product\/ns-men-energ-samp-kermenim-un-matiem-fury-of-the-tiger-250-ml\/","title":{"rendered":"NS Men Ener\u0123. \u0161amp. \u0137ermenim un matiem Fury Of The Tiger, 250 ml"},"content":{"rendered":"<p>Dabisks ener\u0123ijas trieciens j\u016bsu matiem un \u0101dai ar sp\u0113c\u012bgo organisko Ro\u017eaino Radiolu, savva\u013cas Sib\u012brijas \u017ee\u0146&scaron;e\u0146u, Ussuri inula, t\u012b\u0123erz\u0101li un 100% C vitam\u012bnu. Mati k\u013c\u016bst stipr\u0101ki pie sakn\u0113m un \u0137ermenis k\u013c\u016bst piln\u012bb\u0101 uzmundrin\u0101ts.<\/p>\n<p><strong>Lieto&scaron;ana:<\/strong> uzkl\u0101t &scaron;amp\u016bnu uz mitr\u0101s \u0101das un \/ vai mitriem matiem, saputot, tad noskalot.<br \/>\n&nbsp;<\/p>\n","protected":false},"excerpt":{"rendered":"<p>Dabisks ener\u0123ijas trieciens j\u016bsu matiem un \u0101dai ar sp\u0113c\u012bgo organisko Ro\u017eaino Radiolu, savva\u013cas Sib\u012brijas \u017ee\u0146&scaron;e\u0146u, Ussuri inula, t\u012b\u0123erz\u0101li un 100% C vitam\u012bnu. Mati k\u013c\u016bst stipr\u0101ki pie sakn\u0113m un \u0137ermenis k\u013c\u016bst piln\u012bb\u0101 uzmundrin\u0101ts. Lieto&scaron;ana: uzkl\u0101t &scaron;amp\u016bnu uz mitr\u0101s \u0101das un \/ vai mitriem matiem, saputot, tad noskalot. &nbsp;<\/p>\n","protected":false},"featured_media":84074,"template":"","meta":[],"product_cat":[1686],"product_tag":[],"class_list":{"0":"post-35680","1":"product","2":"type-product","3":"status-publish","4":"has-post-thumbnail","6":"product_brand-siberica_ee","7":"product_cat-matu-kopsanai","9":"first","10":"outofstock","11":"taxable","12":"shipping-taxable","13":"product-type-simple"},"_links":{"self":[{"href":"https:\/\/e.kosmolat.eu\/lv\/wp-json\/wp\/v2\/product\/35680","targetHints":{"allow":["GET"]}}],"collection":[{"href":"https:\/\/e.kosmolat.eu\/lv\/wp-json\/wp\/v2\/product"}],"about":[{"href":"https:\/\/e.kosmolat.eu\/lv\/wp-json\/wp\/v2\/types\/product"}],"wp:featuredmedia":[{"embeddable":true,"href":"https:\/\/e.kosmolat.eu\/lv\/wp-json\/wp\/v2\/media\/84074"}],"wp:attachment":[{"href":"https:\/\/e.kosmolat.eu\/lv\/wp-json\/wp\/v2\/media?parent=35680"}],"wp:term":[{"taxonomy":"product_cat","embeddable":true,"href":"https:\/\/e.kosmolat.eu\/lv\/wp-json\/wp\/v2\/product_cat?post=35680"},{"taxonomy":"product_tag","embeddable":true,"href":"https:\/\/e.kosmolat.eu\/lv\/wp-json\/wp\/v2\/product_tag?post=35680"}],"curies":[{"name":"wp","href":"https:\/\/api.w.org\/{rel}","templated":true}]}}