{"id":35672,"date":"2023-12-22T17:26:10","date_gmt":"2023-12-22T17:26:10","guid":{"rendered":"https:\/\/e.kosmolat.eu\/product\/ns-men-super-atsvaidzinosa-dusas-zeleja-white-bear-250-ml\/"},"modified":"2025-09-19T20:32:39","modified_gmt":"2025-09-19T20:32:39","slug":"ns-men-super-atsvaidzinosa-dusas-zeleja-white-bear-250-ml","status":"publish","type":"product","link":"https:\/\/e.kosmolat.eu\/lv\/product\/ns-men-super-atsvaidzinosa-dusas-zeleja-white-bear-250-ml\/","title":{"rendered":"NS Men Super atsvaidzino\u0161a du\u0161as \u017eeleja White Bear, 250 ml"},"content":{"rendered":"<p>S\u0101ciet savu dienu ar m\u016bsu super atsvaidzino\u0161u du\u0161as \u017eeleju, kas ir bag\u0101tin\u0101ta ar savva\u013cas Sib\u012brijas augiem, Jakutijas koka sk\u0101ben\u0113m, savva\u013cas kazen\u0113m, organisko gur\u0137u m\u0113tru, C vitam\u012bnu un 100% taur\u012bnu. Tas pie\u0161\u0137ir ener\u0123ijas l\u0101di\u0146u visas dienas garum\u0101, nov\u0113r\u0161 miega tr\u016bkuma izpausmes, mitrina un toniz\u0113 \u0101du. Nor\u0101d\u012bjumi: Uzkl\u0101jiet nelielu \u017eelejas daudzumu uz mitr\u0101s \u0101das, izmantojot s\u016bkli. P\u0113c tam noskalojiet.\n<\/p>\n<\/p>\n<p><\/p>\n","protected":false},"excerpt":{"rendered":"<p>S\u0101ciet savu dienu ar m\u016bsu super atsvaidzino\u0161u du\u0161as \u017eeleju, kas ir bag\u0101tin\u0101ta ar savva\u013cas Sib\u012brijas augiem, Jakutijas koka sk\u0101ben\u0113m, savva\u013cas kazen\u0113m, organisko gur\u0137u m\u0113tru, C vitam\u012bnu un 100% taur\u012bnu. Tas pie\u0161\u0137ir ener\u0123ijas l\u0101di\u0146u visas dienas garum\u0101, nov\u0113r\u0161 miega tr\u016bkuma izpausmes, mitrina un toniz\u0113 \u0101du. Nor\u0101d\u012bjumi: Uzkl\u0101jiet nelielu \u017eelejas daudzumu uz mitr\u0101s \u0101das, izmantojot s\u016bkli. P\u0113c [&#8230;]\n","protected":false},"featured_media":84070,"template":"","meta":[],"product_cat":[1689],"product_tag":[],"class_list":{"0":"post-35672","1":"product","2":"type-product","3":"status-publish","4":"has-post-thumbnail","6":"product_brand-siberica_ee","7":"product_cat-dusas-zelejas","9":"first","10":"outofstock","11":"taxable","12":"shipping-taxable","13":"product-type-simple"},"_links":{"self":[{"href":"https:\/\/e.kosmolat.eu\/lv\/wp-json\/wp\/v2\/product\/35672","targetHints":{"allow":["GET"]}}],"collection":[{"href":"https:\/\/e.kosmolat.eu\/lv\/wp-json\/wp\/v2\/product"}],"about":[{"href":"https:\/\/e.kosmolat.eu\/lv\/wp-json\/wp\/v2\/types\/product"}],"wp:featuredmedia":[{"embeddable":true,"href":"https:\/\/e.kosmolat.eu\/lv\/wp-json\/wp\/v2\/media\/84070"}],"wp:attachment":[{"href":"https:\/\/e.kosmolat.eu\/lv\/wp-json\/wp\/v2\/media?parent=35672"}],"wp:term":[{"taxonomy":"product_cat","embeddable":true,"href":"https:\/\/e.kosmolat.eu\/lv\/wp-json\/wp\/v2\/product_cat?post=35672"},{"taxonomy":"product_tag","embeddable":true,"href":"https:\/\/e.kosmolat.eu\/lv\/wp-json\/wp\/v2\/product_tag?post=35672"}],"curies":[{"name":"wp","href":"https:\/\/api.w.org\/{rel}","templated":true}]}}