{"id":35648,"date":"2023-12-22T17:24:28","date_gmt":"2023-12-22T17:24:28","guid":{"rendered":"https:\/\/e.kosmolat.eu\/product\/oblepikha-c-berrica-tonizejoss-izgaisimojoss-krems-fluids-sejai-50-ml\/"},"modified":"2026-03-31T20:08:09","modified_gmt":"2026-03-31T20:08:09","slug":"oblepikha-c-berrica-tonizejoss-izgaisimojoss-krems-fluids-sejai-50-ml","status":"publish","type":"product","link":"https:\/\/e.kosmolat.eu\/lv\/product\/oblepikha-c-berrica-tonizejoss-izgaisimojoss-krems-fluids-sejai-50-ml\/","title":{"rendered":"OBLEPIKHA C-BERRICA. Toniz\u0113jo\u0161s izgaisimojo\u0161s kr\u0113ms-flu\u012bds sejai, 50 ml"},"content":{"rendered":"<p>Altaja smilts\u0113rk\u0161\u0137is gadsimtiem ilgi tiek izmantots skaistumkop\u0161anas proced\u016br\u0101s. \u0160\u012b apbr\u012bnojam\u0101 Sib\u012brijas oga ir bag\u0101ts dab\u012bga C vitam\u012bna avots. Organisk\u0101 Altaja smilts\u0113rk\u0161\u0137u e\u013c\u013ca mitrina \u0101du un veicina kolag\u0113na veido\u0161anos, kas ir nepiecie\u0161ams \u0101das jaun\u012bbai. C vitam\u012bns pal\u012bdz uzlabot j\u016bsu \u0101das dabisko aizsardz\u012bbas sist\u0113mu, pa\u0101trina atjauno\u0161anas procesu. Vitam\u012bns B5 ir dab\u012bgs mitrin\u0101t\u0101js; tas nogludina, m\u012bkstina un \u0101da izskat\u0101s labi. Hialuronsk\u0101be pal\u012bdz notur\u0113t \u016bdeni j\u016bsu \u0101d\u0101, saglab\u0101 to mitrin\u0101tu un stingru. \u0160is kr\u0113ms pie\u0161\u0137ir j\u016bsu \u0101dai ener\u0123iju uz visu dienu! Tas aizsarg\u0101 \u0101du no \u0101r\u0113j\u0101s vides ietekmes, nodro\u0161ina svaigumu un gludumu. Lieto\u0161ana: Uzkl\u0101jiet nelielu daudzumu, lai not\u012br\u012btu sausu \u0101du.<\/p>\n","protected":false},"excerpt":{"rendered":"<p>Altaja smilts\u0113rk\u0161\u0137is gadsimtiem ilgi tiek izmantots skaistumkop\u0161anas proced\u016br\u0101s. \u0160\u012b apbr\u012bnojam\u0101 Sib\u012brijas oga ir bag\u0101ts dab\u012bga C vitam\u012bna avots. Organisk\u0101 Altaja smilts\u0113rk\u0161\u0137u e\u013c\u013ca mitrina \u0101du un veicina kolag\u0113na veido\u0161anos, kas ir nepiecie\u0161ams \u0101das jaun\u012bbai. C vitam\u012bns pal\u012bdz uzlabot j\u016bsu \u0101das dabisko aizsardz\u012bbas sist\u0113mu, pa\u0101trina atjauno\u0161anas procesu. Vitam\u012bns B5 ir dab\u012bgs mitrin\u0101t\u0101js; tas nogludina, m\u012bkstina un \u0101da [&#8230;]\n","protected":false},"featured_media":84442,"template":"","meta":[],"product_cat":[1320],"product_tag":[],"class_list":{"0":"post-35648","1":"product","2":"type-product","3":"status-publish","4":"has-post-thumbnail","6":"product_brand-siberica_ee","7":"product_cat-sejas-kremi","9":"first","10":"outofstock","11":"taxable","12":"shipping-taxable","13":"product-type-simple"},"_links":{"self":[{"href":"https:\/\/e.kosmolat.eu\/lv\/wp-json\/wp\/v2\/product\/35648","targetHints":{"allow":["GET"]}}],"collection":[{"href":"https:\/\/e.kosmolat.eu\/lv\/wp-json\/wp\/v2\/product"}],"about":[{"href":"https:\/\/e.kosmolat.eu\/lv\/wp-json\/wp\/v2\/types\/product"}],"wp:featuredmedia":[{"embeddable":true,"href":"https:\/\/e.kosmolat.eu\/lv\/wp-json\/wp\/v2\/media\/84442"}],"wp:attachment":[{"href":"https:\/\/e.kosmolat.eu\/lv\/wp-json\/wp\/v2\/media?parent=35648"}],"wp:term":[{"taxonomy":"product_cat","embeddable":true,"href":"https:\/\/e.kosmolat.eu\/lv\/wp-json\/wp\/v2\/product_cat?post=35648"},{"taxonomy":"product_tag","embeddable":true,"href":"https:\/\/e.kosmolat.eu\/lv\/wp-json\/wp\/v2\/product_tag?post=35648"}],"curies":[{"name":"wp","href":"https:\/\/api.w.org\/{rel}","templated":true}]}}