{"id":35608,"date":"2023-12-22T17:21:26","date_gmt":"2023-12-22T17:21:26","guid":{"rendered":"https:\/\/e.kosmolat.eu\/product\/oblepikha-c-berrica-attirosa-putojosa-zeleja-sejas-mazgasanai-145-ml\/"},"modified":"2025-09-19T20:26:13","modified_gmt":"2025-09-19T20:26:13","slug":"oblepikha-c-berrica-attirosa-putojosa-zeleja-sejas-mazgasanai-145-ml","status":"publish","type":"product","link":"https:\/\/e.kosmolat.eu\/lv\/product\/oblepikha-c-berrica-attirosa-putojosa-zeleja-sejas-mazgasanai-145-ml\/","title":{"rendered":"OBLEPIKHA C-BERRICA. Att\u012bro\u0161a putojo\u0161a \u017eeleja sejas mazg\u0101\u0161anai , 145 ml"},"content":{"rendered":"<p>\u0160\u012b \u017eeleja ir ide\u0101li piem\u0113rota ikdienas lieto\u0161anai! Tas maigi att\u012bra \u0101du un rada svaiguma saj\u016btu. Organiskais Altajas smilts\u0113rk\u0161\u0137u hidrol\u0101ts veicina \u0101das visp\u0101r\u0113j\u0101 st\u0101vok\u013ca uzlabo\u0161anos, palielina \u0101das  elast\u012bbu un pie\u0161\u0137ir mitrumu. C vitam\u012bns pal\u012bdz uzlabot j\u016bsu \u0101das dabisko aizsardz\u012bbas sist\u0113mu, pa\u0101trina \u0101das atjauno\u0161anas procesu. AHA sk\u0101bes uzlabo \u0101das tekst\u016bru, toniz\u0113 \u0101du un padara to gai\u0161\u0101ku.\n<\/p>\n<p>Lieto\u0161ana: iemas\u0113jiet mitr\u0101 \u0101d\u0101, l\u012bdz veidojas gais\u012bgas putas. Noskalojiet ar siltu \u016bdeni.<\/p>\n","protected":false},"excerpt":{"rendered":"<p>\u0160\u012b \u017eeleja ir ide\u0101li piem\u0113rota ikdienas lieto\u0161anai! Tas maigi att\u012bra \u0101du un rada svaiguma saj\u016btu. Organiskais Altajas smilts\u0113rk\u0161\u0137u hidrol\u0101ts veicina \u0101das visp\u0101r\u0113j\u0101 st\u0101vok\u013ca uzlabo\u0161anos, palielina \u0101das elast\u012bbu un pie\u0161\u0137ir mitrumu. C vitam\u012bns pal\u012bdz uzlabot j\u016bsu \u0101das dabisko aizsardz\u012bbas sist\u0113mu, pa\u0101trina \u0101das atjauno\u0161anas procesu. AHA sk\u0101bes uzlabo \u0101das tekst\u016bru, toniz\u0113 \u0101du un padara to gai\u0161\u0101ku. Lieto\u0161ana: [&#8230;]\n","protected":false},"featured_media":83950,"template":"","meta":[],"product_cat":[1575],"product_tag":[],"class_list":{"0":"post-35608","1":"product","2":"type-product","3":"status-publish","4":"has-post-thumbnail","6":"product_brand-siberica_ee","7":"product_cat-zelejas","9":"first","10":"outofstock","11":"taxable","12":"shipping-taxable","13":"product-type-simple"},"_links":{"self":[{"href":"https:\/\/e.kosmolat.eu\/lv\/wp-json\/wp\/v2\/product\/35608","targetHints":{"allow":["GET"]}}],"collection":[{"href":"https:\/\/e.kosmolat.eu\/lv\/wp-json\/wp\/v2\/product"}],"about":[{"href":"https:\/\/e.kosmolat.eu\/lv\/wp-json\/wp\/v2\/types\/product"}],"wp:featuredmedia":[{"embeddable":true,"href":"https:\/\/e.kosmolat.eu\/lv\/wp-json\/wp\/v2\/media\/83950"}],"wp:attachment":[{"href":"https:\/\/e.kosmolat.eu\/lv\/wp-json\/wp\/v2\/media?parent=35608"}],"wp:term":[{"taxonomy":"product_cat","embeddable":true,"href":"https:\/\/e.kosmolat.eu\/lv\/wp-json\/wp\/v2\/product_cat?post=35608"},{"taxonomy":"product_tag","embeddable":true,"href":"https:\/\/e.kosmolat.eu\/lv\/wp-json\/wp\/v2\/product_tag?post=35608"}],"curies":[{"name":"wp","href":"https:\/\/api.w.org\/{rel}","templated":true}]}}