{"id":35596,"date":"2023-12-22T17:20:11","date_gmt":"2023-12-22T17:20:11","guid":{"rendered":"https:\/\/e.kosmolat.eu\/product\/bereza-siberica-atjaunojosa-un-nomierinosa-sejas-maska-zeleja-100-ml\/"},"modified":"2025-09-19T20:24:40","modified_gmt":"2025-09-19T20:24:40","slug":"bereza-siberica-atjaunojosa-un-nomierinosa-sejas-maska-zeleja-100-ml","status":"publish","type":"product","link":"https:\/\/e.kosmolat.eu\/lv\/product\/bereza-siberica-atjaunojosa-un-nomierinosa-sejas-maska-zeleja-100-ml\/","title":{"rendered":"Bereza Siberica Atjaunojo\u0161a un nomierino\u0161a sejas maska-\u017eeleja, 100 ml"},"content":{"rendered":"<p>Bereza Siberica Professional Atjaunojo\u0161a un nomierino\u0161a sejas maska-\u017eeleja\n<\/p>\n<p>Taukainai un uz akne tend\u0113tai \u0101dai. \u0160\u012b efekt\u012bv\u0101 maska ir lab\u0101kais veids, kairin\u0101tas, p\u016bt\u012b\u0161u un aps\u0101rtumam pak\u013cautas \u0101das kop\u0161anai. T\u0101 pal\u012bdz atjaunot un nomierin\u0101t \u0101du un samazin\u0101t kairin\u0101jumu, vienlaic\u012bgi uzlabojot sejas \u0101du. Balt\u0101 Pol\u0101r\u0101 Ber\u00ebza (b\u0113rzs) &#8211; ir \u013coti bag\u0101ts ar betul\u012bnu, kas ir paz\u012bstams ar sp\u0113c\u012bgu pretiekaisuma, nomierino\u0161u, aps\u0101rtumu nov\u0113rso\u0161\u0101m un antioksidantu \u012bpa\u0161\u012bb\u0101m, pal\u012bdz nov\u0113rst pinnes p\u0101rm\u0113r\u012bgi nesausinot \u0101du. Hialuronsk\u0101be + B5-sp\u0113c\u012bgs savienojums \u0101das mitrin\u0101\u0161anai. E vitam\u012bns-antioksidants, kas nodro\u0161ina lielisku atjaunojo\u0161u efektu, pal\u012bdz samazin\u0101t priek\u0161laic\u012bgas noveco\u0161anas paz\u012bmes. Lieto\u0161ana: uzkl\u0101jiet vienm\u0113r\u012bgu sl\u0101ni uz t\u012bras un sausas \u0101das, izvairoties no acu zonas un atst\u0101jiet to uz 10-15 min\u016bt\u0113m. Noskalojiet ar siltu \u016bdeni.<\/p>\n","protected":false},"excerpt":{"rendered":"<p>Bereza Siberica Professional Atjaunojo\u0161a un nomierino\u0161a sejas maska-\u017eeleja Taukainai un uz akne tend\u0113tai \u0101dai. \u0160\u012b efekt\u012bv\u0101 maska ir lab\u0101kais veids, kairin\u0101tas, p\u016bt\u012b\u0161u un aps\u0101rtumam pak\u013cautas \u0101das kop\u0161anai. T\u0101 pal\u012bdz atjaunot un nomierin\u0101t \u0101du un samazin\u0101t kairin\u0101jumu, vienlaic\u012bgi uzlabojot sejas \u0101du. Balt\u0101 Pol\u0101r\u0101 Ber\u00ebza (b\u0113rzs) &#8211; ir \u013coti bag\u0101ts ar betul\u012bnu, kas ir paz\u012bstams ar sp\u0113c\u012bgu [&#8230;]\n","protected":false},"featured_media":83926,"template":"","meta":[],"product_cat":[1367],"product_tag":[],"class_list":{"0":"post-35596","1":"product","2":"type-product","3":"status-publish","4":"has-post-thumbnail","6":"product_brand-siberica_ee","7":"product_cat-sejas-maskas","9":"first","10":"outofstock","11":"taxable","12":"shipping-taxable","13":"product-type-simple"},"_links":{"self":[{"href":"https:\/\/e.kosmolat.eu\/lv\/wp-json\/wp\/v2\/product\/35596","targetHints":{"allow":["GET"]}}],"collection":[{"href":"https:\/\/e.kosmolat.eu\/lv\/wp-json\/wp\/v2\/product"}],"about":[{"href":"https:\/\/e.kosmolat.eu\/lv\/wp-json\/wp\/v2\/types\/product"}],"wp:featuredmedia":[{"embeddable":true,"href":"https:\/\/e.kosmolat.eu\/lv\/wp-json\/wp\/v2\/media\/83926"}],"wp:attachment":[{"href":"https:\/\/e.kosmolat.eu\/lv\/wp-json\/wp\/v2\/media?parent=35596"}],"wp:term":[{"taxonomy":"product_cat","embeddable":true,"href":"https:\/\/e.kosmolat.eu\/lv\/wp-json\/wp\/v2\/product_cat?post=35596"},{"taxonomy":"product_tag","embeddable":true,"href":"https:\/\/e.kosmolat.eu\/lv\/wp-json\/wp\/v2\/product_tag?post=35596"}],"curies":[{"name":"wp","href":"https:\/\/api.w.org\/{rel}","templated":true}]}}