{"id":35576,"date":"2023-12-22T17:18:38","date_gmt":"2023-12-22T17:18:38","guid":{"rendered":"https:\/\/e.kosmolat.eu\/product\/mister-x-antiperspirants-ekstra-svaigums-50-g\/"},"modified":"2025-09-19T20:22:20","modified_gmt":"2025-09-19T20:22:20","slug":"mister-x-antiperspirants-ekstra-svaigums-50-g","status":"publish","type":"product","link":"https:\/\/e.kosmolat.eu\/lv\/product\/mister-x-antiperspirants-ekstra-svaigums-50-g\/","title":{"rendered":"Mister X Antiperspirants Ekstra svaigums, 50 g"},"content":{"rendered":"<p>Antiperspirants nodro&scaron;ina aizsardz\u012bbu pret sviedriem, sniedz t\u012br\u012bbas un svaiguma saj\u016btu l\u012bdz pa&scaron;am vakaram, nov\u0113r&scaron;ot nepat\u012bkamu smar\u017eu l\u012bdz pat 24 h. Neatst\u0101j traipus uz balta un melna ap\u0123\u0113rba. Nesatur alkoholu.<\/p>\n<p><strong>Lieto&scaron;ana:<\/strong> uzkl\u0101t uz t\u012bras sausas \u0101das un \u013caut iz\u017e\u016bt. Neuzkl\u0101t uz kairin\u0101tas vai boj\u0101tas \u0101das.&nbsp;<\/p>\n<p>Uzglab\u0101t temperat\u016br\u0101 no +5 &deg;C l\u012bdz +25 &deg;C.&nbsp;<br \/>\n&nbsp;<\/p>\n","protected":false},"excerpt":{"rendered":"<p>Antiperspirants nodro&scaron;ina aizsardz\u012bbu pret sviedriem, sniedz t\u012br\u012bbas un svaiguma saj\u016btu l\u012bdz pa&scaron;am vakaram, nov\u0113r&scaron;ot nepat\u012bkamu smar\u017eu l\u012bdz pat 24 h. Neatst\u0101j traipus uz balta un melna ap\u0123\u0113rba. Nesatur alkoholu. Lieto&scaron;ana: uzkl\u0101t uz t\u012bras sausas \u0101das un \u013caut iz\u017e\u016bt. Neuzkl\u0101t uz kairin\u0101tas vai boj\u0101tas \u0101das.&nbsp; Uzglab\u0101t temperat\u016br\u0101 no +5 &deg;C l\u012bdz +25 &deg;C.&nbsp; &nbsp;<\/p>\n","protected":false},"featured_media":83882,"template":"","meta":[],"product_cat":[1450],"product_tag":[],"class_list":{"0":"post-35576","1":"product","2":"type-product","3":"status-publish","4":"has-post-thumbnail","6":"product_brand-belgates_by","7":"product_cat-dezodorantai-vyrams","9":"first","10":"outofstock","11":"taxable","12":"shipping-taxable","13":"product-type-simple"},"_links":{"self":[{"href":"https:\/\/e.kosmolat.eu\/lv\/wp-json\/wp\/v2\/product\/35576","targetHints":{"allow":["GET"]}}],"collection":[{"href":"https:\/\/e.kosmolat.eu\/lv\/wp-json\/wp\/v2\/product"}],"about":[{"href":"https:\/\/e.kosmolat.eu\/lv\/wp-json\/wp\/v2\/types\/product"}],"wp:featuredmedia":[{"embeddable":true,"href":"https:\/\/e.kosmolat.eu\/lv\/wp-json\/wp\/v2\/media\/83882"}],"wp:attachment":[{"href":"https:\/\/e.kosmolat.eu\/lv\/wp-json\/wp\/v2\/media?parent=35576"}],"wp:term":[{"taxonomy":"product_cat","embeddable":true,"href":"https:\/\/e.kosmolat.eu\/lv\/wp-json\/wp\/v2\/product_cat?post=35576"},{"taxonomy":"product_tag","embeddable":true,"href":"https:\/\/e.kosmolat.eu\/lv\/wp-json\/wp\/v2\/product_tag?post=35576"}],"curies":[{"name":"wp","href":"https:\/\/api.w.org\/{rel}","templated":true}]}}