{"id":35540,"date":"2023-12-22T17:16:07","date_gmt":"2023-12-22T17:16:07","guid":{"rendered":"https:\/\/e.kosmolat.eu\/product\/nektar-skidras-ziepes-7-zalaugi-doy-pack\/"},"modified":"2025-09-19T20:09:24","modified_gmt":"2025-09-19T20:09:24","slug":"i_nektar-skidras-ziepes-7-zalaugi-doy-pack-500-ml","status":"publish","type":"product","link":"https:\/\/e.kosmolat.eu\/lv\/product\/i_nektar-skidras-ziepes-7-zalaugi-doy-pack-500-ml\/","title":{"rendered":"I_Nektar \u0160\u0137idr\u0101s ziepes 7 z\u0101laugi, doy-pack, 500 ml"},"content":{"rendered":"<p>&Scaron;\u0137idr\u0101s ziepes ar maigu arom\u0101tu saudz\u012bgi att\u012bra \u0101du, padara to skaistu un tvirtu, pie&scaron;\u0137ir t\u012br\u012bbas saj\u016btu. Satur 7 z\u0101\u013cu v\u0113rt\u012bgu ekstraktu kompleksu (kli\u0146\u0123er\u012bte, n\u0101tre, priede, t\u012bruma kosa, sun\u012btis, salvija, eikalipts).&nbsp;<\/p>\n<p><strong>Lieto&scaron;ana:<\/strong> ieliet flakon\u0101 ar dozatoru, izspiest da\u017eus ziepju pilienus uz \u0101das, saputot, tad nomazg\u0101t ar \u016bdeni.&nbsp;<\/p>\n<p><strong>Piesardz\u012bbas pas\u0101kumi:<\/strong> lietot p\u0113c nor\u0101d\u012bjuma. Uzglab\u0101t b\u0113rniem nepieejam\u0101 viet\u0101. Uzglab\u0101t temperat\u016br\u0101 no +5 l\u012bdz +25\u0421 relat\u012bvaj\u0101 gaisa mitrum\u0101 l\u012bdz 80%.<br \/>\n&nbsp;<\/p>\n","protected":false},"excerpt":{"rendered":"<p>&Scaron;\u0137idr\u0101s ziepes ar maigu arom\u0101tu saudz\u012bgi att\u012bra \u0101du, padara to skaistu un tvirtu, pie&scaron;\u0137ir t\u012br\u012bbas saj\u016btu. Satur 7 z\u0101\u013cu v\u0113rt\u012bgu ekstraktu kompleksu (kli\u0146\u0123er\u012bte, n\u0101tre, priede, t\u012bruma kosa, sun\u012btis, salvija, eikalipts).&nbsp; Lieto&scaron;ana: ieliet flakon\u0101 ar dozatoru, izspiest da\u017eus ziepju pilienus uz \u0101das, saputot, tad nomazg\u0101t ar \u016bdeni.&nbsp; Piesardz\u012bbas pas\u0101kumi: lietot p\u0113c nor\u0101d\u012bjuma. Uzglab\u0101t b\u0113rniem nepieejam\u0101 viet\u0101. [&#8230;]\n","protected":false},"featured_media":83662,"template":"","meta":[],"product_cat":[1607],"product_tag":[],"class_list":{"0":"post-35540","1":"product","2":"type-product","3":"status-publish","4":"has-post-thumbnail","6":"product_brand-aqua-cosmetics_ua","7":"product_cat-ziepes","9":"first","10":"outofstock","11":"taxable","12":"shipping-taxable","13":"product-type-simple"},"_links":{"self":[{"href":"https:\/\/e.kosmolat.eu\/lv\/wp-json\/wp\/v2\/product\/35540","targetHints":{"allow":["GET"]}}],"collection":[{"href":"https:\/\/e.kosmolat.eu\/lv\/wp-json\/wp\/v2\/product"}],"about":[{"href":"https:\/\/e.kosmolat.eu\/lv\/wp-json\/wp\/v2\/types\/product"}],"wp:featuredmedia":[{"embeddable":true,"href":"https:\/\/e.kosmolat.eu\/lv\/wp-json\/wp\/v2\/media\/83662"}],"wp:attachment":[{"href":"https:\/\/e.kosmolat.eu\/lv\/wp-json\/wp\/v2\/media?parent=35540"}],"wp:term":[{"taxonomy":"product_cat","embeddable":true,"href":"https:\/\/e.kosmolat.eu\/lv\/wp-json\/wp\/v2\/product_cat?post=35540"},{"taxonomy":"product_tag","embeddable":true,"href":"https:\/\/e.kosmolat.eu\/lv\/wp-json\/wp\/v2\/product_tag?post=35540"}],"curies":[{"name":"wp","href":"https:\/\/api.w.org\/{rel}","templated":true}]}}