{"id":35536,"date":"2023-12-22T17:15:51","date_gmt":"2023-12-22T17:15:51","guid":{"rendered":"https:\/\/e.kosmolat.eu\/product\/nektar-skidras-ziepes-medus-un-piens-doy-pack\/"},"modified":"2026-04-23T12:42:03","modified_gmt":"2026-04-23T12:42:03","slug":"nektar-skidras-ziepes-medus-un-piens-doy-pack-500-ml","status":"publish","type":"product","link":"https:\/\/e.kosmolat.eu\/lv\/product\/nektar-skidras-ziepes-medus-un-piens-doy-pack-500-ml\/","title":{"rendered":"Nektar \u0160\u0137idr\u0101s ziepes Medus un piens, doy-pack, 500 ml"},"content":{"rendered":"<p>&Scaron;\u0137idr\u0101s ziepes ar pat\u012bkamu, apv\u0101kojo&scaron;u medus un piena arom\u0101tu, saudz\u012bgi att\u012bra \u0101du, padarot to skaistu un tvirtu. Sniedz t\u012br\u012bbas saj\u016btu.<\/p>\n<p><strong>Lieto&scaron;ana:<\/strong> ieliet ziepju dozator\u0101, izspiest da\u017eus ziepju pilienus uz \u0101das, saputot, tad nomazg\u0101t ar \u016bdeni.<\/p>\n<p><strong>Piesardz\u012bbas pas\u0101kumi:<\/strong> lietot p\u0113c nor\u0101d\u012bjuma.<\/p>\n<p>Uzglab\u0101t b\u0113rniem nepieejam\u0101 viet\u0101. Uzglab\u0101t temperat\u016br\u0101 no +5 &deg;\u0421&nbsp;l\u012bdz +25 &deg;\u0421, relat\u012bvaj\u0101 gaisa mitrum\u0101 ne augst\u0101k\u0101 par 80%.&nbsp;<\/p>\n","protected":false},"excerpt":{"rendered":"<p>&Scaron;\u0137idr\u0101s ziepes ar pat\u012bkamu, apv\u0101kojo&scaron;u medus un piena arom\u0101tu, saudz\u012bgi att\u012bra \u0101du, padarot to skaistu un tvirtu. Sniedz t\u012br\u012bbas saj\u016btu. Lieto&scaron;ana: ieliet ziepju dozator\u0101, izspiest da\u017eus ziepju pilienus uz \u0101das, saputot, tad nomazg\u0101t ar \u016bdeni. Piesardz\u012bbas pas\u0101kumi: lietot p\u0113c nor\u0101d\u012bjuma. Uzglab\u0101t b\u0113rniem nepieejam\u0101 viet\u0101. Uzglab\u0101t temperat\u016br\u0101 no +5 &deg;\u0421&nbsp;l\u012bdz +25 &deg;\u0421, relat\u012bvaj\u0101 gaisa mitrum\u0101 ne [&#8230;]\n","protected":false},"featured_media":83658,"template":"","meta":[],"product_cat":[1607],"product_tag":[],"class_list":{"0":"post-35536","1":"product","2":"type-product","3":"status-publish","4":"has-post-thumbnail","6":"product_brand-aqua-cosmetics_ua","7":"product_cat-ziepes","9":"first","10":"instock","11":"taxable","12":"shipping-taxable","13":"product-type-simple"},"_links":{"self":[{"href":"https:\/\/e.kosmolat.eu\/lv\/wp-json\/wp\/v2\/product\/35536","targetHints":{"allow":["GET"]}}],"collection":[{"href":"https:\/\/e.kosmolat.eu\/lv\/wp-json\/wp\/v2\/product"}],"about":[{"href":"https:\/\/e.kosmolat.eu\/lv\/wp-json\/wp\/v2\/types\/product"}],"wp:featuredmedia":[{"embeddable":true,"href":"https:\/\/e.kosmolat.eu\/lv\/wp-json\/wp\/v2\/media\/83658"}],"wp:attachment":[{"href":"https:\/\/e.kosmolat.eu\/lv\/wp-json\/wp\/v2\/media?parent=35536"}],"wp:term":[{"taxonomy":"product_cat","embeddable":true,"href":"https:\/\/e.kosmolat.eu\/lv\/wp-json\/wp\/v2\/product_cat?post=35536"},{"taxonomy":"product_tag","embeddable":true,"href":"https:\/\/e.kosmolat.eu\/lv\/wp-json\/wp\/v2\/product_tag?post=35536"}],"curies":[{"name":"wp","href":"https:\/\/api.w.org\/{rel}","templated":true}]}}