{"id":35440,"date":"2023-12-22T17:00:24","date_gmt":"2023-12-22T17:00:24","guid":{"rendered":"https:\/\/e.kosmolat.eu\/product\/i_ekonomsmart-vienreizejas-barjersalvetes-masku-izgatavosanai-50-gab\/"},"modified":"2025-09-19T19:45:38","modified_gmt":"2025-09-19T19:45:38","slug":"i_ekonomsmart-vienreizejas-barjersalvetes-masku-izgatavosanai-50-gab","status":"publish","type":"product","link":"https:\/\/e.kosmolat.eu\/lv\/product\/i_ekonomsmart-vienreizejas-barjersalvetes-masku-izgatavosanai-50-gab\/","title":{"rendered":"I_&#8221;EKONOMsmart&#8221; Vienreiz\u0113j\u0101s barjersalvetes masku izgatavo\u0161anai, 50 gab."},"content":{"rendered":"<\/p>\n","protected":false},"excerpt":{"rendered":"","protected":false},"featured_media":83158,"template":"","meta":[],"product_cat":[1806],"product_tag":[],"class_list":{"0":"post-35440","1":"product","2":"type-product","3":"status-publish","4":"has-post-thumbnail","6":"product_brand-malina-akcija","7":"product_cat-mitras-salvetes-un-kabataslakatini","9":"first","10":"outofstock","11":"taxable","12":"shipping-taxable","13":"product-type-simple"},"_links":{"self":[{"href":"https:\/\/e.kosmolat.eu\/lv\/wp-json\/wp\/v2\/product\/35440","targetHints":{"allow":["GET"]}}],"collection":[{"href":"https:\/\/e.kosmolat.eu\/lv\/wp-json\/wp\/v2\/product"}],"about":[{"href":"https:\/\/e.kosmolat.eu\/lv\/wp-json\/wp\/v2\/types\/product"}],"wp:featuredmedia":[{"embeddable":true,"href":"https:\/\/e.kosmolat.eu\/lv\/wp-json\/wp\/v2\/media\/83158"}],"wp:attachment":[{"href":"https:\/\/e.kosmolat.eu\/lv\/wp-json\/wp\/v2\/media?parent=35440"}],"wp:term":[{"taxonomy":"product_cat","embeddable":true,"href":"https:\/\/e.kosmolat.eu\/lv\/wp-json\/wp\/v2\/product_cat?post=35440"},{"taxonomy":"product_tag","embeddable":true,"href":"https:\/\/e.kosmolat.eu\/lv\/wp-json\/wp\/v2\/product_tag?post=35440"}],"curies":[{"name":"wp","href":"https:\/\/api.w.org\/{rel}","templated":true}]}}