{"id":35436,"date":"2023-12-22T16:59:55","date_gmt":"2023-12-22T16:59:55","guid":{"rendered":"https:\/\/e.kosmolat.eu\/product\/ekonom-smart-mitras-salvetes-antibakterialas-100-gab\/"},"modified":"2025-09-19T19:48:53","modified_gmt":"2025-09-19T19:48:53","slug":"ekonom-smart-mitras-salvetes-antibakterialas-100-gab","status":"publish","type":"product","link":"https:\/\/e.kosmolat.eu\/lv\/product\/ekonom-smart-mitras-salvetes-antibakterialas-100-gab\/","title":{"rendered":"&#8220;Ekonom smart&#8221; Mitr\u0101s salvetes antibakteri\u0101l\u0101s, 100 gab."},"content":{"rendered":"<p>Nesatur spirtu. Piem\u0113rotas visiem \u0101das tipiem. Efekt\u012bvi un saudz\u012bgi att\u012bra roku \u0101du, atst\u0101jot ilgsto\u0161u svaiguma un komfora saj\u016btu m\u0101j\u0101s, pastaig\u0101 vai ciemos. Piemerotas visai \u0123imenei.<\/p>\n","protected":false},"excerpt":{"rendered":"<p>Nesatur spirtu. Piem\u0113rotas visiem \u0101das tipiem. Efekt\u012bvi un saudz\u012bgi att\u012bra roku \u0101du, atst\u0101jot ilgsto\u0161u svaiguma un komfora saj\u016btu m\u0101j\u0101s, pastaig\u0101 vai ciemos. Piemerotas visai \u0123imenei.<\/p>\n","protected":false},"featured_media":83218,"template":"","meta":[],"product_cat":[1806],"product_tag":[],"class_list":{"0":"post-35436","1":"product","2":"type-product","3":"status-publish","4":"has-post-thumbnail","6":"product_brand-malina-akcija","7":"product_cat-mitras-salvetes-un-kabataslakatini","9":"first","10":"outofstock","11":"taxable","12":"shipping-taxable","13":"product-type-simple"},"_links":{"self":[{"href":"https:\/\/e.kosmolat.eu\/lv\/wp-json\/wp\/v2\/product\/35436","targetHints":{"allow":["GET"]}}],"collection":[{"href":"https:\/\/e.kosmolat.eu\/lv\/wp-json\/wp\/v2\/product"}],"about":[{"href":"https:\/\/e.kosmolat.eu\/lv\/wp-json\/wp\/v2\/types\/product"}],"wp:featuredmedia":[{"embeddable":true,"href":"https:\/\/e.kosmolat.eu\/lv\/wp-json\/wp\/v2\/media\/83218"}],"wp:attachment":[{"href":"https:\/\/e.kosmolat.eu\/lv\/wp-json\/wp\/v2\/media?parent=35436"}],"wp:term":[{"taxonomy":"product_cat","embeddable":true,"href":"https:\/\/e.kosmolat.eu\/lv\/wp-json\/wp\/v2\/product_cat?post=35436"},{"taxonomy":"product_tag","embeddable":true,"href":"https:\/\/e.kosmolat.eu\/lv\/wp-json\/wp\/v2\/product_tag?post=35436"}],"curies":[{"name":"wp","href":"https:\/\/api.w.org\/{rel}","templated":true}]}}