{"id":35432,"date":"2023-12-22T16:59:25","date_gmt":"2023-12-22T16:59:25","guid":{"rendered":"https:\/\/e.kosmolat.eu\/product\/skinlite-gold-folija-acu-patci-10-gb\/"},"modified":"2026-03-31T20:02:07","modified_gmt":"2026-03-31T20:02:07","slug":"skinlite-gold-folija-acu-patci-10-gb","status":"publish","type":"product","link":"https:\/\/e.kosmolat.eu\/lv\/product\/skinlite-gold-folija-acu-patci-10-gb\/","title":{"rendered":"SKINLITE GOLD Folija acu pat\u010di, 10 gb"},"content":{"rendered":"<p>Skinlite Folija pat\u010di &laquo;Zelts&raquo;&nbsp;Folija pat\u010di &ldquo;Zelts&rdquo; &ndash; t\u0101 ir grezna SPA-proced\u016bra m\u0101jas apst\u0101k\u013cos, kas sp\u0113j da\u017e\u0101s min\u016bt\u0113s likvid\u0113t noguruma p\u0113das un pilveidot J\u016bsu \u0101du!&nbsp;Augstas efektivit\u0101tes pat\u010di maigai \u0101dai zem ac\u012bm sniedz atjaunino&scaron;u iedarb\u012bbu, nov\u0113r&scaron; piet\u016bkumu, pie&scaron;\u0137ir \u0101das mirdzumu un padara to pievilktu, tvirtu un elast\u012bgu.&nbsp;Pat\u010du dubult\u0101 tekst\u016bra nodro&scaron;ina aizsargbarjeru mitruma uztur\u0113&scaron;anu, saglab\u0101jot siltumu, veido SPA efektu, rezult\u0101t\u0101 akt\u012bvas vielas iek\u013c\u016bst dzi\u013cos dermas sl\u0101nos, sniedzot komplekso iedarb\u012bbu, pies\u0101tinot &scaron;\u016bnas ar mitrumu un v\u0113rt\u012bgus elementus.&nbsp;Komplekss no 17 aminosk\u0101b\u0113m aizsarg\u0101 &scaron;\u016bnas, sniedz sp\u0113c\u012bgu antioksidantu iedarb\u012bbu, neitraliz\u0113 br\u012bvus radik\u0101\u013cus, sintez\u0113 kolag\u0113nu, pal\u0113nina noveco&scaron;anas procesus.&nbsp;Arbut\u012bns efekt\u012bvs pigmenta plankumu likvid\u0113&scaron;an\u0101, pateicoties melan\u012bna sint\u0113zes blo\u0137\u0113&scaron;anas \u012bpa&scaron;\u012bbai, aozsarg\u0101 pret UV stariem, paaugstina \u0101das imunit\u0101ti.&nbsp;Pantenols m\u012bkstina un atjauno \u0101du.<\/p>\n<p><strong>Lieto&scaron;ana: <\/strong>1. Att\u012br\u012bt un nosusin\u0101t seju. 2. Pielikt pat\u010dus ar auduma pusi vai uz l\u016bpu-deguna zonas, p\u0101rliecinoties, ka tie cie&scaron;i piegu\u013c pie \u0101das. 3. Atst\u0101jt pat\u010dus uz 15-20 minut\u0113m, tad no\u0146emt. 4. P\u0101rliecin\u0101ties, ka iepakojums ir cie&scaron;i aizv\u0113rts.&nbsp;<\/p>\n<p><strong>Piesardz\u012bbas pas\u0101kumi<\/strong>: izvair\u012bties no lieto&scaron;anas uz boj\u0101tas, kairin\u0101tas vai apdegu&scaron;\u0101s saul\u0113 \u0101das. Nelietot produktu, ja ir paaugstin\u0101ta jut\u012bba pret k\u0101du no sast\u0101vda\u013c\u0101m. Ja lieto&scaron;anas procesos uz \u0101das rodas aps\u0101rtums vai kairin\u0101jums, p\u0101rtraukt lieto&scaron;anu un v\u0113rsties pie \u0101rsta. Izvair\u012bties no iek\u013c\u016b&scaron;anas ac\u012bs, ja iek\u013c\u016bst ac\u012bs, izskalot ar lielu daudzumu \u016bdens. Uzglab\u0101t b\u0113rniem nepieejam\u0101 viet\u0101.&nbsp;<\/p>\n<p>&nbsp;<\/p>\n","protected":false},"excerpt":{"rendered":"<p>Skinlite Folija pat\u010di &laquo;Zelts&raquo;&nbsp;Folija pat\u010di &ldquo;Zelts&rdquo; &ndash; t\u0101 ir grezna SPA-proced\u016bra m\u0101jas apst\u0101k\u013cos, kas sp\u0113j da\u017e\u0101s min\u016bt\u0113s likvid\u0113t noguruma p\u0113das un pilveidot J\u016bsu \u0101du!&nbsp;Augstas efektivit\u0101tes pat\u010di maigai \u0101dai zem ac\u012bm sniedz atjaunino&scaron;u iedarb\u012bbu, nov\u0113r&scaron; piet\u016bkumu, pie&scaron;\u0137ir \u0101das mirdzumu un padara to pievilktu, tvirtu un elast\u012bgu.&nbsp;Pat\u010du dubult\u0101 tekst\u016bra nodro&scaron;ina aizsargbarjeru mitruma uztur\u0113&scaron;anu, saglab\u0101jot siltumu, veido SPA [&#8230;]\n","protected":false},"featured_media":83150,"template":"","meta":[],"product_cat":[1367],"product_tag":[],"class_list":{"0":"post-35432","1":"product","2":"type-product","3":"status-publish","4":"has-post-thumbnail","6":"product_brand-skinlite","7":"product_cat-sejas-maskas","9":"first","10":"outofstock","11":"taxable","12":"shipping-taxable","13":"product-type-simple"},"_links":{"self":[{"href":"https:\/\/e.kosmolat.eu\/lv\/wp-json\/wp\/v2\/product\/35432","targetHints":{"allow":["GET"]}}],"collection":[{"href":"https:\/\/e.kosmolat.eu\/lv\/wp-json\/wp\/v2\/product"}],"about":[{"href":"https:\/\/e.kosmolat.eu\/lv\/wp-json\/wp\/v2\/types\/product"}],"wp:featuredmedia":[{"embeddable":true,"href":"https:\/\/e.kosmolat.eu\/lv\/wp-json\/wp\/v2\/media\/83150"}],"wp:attachment":[{"href":"https:\/\/e.kosmolat.eu\/lv\/wp-json\/wp\/v2\/media?parent=35432"}],"wp:term":[{"taxonomy":"product_cat","embeddable":true,"href":"https:\/\/e.kosmolat.eu\/lv\/wp-json\/wp\/v2\/product_cat?post=35432"},{"taxonomy":"product_tag","embeddable":true,"href":"https:\/\/e.kosmolat.eu\/lv\/wp-json\/wp\/v2\/product_tag?post=35432"}],"curies":[{"name":"wp","href":"https:\/\/api.w.org\/{rel}","templated":true}]}}