{"id":35424,"date":"2023-12-22T16:58:56","date_gmt":"2023-12-22T16:58:56","guid":{"rendered":"https:\/\/e.kosmolat.eu\/product\/skinlite-gold-serums\/"},"modified":"2026-04-21T09:38:56","modified_gmt":"2026-04-21T09:38:56","slug":"skinlite-gold-serums","status":"publish","type":"product","link":"https:\/\/e.kosmolat.eu\/lv\/product\/skinlite-gold-serums\/","title":{"rendered":"&#8220;Skinlite&#8221; GOLD Serums"},"content":{"rendered":"<p>Serums sniedz u antioksidantu, liftinga un mitrino&scaron;u iedarb\u012bbu, pie&scaron;\u0137ir \u0101dai gludumu un z\u012bdainumu, atgrie\u017eot tai jaun\u012bbu un skaistumu.&nbsp;Formula stimul\u0113 kolag\u0113na sint\u0113zi un nov\u0113r&scaron; vecuma izmai\u0146u par\u0101d\u012b&scaron;anos. L\u012bdzeklis iek\u013c\u016bst \u0101das dzi\u013c\u0101kajos sl\u0101\u0146os, piepilda un izl\u012bdzina grumbas, mazina piet\u016bkumu un pie&scaron;\u0137ir \u0101dai vesel\u012bgu mirdzumu. Serums uzlabos sekojo&scaron;o kopjo&scaron;o l\u012bdzek\u013cu efektu.<\/p>\n<ul>\n<li>Zelta da\u013ci\u0146as sniedz atjaunino&scaron;u un antioksidantu iedarb\u012bbu.<\/li>\n<li>Hialuronsk\u0101be intens\u012bvi mitrina, mazina sausumu un grumbi\u0146as, kas rodas dehidrat\u0101cijas d\u0113\u013c, uztur optim\u0101lu \u016bdens l\u012bdzsvaru.<\/li>\n<li>Niacinam\u012bds efekt\u012bvi c\u012bn\u0101s ar pigment\u0101ciju un izl\u012bdzina toni.<\/li>\n<li>Pept\u012bdi pie&scaron;\u0137ir elast\u012bbu un uztur mitrumu \u0101d\u0101. Adenoz\u012bns pa\u0101trina kolag\u0113na un elast\u012bna sint\u0113zi.<\/li>\n<li>Augu ekstrakti uzlabo \u0101das aizsargfunkcijas un t\u0101s \u0101r\u0113jo izskatu.<\/li>\n<\/ul>\n<p>Serums rada uz \u0101das pl\u0101nu pl\u0113vi, kura pagarina visu sast\u0101vda\u013cu iedarb\u012bbu pateicoties sast\u0101vda\u013cu pak\u0101peniskai iek\u013c\u016b&scaron;anai iek&scaron;\u0113jos epidermas sl\u0101\u0146os, saglab\u0101jot \u0101das mitrumu visas dienas garum\u0101. Regul\u0101ri lietojot, notiek hidrolip\u012bdu barjeras atjauno&scaron;ana, k\u0101 rezult\u0101t\u0101 tiek normaliz\u0113ts mitruma l\u012bdzsvars \u0101d\u0101 un tiek uzlabots t\u0101s tonuss. &nbsp;<\/p>\n<p><strong>Lieto&scaron;ana:<\/strong> r\u016bp\u012bgi izmazg\u0101t un nosusin\u0101t seju ar dvieli. Viegl\u0101m kust\u012bb\u0101m uzkl\u0101t serumu uz sejas, kakla un dekolt\u0113 \u0101das. Atst\u0101t l\u012bdz piln\u012bgi uzs\u016bcas. Tiek rekomend\u0113ts uzkl\u0101t k\u0101 b\u0101zes l\u012bdzekli pirms kr\u0113ma vai maskas uzkl\u0101&scaron;anas, k\u0101 ar\u012b pievienot kr\u0113miem un mask\u0101m. Lab\u0101kajam rezult\u0101tam serumu lietot kursa veid\u0101 1 reizi dien\u0101, viena m\u0113ne&scaron;a garum\u0101. &nbsp;<\/p>\n<p><strong>Piesardz\u012bbas pas\u0101kumi:<\/strong> izvair\u012bties no lieto&scaron;anas uz boj\u0101tas, kairin\u0101tas vai saul\u0113 apdegu&scaron;as \u0101das. Nelietot produktu, ja ir jut\u012bba pret k\u0101du no sast\u0101vda\u013c\u0101m. Ja lieto&scaron;anas laik\u0101 uz \u0101das rodas aps\u0101rtums vai kairin\u0101jums, p\u0101rtraukt lieto&scaron;anu un v\u0113rsties pie \u0101rsta. Izvair\u012bties no iek\u013c\u016b&scaron;anas ac\u012bs, ja iek\u013c\u016bst ac\u012bs, izskalot ar lielu daudzumu \u016bdens. Uzglab\u0101t b\u0113rniem nepieejam\u0101 viet\u0101.<br \/>\n&nbsp;<\/p>\n<p>&nbsp;<\/p>\n","protected":false},"excerpt":{"rendered":"<p>Serums sniedz u antioksidantu, liftinga un mitrino&scaron;u iedarb\u012bbu, pie&scaron;\u0137ir \u0101dai gludumu un z\u012bdainumu, atgrie\u017eot tai jaun\u012bbu un skaistumu.&nbsp;Formula stimul\u0113 kolag\u0113na sint\u0113zi un nov\u0113r&scaron; vecuma izmai\u0146u par\u0101d\u012b&scaron;anos. L\u012bdzeklis iek\u013c\u016bst \u0101das dzi\u013c\u0101kajos sl\u0101\u0146os, piepilda un izl\u012bdzina grumbas, mazina piet\u016bkumu un pie&scaron;\u0137ir \u0101dai vesel\u012bgu mirdzumu. Serums uzlabos sekojo&scaron;o kopjo&scaron;o l\u012bdzek\u013cu efektu. Zelta da\u013ci\u0146as sniedz atjaunino&scaron;u un antioksidantu iedarb\u012bbu. [&#8230;]\n","protected":false},"featured_media":83146,"template":"","meta":[],"product_cat":[1999],"product_tag":[],"class_list":{"0":"post-35424","1":"product","2":"type-product","3":"status-publish","4":"has-post-thumbnail","6":"product_brand-skinlite","7":"product_cat-bez-kategorijas","9":"first","10":"instock","11":"taxable","12":"shipping-taxable","13":"product-type-simple"},"_links":{"self":[{"href":"https:\/\/e.kosmolat.eu\/lv\/wp-json\/wp\/v2\/product\/35424","targetHints":{"allow":["GET"]}}],"collection":[{"href":"https:\/\/e.kosmolat.eu\/lv\/wp-json\/wp\/v2\/product"}],"about":[{"href":"https:\/\/e.kosmolat.eu\/lv\/wp-json\/wp\/v2\/types\/product"}],"wp:featuredmedia":[{"embeddable":true,"href":"https:\/\/e.kosmolat.eu\/lv\/wp-json\/wp\/v2\/media\/83146"}],"wp:attachment":[{"href":"https:\/\/e.kosmolat.eu\/lv\/wp-json\/wp\/v2\/media?parent=35424"}],"wp:term":[{"taxonomy":"product_cat","embeddable":true,"href":"https:\/\/e.kosmolat.eu\/lv\/wp-json\/wp\/v2\/product_cat?post=35424"},{"taxonomy":"product_tag","embeddable":true,"href":"https:\/\/e.kosmolat.eu\/lv\/wp-json\/wp\/v2\/product_tag?post=35424"}],"curies":[{"name":"wp","href":"https:\/\/api.w.org\/{rel}","templated":true}]}}