{"id":35420,"date":"2023-12-22T16:58:31","date_gmt":"2023-12-22T16:58:31","guid":{"rendered":"https:\/\/e.kosmolat.eu\/product\/i_modum-med-antibakterials-lidzeklis-rokam-safe-day-150-ml-alcohol-free\/"},"modified":"2026-05-08T17:58:32","modified_gmt":"2026-05-08T17:58:32","slug":"i_modum-med-antibakterials-lidzeklis-rokam-safe-day-150-ml-alcohol-free","status":"publish","type":"product","link":"https:\/\/e.kosmolat.eu\/lv\/product\/i_modum-med-antibakterials-lidzeklis-rokam-safe-day-150-ml-alcohol-free\/","title":{"rendered":"I_MODUM MED Antibakteri\u0101ls l\u012bdzeklis rok\u0101m Safe Day, 150 ml (alcohol free)"},"content":{"rendered":"<p>\nBez spirta. Hlorheksid\u012bns. Dro\u0161a aizsardz\u012bba pret mikrobiem. \u0100tri un efekt\u012bvi. Nesausina \u0101du.\u00a0<\/p>\n<p>\nL\u012bdzeklis rok\u0101m ide\u0101li att\u012bra un atsvaidzina \u0101du apst\u0101k\u013cos, kad nav pieejams \u016bdens.\u00a0<\/p>\n<p>\n\u0160\u0137idrs kosm\u0113tikas l\u012bdzeklis bez spirta ir izstr\u0101d\u0101ts speci\u0101li higi\u0113niskai roku apstr\u0101dei apst\u0101k\u013cos, kad \u0101dai ir nepiecie\u0161ama papildus pretmikrobu aizsardz\u012bba. Neaizst\u0101jams l\u012bdzeklis ce\u013cojumos un situ\u0101cij\u0101s, kad nav iesp\u0113jas nomazg\u0101t rokas, \u0101rpus m\u0101j\u0101m: pastaig\u0101 ar b\u0113rniem vai dz\u012bvniekiem, piknika un sporta nodarb\u012bbu laik\u0101. Nesatur spirtu.\u00a0<\/p>\n<p>\nLieto\u0161ana: uzkl\u0101t uz roku \u0101das vienm\u0113r\u012bgi izsm\u0113r\u0113t, ieziest l\u012bdz iz\u017e\u016b\u0161anas. Nenomazg\u0101t. Rekomend\u0113jams iedarb\u012bbas laiks \u2013 ne maz\u0101k par 60 sekund\u0113m.\u00a0\u00a0<\/p>\n<p>\nPiesardz\u012bbas pas\u0101kumi: Tikai \u0101r\u012bgai lieto\u0161anai! Izvair\u012bties no iek\u013c\u016b\u0161anas ac\u012bs! Neuzkl\u0101t uz atv\u0113rt\u0101m br\u016bc\u0113m un sejas.\u00a0\u00a0<\/p>\n<p>\nUzglab\u0101t temperat\u016br\u0101 no +5 \u00b0\u0421 l\u012bdz +25 \u00b0\u0421. Uzglab\u0101\u0161anas proces\u0101 tiek pie\u013cautas kr\u0101su izmai\u0146as, v\u0101ja opalescence (satur\u0101 eso\u0161o akt\u012bvo sast\u0101vda\u013cu d\u0113\u013c), kas nepasliktina produkta \u012bpa\u0161\u012bbas.\u00a0\u00a0<\/p>\n","protected":false},"excerpt":{"rendered":"<p>Bez spirta. Hlorheksid\u012bns. Dro\u0161a aizsardz\u012bba pret mikrobiem. \u0100tri un efekt\u012bvi. Nesausina \u0101du.\u00a0 L\u012bdzeklis rok\u0101m ide\u0101li att\u012bra un atsvaidzina \u0101du apst\u0101k\u013cos, kad nav pieejams \u016bdens.\u00a0 \u0160\u0137idrs kosm\u0113tikas l\u012bdzeklis bez spirta ir izstr\u0101d\u0101ts speci\u0101li higi\u0113niskai roku apstr\u0101dei apst\u0101k\u013cos, kad \u0101dai ir nepiecie\u0161ama papildus pretmikrobu aizsardz\u012bba. Neaizst\u0101jams l\u012bdzeklis ce\u013cojumos un situ\u0101cij\u0101s, kad nav iesp\u0113jas nomazg\u0101t rokas, \u0101rpus m\u0101j\u0101m: [&#8230;]\n","protected":false},"featured_media":84362,"template":"","meta":[],"product_cat":[1302],"product_tag":[],"class_list":{"0":"post-35420","1":"product","2":"type-product","3":"status-publish","4":"has-post-thumbnail","6":"product_brand-modum_by","7":"product_cat-roku-kopsanas-kosmetika","9":"first","10":"outofstock","11":"taxable","12":"shipping-taxable","13":"product-type-simple"},"_links":{"self":[{"href":"https:\/\/e.kosmolat.eu\/lv\/wp-json\/wp\/v2\/product\/35420","targetHints":{"allow":["GET"]}}],"collection":[{"href":"https:\/\/e.kosmolat.eu\/lv\/wp-json\/wp\/v2\/product"}],"about":[{"href":"https:\/\/e.kosmolat.eu\/lv\/wp-json\/wp\/v2\/types\/product"}],"wp:featuredmedia":[{"embeddable":true,"href":"https:\/\/e.kosmolat.eu\/lv\/wp-json\/wp\/v2\/media\/84362"}],"wp:attachment":[{"href":"https:\/\/e.kosmolat.eu\/lv\/wp-json\/wp\/v2\/media?parent=35420"}],"wp:term":[{"taxonomy":"product_cat","embeddable":true,"href":"https:\/\/e.kosmolat.eu\/lv\/wp-json\/wp\/v2\/product_cat?post=35420"},{"taxonomy":"product_tag","embeddable":true,"href":"https:\/\/e.kosmolat.eu\/lv\/wp-json\/wp\/v2\/product_tag?post=35420"}],"curies":[{"name":"wp","href":"https:\/\/api.w.org\/{rel}","templated":true}]}}