{"id":35392,"date":"2023-12-22T16:56:36","date_gmt":"2023-12-22T16:56:36","guid":{"rendered":"https:\/\/e.kosmolat.eu\/product\/green-oils-kermena-sviests-maksimala-barosana-90-g\/"},"modified":"2025-09-19T20:45:08","modified_gmt":"2025-09-19T20:45:08","slug":"green-oils-kermena-sviests-maksimala-barosana-90-g","status":"publish","type":"product","link":"https:\/\/e.kosmolat.eu\/lv\/product\/green-oils-kermena-sviests-maksimala-barosana-90-g\/","title":{"rendered":"GREEN OILS \u0136erme\u0146a sviests Maksim\u0101l\u0101 baro\u0161ana, 90 g"},"content":{"rendered":"<p>\u010cia s\u0113klu organisk\u0101 e\u013c\u013ca \u2013 neaizvietojamu Omega-3 tauksk\u0101bju avots \u0101das baro\u0161anai \u2013 efekt\u012bvi aizsarg\u0101 no mitruma zuduma, pie\u0161\u0137ir \u0101dai maigumu un gludumu. Dab\u012bgi kokosriekstu, \u0161\u012b sviesti un me\u017eroz\u012b\u0161u e\u013c\u013ca padara \u0101du maigu un tvirtu, saglab\u0101 t\u0101s maigumu, vesel\u012bbu un skaistumu. <\/p>\n<h4>Lieto\u0161ana: <\/h4>\n<p>uzkl\u0101t uz t\u012bras sausas \u0137erme\u0146a \u0101das.\u00a0<\/p>\n","protected":false},"excerpt":{"rendered":"<p>\u010cia s\u0113klu organisk\u0101 e\u013c\u013ca \u2013 neaizvietojamu Omega-3 tauksk\u0101bju avots \u0101das baro\u0161anai \u2013 efekt\u012bvi aizsarg\u0101 no mitruma zuduma, pie\u0161\u0137ir \u0101dai maigumu un gludumu. Dab\u012bgi kokosriekstu, \u0161\u012b sviesti un me\u017eroz\u012b\u0161u e\u013c\u013ca padara \u0101du maigu un tvirtu, saglab\u0101 t\u0101s maigumu, vesel\u012bbu un skaistumu. Lieto\u0161ana: uzkl\u0101t uz t\u012bras sausas \u0137erme\u0146a \u0101das.\u00a0<\/p>\n","protected":false},"featured_media":84262,"template":"","meta":[],"product_cat":[1388],"product_tag":[],"class_list":{"0":"post-35392","1":"product","2":"type-product","3":"status-publish","4":"has-post-thumbnail","6":"product_brand-belkosmex_by","7":"product_cat-kermena-kremi-pienini-sviesti","9":"first","10":"outofstock","11":"taxable","12":"shipping-taxable","13":"product-type-simple"},"_links":{"self":[{"href":"https:\/\/e.kosmolat.eu\/lv\/wp-json\/wp\/v2\/product\/35392","targetHints":{"allow":["GET"]}}],"collection":[{"href":"https:\/\/e.kosmolat.eu\/lv\/wp-json\/wp\/v2\/product"}],"about":[{"href":"https:\/\/e.kosmolat.eu\/lv\/wp-json\/wp\/v2\/types\/product"}],"wp:featuredmedia":[{"embeddable":true,"href":"https:\/\/e.kosmolat.eu\/lv\/wp-json\/wp\/v2\/media\/84262"}],"wp:attachment":[{"href":"https:\/\/e.kosmolat.eu\/lv\/wp-json\/wp\/v2\/media?parent=35392"}],"wp:term":[{"taxonomy":"product_cat","embeddable":true,"href":"https:\/\/e.kosmolat.eu\/lv\/wp-json\/wp\/v2\/product_cat?post=35392"},{"taxonomy":"product_tag","embeddable":true,"href":"https:\/\/e.kosmolat.eu\/lv\/wp-json\/wp\/v2\/product_tag?post=35392"}],"curies":[{"name":"wp","href":"https:\/\/api.w.org\/{rel}","templated":true}]}}