{"id":35384,"date":"2023-12-22T16:55:48","date_gmt":"2023-12-22T16:55:48","guid":{"rendered":"https:\/\/e.kosmolat.eu\/product\/green-oils-micelarais-udens-nevainojama-tiriba-150-ml\/"},"modified":"2025-09-19T20:43:15","modified_gmt":"2025-09-19T20:43:15","slug":"green-oils-micelarais-udens-nevainojama-tiriba-150-ml","status":"publish","type":"product","link":"https:\/\/e.kosmolat.eu\/lv\/product\/green-oils-micelarais-udens-nevainojama-tiriba-150-ml\/","title":{"rendered":"GREEN OILS Micel\u0101rais \u016bdens Nevainojama t\u012br\u012bba, 150 ml"},"content":{"rendered":"<p>Micellas uz kokosriekstu e\u013c\u013cas pamata lieliski likvid\u0113 s\u012bkas net\u012brumu, tauku un makij\u0101\u017eas p\u0101rpalikumu da\u013ci\u0146as, netraum\u0113jot hidrolip\u012bdu aizsargsl\u0101ni, uztur dabisku pH l\u012bdzsvaru, pie\u0161\u0137ir svaiguma un t\u012br\u012bbas saj\u016btu. Maig\u0101s kokvilnas e\u013c\u013ca satur neaizvietojamas tauksk\u0101bes (ole\u012bna, linoleja u.c.), kuras dzi\u013ci baro un m\u012bkstina \u0101du, efekt\u012bvi pretojas sausumam un \u0101das lob\u012b\u0161anai, atjauno \u0101das dabisku mirdzumu un skaistumu. Za\u013c\u0101 t\u0113j\u0101 ir liela antioksidantu koncentr\u0101cija. Za\u013c\u0101s t\u0113jas ekstrakts normaliz\u0113 apmai\u0146as procesus \u0161\u016bn\u0101s un paaugstina \u0101das pretest\u012bbu pret noveco\u0161anos, pie\u0161\u0137ir tai jaun\u012bbu. Visiem \u0101das tipiem. Piem\u0113rots makij\u0101\u017eas no\u0146em\u0161anai no ac\u012bm un l\u016bp\u0101m. <\/p>\n<h4>Lieto\u0161ana: <\/h4>\n<p>ar samitrin\u0101tu vates disku maigi not\u012briet \u0101du pa mas\u0101\u017eas l\u012bniju. Nosl\u0113dziet att\u012br\u012b\u0161anas proced\u016bru ar toniku vai \u016bdeni.<\/p>\n","protected":false},"excerpt":{"rendered":"<p>Micellas uz kokosriekstu e\u013c\u013cas pamata lieliski likvid\u0113 s\u012bkas net\u012brumu, tauku un makij\u0101\u017eas p\u0101rpalikumu da\u013ci\u0146as, netraum\u0113jot hidrolip\u012bdu aizsargsl\u0101ni, uztur dabisku pH l\u012bdzsvaru, pie\u0161\u0137ir svaiguma un t\u012br\u012bbas saj\u016btu. Maig\u0101s kokvilnas e\u013c\u013ca satur neaizvietojamas tauksk\u0101bes (ole\u012bna, linoleja u.c.), kuras dzi\u013ci baro un m\u012bkstina \u0101du, efekt\u012bvi pretojas sausumam un \u0101das lob\u012b\u0161anai, atjauno \u0101das dabisku mirdzumu un skaistumu. Za\u013c\u0101 t\u0113j\u0101 [&#8230;]\n","protected":false},"featured_media":84230,"template":"","meta":[],"product_cat":[1568],"product_tag":[],"class_list":{"0":"post-35384","1":"product","2":"type-product","3":"status-publish","4":"has-post-thumbnail","6":"product_brand-belkosmex_by","7":"product_cat-micelarais-udens","9":"first","10":"outofstock","11":"taxable","12":"shipping-taxable","13":"product-type-simple"},"_links":{"self":[{"href":"https:\/\/e.kosmolat.eu\/lv\/wp-json\/wp\/v2\/product\/35384","targetHints":{"allow":["GET"]}}],"collection":[{"href":"https:\/\/e.kosmolat.eu\/lv\/wp-json\/wp\/v2\/product"}],"about":[{"href":"https:\/\/e.kosmolat.eu\/lv\/wp-json\/wp\/v2\/types\/product"}],"wp:featuredmedia":[{"embeddable":true,"href":"https:\/\/e.kosmolat.eu\/lv\/wp-json\/wp\/v2\/media\/84230"}],"wp:attachment":[{"href":"https:\/\/e.kosmolat.eu\/lv\/wp-json\/wp\/v2\/media?parent=35384"}],"wp:term":[{"taxonomy":"product_cat","embeddable":true,"href":"https:\/\/e.kosmolat.eu\/lv\/wp-json\/wp\/v2\/product_cat?post=35384"},{"taxonomy":"product_tag","embeddable":true,"href":"https:\/\/e.kosmolat.eu\/lv\/wp-json\/wp\/v2\/product_tag?post=35384"}],"curies":[{"name":"wp","href":"https:\/\/api.w.org\/{rel}","templated":true}]}}