{"id":35380,"date":"2023-12-22T16:55:22","date_gmt":"2023-12-22T16:55:22","guid":{"rendered":"https:\/\/e.kosmolat.eu\/product\/dr-sante-aloe-vera-maska-rekonstrukcija-300-ml\/"},"modified":"2026-04-23T12:16:26","modified_gmt":"2026-04-23T12:16:26","slug":"dr-sante-aloe-vera-maska-rekonstrukcija-300-ml","status":"publish","type":"product","link":"https:\/\/e.kosmolat.eu\/lv\/product\/dr-sante-aloe-vera-maska-rekonstrukcija-300-ml\/","title":{"rendered":"Dr. Sante &#8220;Aloe Vera&#8221; Maska&#8221; Rekonstrukcija&#8221;, 300 ml"},"content":{"rendered":"<p>Intens\u012bv\u0101 atjauno&scaron;ana. Piem\u0113rota visiem matu tipiem.&nbsp;Maska lieliski piem\u0113rota boj\u0101tu matu rekonstrukcijai. Akt\u012bvas sast\u0101vda\u013cas maskas efekt\u012bvi atjauno matu strukt\u016bru vis\u0101 to garum\u0101, atgrie\u017e dz\u012bv\u012bbas sp\u0113ku, padarot tos iztur\u012bgus, gludus un m\u012bkstus. Ide\u0101ls l\u012bdzeklis garu matu kop&scaron;anai ar p\u0101rm\u0113r\u012bgi sausiem, &scaron;\u0137eltiem matu gali\u0146iem.<\/p>\n<p>Satur alvejas sulu. 100% mitrin\u0101&scaron;ana un baro&scaron;ana. &nbsp;&Scaron;\u012b sviests, avokado un alveja baro matus ar v\u0113rt\u012bg\u0101m viel\u0101m, nov\u0113r&scaron; matu gali\u0146u &scaron;\u0137el&scaron;anos. Kerat\u012bns atjauno boj\u0101tu matu strukt\u016bru. Audu keram\u012bdi aizsarg\u0101 mata virsmu no boj\u0101jumiem, pie&scaron;\u0137irot tai iztur\u012bbu un sp\u012bdumu.<\/p>\n<p>Regul\u0101ri lietojot masku mati k\u013c\u016bst gludi, elast\u012bgi, vesel\u012bgi un m\u012bksti.&nbsp;<\/p>\n<p><strong>Lieto&scaron;ana: <\/strong>uzkl\u0101t uz izmazg\u0101tiem, ar dvieli iz\u017e\u0101v\u0113tiem matiem. Atst\u0101t uz 5-10 min\u016bt\u0113m. R\u016bp\u012bgi nomazg\u0101t.&nbsp;<\/p>\n<p><strong>Piesardz\u012bbas pas\u0101kumi:<\/strong> ja iek\u013c\u016bst ac\u012bs, izskalot ar \u016bdeni. Iesp\u0113jama paaugstin\u0101ta individu\u0101la jut\u012bba pret atsevi&scaron;\u0137\u0101m sast\u0101vda\u013c\u0101m.&nbsp;<\/p>\n","protected":false},"excerpt":{"rendered":"<p>Intens\u012bv\u0101 atjauno&scaron;ana. Piem\u0113rota visiem matu tipiem.&nbsp;Maska lieliski piem\u0113rota boj\u0101tu matu rekonstrukcijai. Akt\u012bvas sast\u0101vda\u013cas maskas efekt\u012bvi atjauno matu strukt\u016bru vis\u0101 to garum\u0101, atgrie\u017e dz\u012bv\u012bbas sp\u0113ku, padarot tos iztur\u012bgus, gludus un m\u012bkstus. Ide\u0101ls l\u012bdzeklis garu matu kop&scaron;anai ar p\u0101rm\u0113r\u012bgi sausiem, &scaron;\u0137eltiem matu gali\u0146iem. Satur alvejas sulu. 100% mitrin\u0101&scaron;ana un baro&scaron;ana. &nbsp;&Scaron;\u012b sviests, avokado un alveja baro matus [&#8230;]\n","protected":false},"featured_media":83026,"template":"","meta":[],"product_cat":[1254],"product_tag":[],"class_list":{"0":"post-35380","1":"product","2":"type-product","3":"status-publish","4":"has-post-thumbnail","6":"product_brand-elfa_ua","7":"product_cat-maskas-matiem","9":"first","10":"instock","11":"taxable","12":"shipping-taxable","13":"product-type-simple"},"_links":{"self":[{"href":"https:\/\/e.kosmolat.eu\/lv\/wp-json\/wp\/v2\/product\/35380","targetHints":{"allow":["GET"]}}],"collection":[{"href":"https:\/\/e.kosmolat.eu\/lv\/wp-json\/wp\/v2\/product"}],"about":[{"href":"https:\/\/e.kosmolat.eu\/lv\/wp-json\/wp\/v2\/types\/product"}],"wp:featuredmedia":[{"embeddable":true,"href":"https:\/\/e.kosmolat.eu\/lv\/wp-json\/wp\/v2\/media\/83026"}],"wp:attachment":[{"href":"https:\/\/e.kosmolat.eu\/lv\/wp-json\/wp\/v2\/media?parent=35380"}],"wp:term":[{"taxonomy":"product_cat","embeddable":true,"href":"https:\/\/e.kosmolat.eu\/lv\/wp-json\/wp\/v2\/product_cat?post=35380"},{"taxonomy":"product_tag","embeddable":true,"href":"https:\/\/e.kosmolat.eu\/lv\/wp-json\/wp\/v2\/product_tag?post=35380"}],"curies":[{"name":"wp","href":"https:\/\/api.w.org\/{rel}","templated":true}]}}