{"id":35372,"date":"2023-12-22T16:54:59","date_gmt":"2023-12-22T16:54:59","guid":{"rendered":"https:\/\/e.kosmolat.eu\/product\/dr-sante-aloe-vera-balzams-koncentrtats-rekonstrukcija-200-ml\/"},"modified":"2026-04-22T10:00:34","modified_gmt":"2026-04-22T10:00:34","slug":"dr-sante-aloe-vera-balzams-koncentrtats-rekonstrukcija-200-ml","status":"publish","type":"product","link":"https:\/\/e.kosmolat.eu\/lv\/product\/dr-sante-aloe-vera-balzams-koncentrtats-rekonstrukcija-200-ml\/","title":{"rendered":"Dr. Sante Aloe Vera Balzams-koncentrt\u0101ts &#8220;Rekonstrukcija&#8221;, 200 ml"},"content":{"rendered":"<p>100% Alvejas sula<\/p>\n<div>Mitrina\u0161ana un atjauno\u0161ana. Visiem matu tipiem. 0% parab\u0113nu, kr\u0101svielu, miner\u0101le\u013c\u013cu. <\/div>\n<div>Bazlama koncentr\u0113ta formula ir izstr\u0101d\u0101ta speci\u0101li boj\u0101tu, sausu, \u0161\u0137elto matu gali\u0146u rekonstrucijai. Akt\u012bvas sast\u0101vda\u013cas intens\u012bvi baro un mitrina matus. Iek\u013c\u016bstot dzi\u013ci mata iek\u0161pus\u0113 atjano boj\u0101tu strukt\u016bru, aizv\u0113r zv\u012b\u0146as un pie\u0161\u0137ir spogu\u013cainu gludumu. Bag\u0101tina ar v\u0113rt\u012bg\u0101m viel\u0101m, atjauno pl\u0101nus un bl\u0101vus matus. <\/div>\n<div>Balzams-koncentr\u0101ts pie\u0161\u0137ir sp\u012bdumu, padara matus maigus un z\u012bdainus. Nepadara tos taukainus un nepie\u0161\u0137ir smaguma saj\u016btu.\u00a0<\/div>\n<div>Kvie\u0161u prote\u012bni aizsarg\u0101 un atjauno matus no iek\u0161puses, samazina l\u016b\u0161anu.<\/div>\n<div>Kerat\u012bns atjauno boj\u0101tu matu strukt\u016bru.\u00a0<\/div>\n<div>Lieto\u0161ana: uzkl\u0101t nepiecie\u0161amu l\u012bdzek\u013ca daudzumu uz t\u012briem mitriem matiem, vienm\u0113r\u012bgi uzkl\u0101t vis\u0101 to garum\u0101, nomazg\u0101t ar \u016bdeni.\u00a0<\/div>\n<div>Piesardz\u012bbas pas\u0101kumi: ja iek\u013c\u016bst ac\u012bs, nomazg\u0101t ar \u016bdeni. Ir iesp\u0113jama paaugstin\u0101ta individu\u0101l\u0101 jut\u012bba uz atsevi\u0161\u0137\u0101m sast\u0101vda\u013c\u0101m.\u00a0<\/div>\n","protected":false},"excerpt":{"rendered":"<p>100% Alvejas sula Mitrina\u0161ana un atjauno\u0161ana. Visiem matu tipiem. 0% parab\u0113nu, kr\u0101svielu, miner\u0101le\u013c\u013cu. Bazlama koncentr\u0113ta formula ir izstr\u0101d\u0101ta speci\u0101li boj\u0101tu, sausu, \u0161\u0137elto matu gali\u0146u rekonstrucijai. Akt\u012bvas sast\u0101vda\u013cas intens\u012bvi baro un mitrina matus. Iek\u013c\u016bstot dzi\u013ci mata iek\u0161pus\u0113 atjano boj\u0101tu strukt\u016bru, aizv\u0113r zv\u012b\u0146as un pie\u0161\u0137ir spogu\u013cainu gludumu. Bag\u0101tina ar v\u0113rt\u012bg\u0101m viel\u0101m, atjauno pl\u0101nus un bl\u0101vus matus. Balzams-koncentr\u0101ts [&#8230;]\n","protected":false},"featured_media":83022,"template":"","meta":[],"product_cat":[2181],"product_tag":[],"class_list":{"0":"post-35372","1":"product","2":"type-product","3":"status-publish","4":"has-post-thumbnail","6":"product_brand-elfa_ua","7":"product_cat-bez-kategorijas-lt","9":"first","10":"instock","11":"taxable","12":"shipping-taxable","13":"product-type-simple"},"_links":{"self":[{"href":"https:\/\/e.kosmolat.eu\/lv\/wp-json\/wp\/v2\/product\/35372","targetHints":{"allow":["GET"]}}],"collection":[{"href":"https:\/\/e.kosmolat.eu\/lv\/wp-json\/wp\/v2\/product"}],"about":[{"href":"https:\/\/e.kosmolat.eu\/lv\/wp-json\/wp\/v2\/types\/product"}],"wp:featuredmedia":[{"embeddable":true,"href":"https:\/\/e.kosmolat.eu\/lv\/wp-json\/wp\/v2\/media\/83022"}],"wp:attachment":[{"href":"https:\/\/e.kosmolat.eu\/lv\/wp-json\/wp\/v2\/media?parent=35372"}],"wp:term":[{"taxonomy":"product_cat","embeddable":true,"href":"https:\/\/e.kosmolat.eu\/lv\/wp-json\/wp\/v2\/product_cat?post=35372"},{"taxonomy":"product_tag","embeddable":true,"href":"https:\/\/e.kosmolat.eu\/lv\/wp-json\/wp\/v2\/product_tag?post=35372"}],"curies":[{"name":"wp","href":"https:\/\/api.w.org\/{rel}","templated":true}]}}