{"id":35356,"date":"2023-12-22T16:53:14","date_gmt":"2023-12-22T16:53:14","guid":{"rendered":"https:\/\/e.kosmolat.eu\/product\/ld-oriental-touch-mikstin-kr-sausas-ieplais-pedu-adas-kopsanai-100-g\/"},"modified":"2025-09-19T19:33:43","modified_gmt":"2025-09-19T19:33:43","slug":"ld-oriental-touch-mikstin-kr-sausas-ieplais-pedu-adas-kopsanai-100-g","status":"publish","type":"product","link":"https:\/\/e.kosmolat.eu\/lv\/product\/ld-oriental-touch-mikstin-kr-sausas-ieplais-pedu-adas-kopsanai-100-g\/","title":{"rendered":"LD Oriental Touch M\u012bkstin.kr.saus\u0101s, ieplais.p\u0113du \u0101das kop\u0161anai, 100 g"},"content":{"rendered":"<p>Ar akt\u012bvaj\u0101m sast\u0101vda\u013c\u0101m pies\u0101tin\u0101ts kr\u0113ms nodro&scaron;ina pilnv\u0113rt\u012bgu p\u0113du \u0101das kop&scaron;anu.<\/p>\n<ul>\n<li>Dab\u012bgas kokosriekstu, r\u012bsu kliju un sojas e\u013c\u013cas baro un m\u012bkstina \u0101du, izl\u012bdzina un mazina mikroplaisi\u0146u veido&scaron;anos risku.<\/li>\n<li>Augu keram\u012bdi, sorbitols un F vitam\u012bns veicina mitruma notur\u0113&scaron;anu epidermas &scaron;\u016bn\u0101s, piev\u0113r&scaron;ot \u0101das sausumu.<\/li>\n<li>Aug\u013cu sk\u0101bes nodro&scaron;ina jau eso&scaron;o tulznu m\u012bkstin\u0101&scaron;anu un pal\u012bdz nov\u0113rst jaunu tulznu veido&scaron;anos.<\/li>\n<li>T\u0113jas koka un rozmar\u012bna \u0113teriskaj\u0101m e\u013c\u013c\u0101m, lakricsaknes, alvejas, ce\u013ctekas, kli\u0146\u0123er\u012btes un salvijas ekstraktiem piem\u012bt antiseptisk\u0101 iedarb\u012bba, kas nomierina \u0101du un aktiviz\u0113 t\u0101s dabisku aizsardz\u012bbu.<\/li>\n<\/ul>\n<p><strong>Lieto&scaron;ana: <\/strong>uzkl\u0101t kr\u0113mu uz p\u0113du \u0101du ar viegl\u0101m mas\u0101\u017eas kust\u012bb\u0101m.<\/p>\n<p>Uzglab\u0101t temperat\u016br\u0101 no 0 &deg;C l\u012bdz +25 &deg;C.<br \/>\n&nbsp;<\/p>\n","protected":false},"excerpt":{"rendered":"<p>Ar akt\u012bvaj\u0101m sast\u0101vda\u013c\u0101m pies\u0101tin\u0101ts kr\u0113ms nodro&scaron;ina pilnv\u0113rt\u012bgu p\u0113du \u0101das kop&scaron;anu. Dab\u012bgas kokosriekstu, r\u012bsu kliju un sojas e\u013c\u013cas baro un m\u012bkstina \u0101du, izl\u012bdzina un mazina mikroplaisi\u0146u veido&scaron;anos risku. Augu keram\u012bdi, sorbitols un F vitam\u012bns veicina mitruma notur\u0113&scaron;anu epidermas &scaron;\u016bn\u0101s, piev\u0113r&scaron;ot \u0101das sausumu. Aug\u013cu sk\u0101bes nodro&scaron;ina jau eso&scaron;o tulznu m\u012bkstin\u0101&scaron;anu un pal\u012bdz nov\u0113rst jaunu tulznu veido&scaron;anos. T\u0113jas [&#8230;]\n","protected":false},"featured_media":82954,"template":"","meta":[],"product_cat":[1761],"product_tag":[],"class_list":{"0":"post-35356","1":"product","2":"type-product","3":"status-publish","4":"has-post-thumbnail","6":"product_brand-belgates_by","7":"product_cat-kaju-kopsanas-kosmetika","9":"first","10":"outofstock","11":"taxable","12":"shipping-taxable","13":"product-type-simple"},"_links":{"self":[{"href":"https:\/\/e.kosmolat.eu\/lv\/wp-json\/wp\/v2\/product\/35356","targetHints":{"allow":["GET"]}}],"collection":[{"href":"https:\/\/e.kosmolat.eu\/lv\/wp-json\/wp\/v2\/product"}],"about":[{"href":"https:\/\/e.kosmolat.eu\/lv\/wp-json\/wp\/v2\/types\/product"}],"wp:featuredmedia":[{"embeddable":true,"href":"https:\/\/e.kosmolat.eu\/lv\/wp-json\/wp\/v2\/media\/82954"}],"wp:attachment":[{"href":"https:\/\/e.kosmolat.eu\/lv\/wp-json\/wp\/v2\/media?parent=35356"}],"wp:term":[{"taxonomy":"product_cat","embeddable":true,"href":"https:\/\/e.kosmolat.eu\/lv\/wp-json\/wp\/v2\/product_cat?post=35356"},{"taxonomy":"product_tag","embeddable":true,"href":"https:\/\/e.kosmolat.eu\/lv\/wp-json\/wp\/v2\/product_tag?post=35356"}],"curies":[{"name":"wp","href":"https:\/\/api.w.org\/{rel}","templated":true}]}}