{"id":35308,"date":"2023-12-22T16:48:19","date_gmt":"2023-12-22T16:48:19","guid":{"rendered":"https:\/\/e.kosmolat.eu\/product\/ld-stem-cells-pilings-sejai-visam-sezonam-ar-auglskabem-75-g\/"},"modified":"2025-09-19T19:31:03","modified_gmt":"2025-09-19T19:31:03","slug":"ld-stem-cells-pilings-sejai-visam-sezonam-ar-auglskabem-75-g","status":"publish","type":"product","link":"https:\/\/e.kosmolat.eu\/lv\/product\/ld-stem-cells-pilings-sejai-visam-sezonam-ar-auglskabem-75-g\/","title":{"rendered":"LD Stem Cells P\u012blings sejai Vis\u0101m sezon\u0101m ar aug\u013csk\u0101b\u0113m, 75 g"},"content":{"rendered":"<p>P\u012blings uz 5 veidu sk\u0101bju pamata ir rad\u012bts saudz\u012bgai apragoju&scaron;u &scaron;\u016bnu eksfoli\u0101cijai un \u0101das atjauno&scaron;anai. Pateicoties l\u012bdzek\u013cu sast\u0101vda\u013cu unik\u0101lam savienojumamm, tas sniedz maigu atlobo&scaron;u un atjaunino&scaron;u iedarb\u012bbu. Akt\u012bva formula veicina kolag\u0113na un elast\u012bna izstr\u0101des uzlabo&scaron;anu, \u0101das tvirtuma un elast\u012bbas palielin\u0101&scaron;anu, sejas to\u0146a izl\u012bdzin\u0101&scaron;anu, melno punkti\u0146u samazin\u0101&scaron;anu un poru sa&scaron;aurin\u0101&scaron;anu. Regul\u0101ri lietojot p\u012blingu \u0101da ieg\u016bst svaigu un mirdzo&scaron;u izskatu. Piem\u0113rots visiem \u0101das tipiem lieto&scaron;anai jebkur\u0101 gadalaik\u0101.<\/p>\n<p>5 sk\u0101bju komplekss COBIO-&alpha;HA (glikolsk\u0101be, v\u012bnsk\u0101be, piensk\u0101be, \u0101bolsk\u0101be, cironsk\u0101be) uzlabo \u0101das elpo&scaron;anu un atjauno&scaron;an\u0101s procesus, pa\u0101trina &scaron;\u016bnu metabolismu, veicina pigmenta plankumu izgaismo&scaron;anu un grumbi\u0146u samazin\u0101&scaron;anu.&nbsp;&nbsp;<\/p>\n<p>MossCellTec s\u016bnu cilmes &scaron;\u016bnu komplekss: Uztur &scaron;\u016bnu kodolu vesel\u012bbu \u0101das jaun\u012bbas nodro&scaron;in\u0101&scaron;anai; Uzlabo \u0101das mitrumu; Pilnveido \u0101das toni un reljefu; Pastiprina \u0101das iztur\u012bbu pret \u0101r\u0113j\u0101s vides nelabv\u0113l\u012bgu iedarb\u012bbu.&nbsp;&nbsp;<\/p>\n<p>Anan\u0101su ekstrakts paaugstina \u0101das tonusu, pies\u0101tina ar vitam\u012bniem, aktiviz\u0113 &scaron;\u016bnu atjauno&scaron;anas procesu.&nbsp;&nbsp;<\/p>\n<p><strong>Lieto&scaron;ana: <\/strong>uzkl\u0101jiet p\u012blingu uz att\u012br\u012btas sejas \u0101das, izvairoties no \u0101das ap ac\u012bm un l\u016bp\u0101m. Ja iek\u013c\u016bst ac\u012bs, noskalot t\u012br\u0101 teko&scaron;\u0101 \u016bden\u012b. Pirm\u0101 lieto&scaron;anas reize &ndash; ne vair\u0101k k\u0101 5 min\u016btes. T\u0101l\u0101k\u0101s lieto&scaron;anas reiz\u0113s turiet p\u012blingu uz 1 min\u016bti ilg\u0101k bet ne vair\u0101k par 12 min\u016bt\u0113m. P\u0113c lieto&scaron;ana r\u016bp\u012bgi nomazg\u0101t ar \u016bdeni. Lab\u0101ka efekta sasnieg&scaron;anai nepiecie&scaron;ams veikt 6-8 proced\u016bru kursu ar interv\u0101lu starp proced\u016br\u0101m 5-7 dienas.&nbsp;&nbsp;<\/p>\n<p>UZMAN\u012aBU! Ja rodas dedzin\u0101&scaron;anas saj\u016bta un\/vai aps\u0101rtums r\u016bp\u012bgi nomazg\u0101jiet ar \u016bdeni. Nelietot uz boj\u0101tas \u0101das un \u0101das slim\u012bbu saasin\u0101juma gad\u012bjumos. Neatst\u0101t p\u012blinga procesu bez uzman\u012bbas. Oblig\u0101ti lietot kr\u0113mu ar SPF.&nbsp;&nbsp;<\/p>\n<p>Uzglab\u0101t temperat\u016br\u0101 no 0 &deg;C l\u012bdz +25 &deg;C.&nbsp;<\/p>\n","protected":false},"excerpt":{"rendered":"<p>P\u012blings uz 5 veidu sk\u0101bju pamata ir rad\u012bts saudz\u012bgai apragoju&scaron;u &scaron;\u016bnu eksfoli\u0101cijai un \u0101das atjauno&scaron;anai. Pateicoties l\u012bdzek\u013cu sast\u0101vda\u013cu unik\u0101lam savienojumamm, tas sniedz maigu atlobo&scaron;u un atjaunino&scaron;u iedarb\u012bbu. Akt\u012bva formula veicina kolag\u0113na un elast\u012bna izstr\u0101des uzlabo&scaron;anu, \u0101das tvirtuma un elast\u012bbas palielin\u0101&scaron;anu, sejas to\u0146a izl\u012bdzin\u0101&scaron;anu, melno punkti\u0146u samazin\u0101&scaron;anu un poru sa&scaron;aurin\u0101&scaron;anu. Regul\u0101ri lietojot p\u012blingu \u0101da ieg\u016bst svaigu [&#8230;]\n","protected":false},"featured_media":82906,"template":"","meta":[],"product_cat":[1394],"product_tag":[],"class_list":{"0":"post-35308","1":"product","2":"type-product","3":"status-publish","4":"has-post-thumbnail","6":"product_brand-belgates_by","7":"product_cat-skrubji-un-pilingi-sejai","9":"first","10":"outofstock","11":"taxable","12":"shipping-taxable","13":"product-type-simple"},"_links":{"self":[{"href":"https:\/\/e.kosmolat.eu\/lv\/wp-json\/wp\/v2\/product\/35308","targetHints":{"allow":["GET"]}}],"collection":[{"href":"https:\/\/e.kosmolat.eu\/lv\/wp-json\/wp\/v2\/product"}],"about":[{"href":"https:\/\/e.kosmolat.eu\/lv\/wp-json\/wp\/v2\/types\/product"}],"wp:featuredmedia":[{"embeddable":true,"href":"https:\/\/e.kosmolat.eu\/lv\/wp-json\/wp\/v2\/media\/82906"}],"wp:attachment":[{"href":"https:\/\/e.kosmolat.eu\/lv\/wp-json\/wp\/v2\/media?parent=35308"}],"wp:term":[{"taxonomy":"product_cat","embeddable":true,"href":"https:\/\/e.kosmolat.eu\/lv\/wp-json\/wp\/v2\/product_cat?post=35308"},{"taxonomy":"product_tag","embeddable":true,"href":"https:\/\/e.kosmolat.eu\/lv\/wp-json\/wp\/v2\/product_tag?post=35308"}],"curies":[{"name":"wp","href":"https:\/\/api.w.org\/{rel}","templated":true}]}}