{"id":35252,"date":"2023-12-22T16:44:42","date_gmt":"2023-12-22T16:44:42","guid":{"rendered":"https:\/\/e.kosmolat.eu\/product\/lv-uzacu-zim-305-mehanisks-brow-bar-ultra-slim\/"},"modified":"2025-09-19T20:19:31","modified_gmt":"2025-09-19T20:19:31","slug":"lv-uzacu-zim-305-mehanisks-brow-bar-ultra-slim","status":"publish","type":"product","link":"https:\/\/e.kosmolat.eu\/lv\/product\/lv-uzacu-zim-305-mehanisks-brow-bar-ultra-slim\/","title":{"rendered":"LV Uzacu z\u012bm.,305 meh\u0101nisks BROW BAR ULTRA SLIM"},"content":{"rendered":"<p>Vid\u0113jas ciet\u012bbas tekst\u016bras d\u0113\u013c, kr\u0101sa viegli un vienm\u0113r\u012bgi uzkl\u0101jas un labi iekr\u0101sojas. Dabisko to\u0146u pigmenti lieliski saska\u0146o uzacu kr\u0101su. Pateicoties \u016bdensnecaurlaid\u012bgajai formulai, kr\u0101sa paliek uz uzac\u012bm vair\u0101k nek\u0101 10 stundas. Paaugstin\u0101ta mitruma apst\u0101k\u013cos, piem., liet\u016b vai sporta laik\u0101, tas neizsm\u0113r\u0113jas. 6 dabisko kr\u0101su to\u0146i piem\u0113roti jebkura veida izskatam. Pl\u0101n\u0101 izvelkam\u0101 grifele, nav nepiecie\u0161ama asin\u0101\u0161ana.<\/p>\n","protected":false},"excerpt":{"rendered":"<p>Vid\u0113jas ciet\u012bbas tekst\u016bras d\u0113\u013c, kr\u0101sa viegli un vienm\u0113r\u012bgi uzkl\u0101jas un labi iekr\u0101sojas. Dabisko to\u0146u pigmenti lieliski saska\u0146o uzacu kr\u0101su. Pateicoties \u016bdensnecaurlaid\u012bgajai formulai, kr\u0101sa paliek uz uzac\u012bm vair\u0101k nek\u0101 10 stundas. Paaugstin\u0101ta mitruma apst\u0101k\u013cos, piem., liet\u016b vai sporta laik\u0101, tas neizsm\u0113r\u0113jas. 6 dabisko kr\u0101su to\u0146i piem\u0113roti jebkura veida izskatam. Pl\u0101n\u0101 izvelkam\u0101 grifele, nav nepiecie\u0161ama asin\u0101\u0161ana.<\/p>\n","protected":false},"featured_media":83834,"template":"","meta":[],"product_cat":[1506],"product_tag":[],"class_list":{"0":"post-35252","1":"product","2":"type-product","3":"status-publish","4":"has-post-thumbnail","6":"product_brand-lux-visage_by","7":"product_cat-uzacim","9":"first","10":"outofstock","11":"taxable","12":"shipping-taxable","13":"product-type-simple"},"_links":{"self":[{"href":"https:\/\/e.kosmolat.eu\/lv\/wp-json\/wp\/v2\/product\/35252","targetHints":{"allow":["GET"]}}],"collection":[{"href":"https:\/\/e.kosmolat.eu\/lv\/wp-json\/wp\/v2\/product"}],"about":[{"href":"https:\/\/e.kosmolat.eu\/lv\/wp-json\/wp\/v2\/types\/product"}],"wp:featuredmedia":[{"embeddable":true,"href":"https:\/\/e.kosmolat.eu\/lv\/wp-json\/wp\/v2\/media\/83834"}],"wp:attachment":[{"href":"https:\/\/e.kosmolat.eu\/lv\/wp-json\/wp\/v2\/media?parent=35252"}],"wp:term":[{"taxonomy":"product_cat","embeddable":true,"href":"https:\/\/e.kosmolat.eu\/lv\/wp-json\/wp\/v2\/product_cat?post=35252"},{"taxonomy":"product_tag","embeddable":true,"href":"https:\/\/e.kosmolat.eu\/lv\/wp-json\/wp\/v2\/product_tag?post=35252"}],"curies":[{"name":"wp","href":"https:\/\/api.w.org\/{rel}","templated":true}]}}