{"id":35212,"date":"2023-12-22T16:42:00","date_gmt":"2023-12-22T16:42:00","guid":{"rendered":"https:\/\/e.kosmolat.eu\/product\/lv-graphic-style-super-stay-acu-konturlinija\/"},"modified":"2025-09-19T20:58:57","modified_gmt":"2025-09-19T20:58:57","slug":"lv-graphic-style-super-stay-acu-konturlinija","status":"publish","type":"product","link":"https:\/\/e.kosmolat.eu\/lv\/product\/lv-graphic-style-super-stay-acu-konturlinija\/","title":{"rendered":"LV GRAPHIC style SUPER STAY Acu kont\u016brl\u012bnija"},"content":{"rendered":"<p>Sniedziet skatienam izsmalcin\u0101t\u012bbu un izteiksm\u012bgumu. M\u012bksts aplikators pal\u012bdz\u0113s jums viegli novilkt vajadz\u012bg\u0101 biezuma, gludu un grafisku l\u012bniju.\n<\/p>\n<p>\u0100tri \u017e\u016bsto\u0161\u0101 formula neatst\u0101j nospiedumus uz plaksti\u0146iem un visu dienu saglab\u0101 kr\u0101sas spilgtumu.\n<\/p>\n<p>Viegli mazg\u0101jams ar jebkuru kosm\u0113tikas no\u0146\u0113m\u0113ju.\n<\/p>\n<p>Dro\u0161a formula: nesatur parab\u0113nus, alkanolam\u012bnu un trietanolam\u012bnu.<\/p>\n","protected":false},"excerpt":{"rendered":"<p>Sniedziet skatienam izsmalcin\u0101t\u012bbu un izteiksm\u012bgumu. M\u012bksts aplikators pal\u012bdz\u0113s jums viegli novilkt vajadz\u012bg\u0101 biezuma, gludu un grafisku l\u012bniju. \u0100tri \u017e\u016bsto\u0161\u0101 formula neatst\u0101j nospiedumus uz plaksti\u0146iem un visu dienu saglab\u0101 kr\u0101sas spilgtumu. Viegli mazg\u0101jams ar jebkuru kosm\u0113tikas no\u0146\u0113m\u0113ju. Dro\u0161a formula: nesatur parab\u0113nus, alkanolam\u012bnu un trietanolam\u012bnu.<\/p>\n","protected":false},"featured_media":84530,"template":"","meta":[],"product_cat":[1262],"product_tag":[],"class_list":{"0":"post-35212","1":"product","2":"type-product","3":"status-publish","4":"has-post-thumbnail","6":"product_brand-lux-visage_by","7":"product_cat-zimuli-laineri","9":"first","10":"outofstock","11":"taxable","12":"shipping-taxable","13":"product-type-simple"},"_links":{"self":[{"href":"https:\/\/e.kosmolat.eu\/lv\/wp-json\/wp\/v2\/product\/35212","targetHints":{"allow":["GET"]}}],"collection":[{"href":"https:\/\/e.kosmolat.eu\/lv\/wp-json\/wp\/v2\/product"}],"about":[{"href":"https:\/\/e.kosmolat.eu\/lv\/wp-json\/wp\/v2\/types\/product"}],"wp:featuredmedia":[{"embeddable":true,"href":"https:\/\/e.kosmolat.eu\/lv\/wp-json\/wp\/v2\/media\/84530"}],"wp:attachment":[{"href":"https:\/\/e.kosmolat.eu\/lv\/wp-json\/wp\/v2\/media?parent=35212"}],"wp:term":[{"taxonomy":"product_cat","embeddable":true,"href":"https:\/\/e.kosmolat.eu\/lv\/wp-json\/wp\/v2\/product_cat?post=35212"},{"taxonomy":"product_tag","embeddable":true,"href":"https:\/\/e.kosmolat.eu\/lv\/wp-json\/wp\/v2\/product_tag?post=35212"}],"curies":[{"name":"wp","href":"https:\/\/api.w.org\/{rel}","templated":true}]}}