{"id":35144,"date":"2023-12-22T16:38:16","date_gmt":"2023-12-22T16:38:16","guid":{"rendered":"https:\/\/e.kosmolat.eu\/product\/lv-lupu-zimulis-56-tonis\/"},"modified":"2025-09-19T21:00:17","modified_gmt":"2025-09-19T21:00:17","slug":"lv-lupu-zimulis-56-tonis","status":"publish","type":"product","link":"https:\/\/e.kosmolat.eu\/lv\/product\/lv-lupu-zimulis-56-tonis\/","title":{"rendered":"LV L\u016bpu z\u012bmulis, 56 tonis"},"content":{"rendered":"<p>* Kr\u0101sa var nadaudz at\u0161\u0137irties no att\u0113l\u0101 redzam\u0101<\/p>\n","protected":false},"excerpt":{"rendered":"<p>* Kr\u0101sa var nadaudz at\u0161\u0137irties no att\u0113l\u0101 redzam\u0101<\/p>\n","protected":false},"featured_media":84554,"template":"","meta":[],"product_cat":[1285],"product_tag":[],"class_list":{"0":"post-35144","1":"product","2":"type-product","3":"status-publish","4":"has-post-thumbnail","6":"product_brand-lux-visage_by","7":"product_cat-lupu-zimuli","9":"first","10":"outofstock","11":"taxable","12":"shipping-taxable","13":"product-type-simple"},"_links":{"self":[{"href":"https:\/\/e.kosmolat.eu\/lv\/wp-json\/wp\/v2\/product\/35144","targetHints":{"allow":["GET"]}}],"collection":[{"href":"https:\/\/e.kosmolat.eu\/lv\/wp-json\/wp\/v2\/product"}],"about":[{"href":"https:\/\/e.kosmolat.eu\/lv\/wp-json\/wp\/v2\/types\/product"}],"wp:featuredmedia":[{"embeddable":true,"href":"https:\/\/e.kosmolat.eu\/lv\/wp-json\/wp\/v2\/media\/84554"}],"wp:attachment":[{"href":"https:\/\/e.kosmolat.eu\/lv\/wp-json\/wp\/v2\/media?parent=35144"}],"wp:term":[{"taxonomy":"product_cat","embeddable":true,"href":"https:\/\/e.kosmolat.eu\/lv\/wp-json\/wp\/v2\/product_cat?post=35144"},{"taxonomy":"product_tag","embeddable":true,"href":"https:\/\/e.kosmolat.eu\/lv\/wp-json\/wp\/v2\/product_tag?post=35144"}],"curies":[{"name":"wp","href":"https:\/\/api.w.org\/{rel}","templated":true}]}}