{"id":35096,"date":"2023-12-22T16:35:41","date_gmt":"2023-12-22T16:35:41","guid":{"rendered":"https:\/\/e.kosmolat.eu\/product\/i_lv-pin-up-ultra-matt-523-tonislupu-krasa-4-g\/"},"modified":"2025-09-19T20:03:33","modified_gmt":"2025-09-19T20:03:33","slug":"i_lv-pin-up-ultra-matt-523-tonislupu-krasa-4-g","status":"publish","type":"product","link":"https:\/\/e.kosmolat.eu\/lv\/product\/i_lv-pin-up-ultra-matt-523-tonislupu-krasa-4-g\/","title":{"rendered":"I_LV PIN-UP ultra matt  523 tonis,L\u016bpu kr\u0101sa,  4 g"},"content":{"rendered":"<p>LUXVISAGE pied\u0101v\u0101 PIN UP l\u016bpu kr\u0101su ar iztur\u012bgu, piln\u012bgi mat\u0113tu p\u0101rkl\u0101jumu.\n<\/p>\n<\/p>\n<p>\u012apa\u0161i mat\u0113tas l\u016bpu kr\u0101sas PIN UP biez\u0101 kr\u0113m\u012bg\u0101 tekst\u016bra vienm\u0113r\u012bgi un bl\u012bvi p\u0101rkl\u0101j l\u016bpas, pie\u0161\u0137irot t\u0101m intens\u012bvu dzi\u013cu un juteklisku kr\u0101su, kuru pasv\u012btro pulverveida apdare. Sf\u0113riskas pulvera mikroda\u013ci\u0146as rada l\u016bp\u0101m samtainu maigumu un rada m\u012bkstas fokusa vilino\u0161u efektu. Tagad nav p\u0101rm\u0113r\u012bga kontrasta &#8211; pat gai\u0161\u0101kie un tum\u0161\u0101kie to\u0146i izskat\u0101s maig\u0101ki un delik\u0101t\u0101ki.\n<\/p>\n<\/p>\n<p>\u012apa\u0161a l\u016bpu kr\u0101sas formula, kas bag\u0101tin\u0101ta ar e\u013c\u013c\u0101m un E vitam\u012bnu, dzi\u013ci baro un aizsarg\u0101 l\u016bpu maigo \u0101du.\n<\/p>\n<\/p>\n<p>Uzman\u012bbu! Displeja kr\u0101sas var at\u0161\u0137irties no faktisk\u0101s izstr\u0101d\u0101juma kr\u0101sas.<\/p>\n","protected":false},"excerpt":{"rendered":"<p>LUXVISAGE pied\u0101v\u0101 PIN UP l\u016bpu kr\u0101su ar iztur\u012bgu, piln\u012bgi mat\u0113tu p\u0101rkl\u0101jumu. \u012apa\u0161i mat\u0113tas l\u016bpu kr\u0101sas PIN UP biez\u0101 kr\u0113m\u012bg\u0101 tekst\u016bra vienm\u0113r\u012bgi un bl\u012bvi p\u0101rkl\u0101j l\u016bpas, pie\u0161\u0137irot t\u0101m intens\u012bvu dzi\u013cu un juteklisku kr\u0101su, kuru pasv\u012btro pulverveida apdare. Sf\u0113riskas pulvera mikroda\u013ci\u0146as rada l\u016bp\u0101m samtainu maigumu un rada m\u012bkstas fokusa vilino\u0161u efektu. Tagad nav p\u0101rm\u0113r\u012bga kontrasta &#8211; pat [&#8230;]\n","protected":false},"featured_media":83546,"template":"","meta":[],"product_cat":[1270],"product_tag":[],"class_list":{"0":"post-35096","1":"product","2":"type-product","3":"status-publish","4":"has-post-thumbnail","6":"product_brand-lux-visage_by","7":"product_cat-1270","9":"first","10":"outofstock","11":"taxable","12":"shipping-taxable","13":"product-type-simple"},"_links":{"self":[{"href":"https:\/\/e.kosmolat.eu\/lv\/wp-json\/wp\/v2\/product\/35096","targetHints":{"allow":["GET"]}}],"collection":[{"href":"https:\/\/e.kosmolat.eu\/lv\/wp-json\/wp\/v2\/product"}],"about":[{"href":"https:\/\/e.kosmolat.eu\/lv\/wp-json\/wp\/v2\/types\/product"}],"wp:featuredmedia":[{"embeddable":true,"href":"https:\/\/e.kosmolat.eu\/lv\/wp-json\/wp\/v2\/media\/83546"}],"wp:attachment":[{"href":"https:\/\/e.kosmolat.eu\/lv\/wp-json\/wp\/v2\/media?parent=35096"}],"wp:term":[{"taxonomy":"product_cat","embeddable":true,"href":"https:\/\/e.kosmolat.eu\/lv\/wp-json\/wp\/v2\/product_cat?post=35096"},{"taxonomy":"product_tag","embeddable":true,"href":"https:\/\/e.kosmolat.eu\/lv\/wp-json\/wp\/v2\/product_tag?post=35096"}],"curies":[{"name":"wp","href":"https:\/\/api.w.org\/{rel}","templated":true}]}}