{"id":35036,"date":"2023-12-22T16:31:23","date_gmt":"2023-12-22T16:31:23","guid":{"rendered":"https:\/\/e.kosmolat.eu\/product\/i_antibakterials-losjons-rokam-alveja-250-ml\/"},"modified":"2026-04-17T09:03:56","modified_gmt":"2026-04-17T09:03:56","slug":"i_antibakterials-losjons-rokam-alveja-250-ml","status":"publish","type":"product","link":"https:\/\/e.kosmolat.eu\/lv\/product\/i_antibakterials-losjons-rokam-alveja-250-ml\/","title":{"rendered":"I_Antibakteri\u0101ls losjons rok\u0101m &#8220;Alveja&#8221;, 250 ml"},"content":{"rendered":"<p>Paredz\u0113ts roku \u0101das att\u012br\u012b\u0161anai, kad nav pieejams \u016bdens, ziepes vai salvetes. Atsvaidzina, att\u012bra un mitrina roku \u0101du.\n<\/p>\n<p>Izoprop\u012blspirts \u2013 68%.\n<\/p>\n<p>Lieto\u0161ana: uzkl\u0101t nepiecie\u0161amu losjona daudzumu  uz plaukst\u0101m un ieberz\u0113t, l\u012bdz tas piln\u012bb\u0101 ies\u016bcas \u0101d\u0101.\n<\/p>\n<p>Piesardz\u012bbas pas\u0101kumi: nepie\u013caut kontaktu ar uguni.\n<\/p>\n<p>Uzglab\u0101\u0161anas noteikumi: uzglab\u0101t cie\u0161i aizv\u0113rt\u0101 iepakojum\u0101 att\u0101lum\u0101 ne tuv\u0101k par 1 m no sildo\u0161\u0101m iek\u0101rt\u0101m, temperat\u016br\u0101 no 5\u00b0\u0421 l\u012bdz 25\u00b0\u0421.<\/p>\n","protected":false},"excerpt":{"rendered":"<p>Paredz\u0113ts roku \u0101das att\u012br\u012b\u0161anai, kad nav pieejams \u016bdens, ziepes vai salvetes. Atsvaidzina, att\u012bra un mitrina roku \u0101du. Izoprop\u012blspirts \u2013 68%. Lieto\u0161ana: uzkl\u0101t nepiecie\u0161amu losjona daudzumu uz plaukst\u0101m un ieberz\u0113t, l\u012bdz tas piln\u012bb\u0101 ies\u016bcas \u0101d\u0101. Piesardz\u012bbas pas\u0101kumi: nepie\u013caut kontaktu ar uguni. Uzglab\u0101\u0161anas noteikumi: uzglab\u0101t cie\u0161i aizv\u0113rt\u0101 iepakojum\u0101 att\u0101lum\u0101 ne tuv\u0101k par 1 m no sildo\u0161\u0101m iek\u0101rt\u0101m, [&#8230;]\n","protected":false},"featured_media":83654,"template":"","meta":[],"product_cat":[1753],"product_tag":[],"class_list":{"0":"post-35036","1":"product","2":"type-product","3":"status-publish","4":"has-post-thumbnail","6":"product_brand-sale","7":"product_cat-1753","9":"first","10":"instock","11":"taxable","12":"shipping-taxable","13":"product-type-simple"},"_links":{"self":[{"href":"https:\/\/e.kosmolat.eu\/lv\/wp-json\/wp\/v2\/product\/35036","targetHints":{"allow":["GET"]}}],"collection":[{"href":"https:\/\/e.kosmolat.eu\/lv\/wp-json\/wp\/v2\/product"}],"about":[{"href":"https:\/\/e.kosmolat.eu\/lv\/wp-json\/wp\/v2\/types\/product"}],"wp:featuredmedia":[{"embeddable":true,"href":"https:\/\/e.kosmolat.eu\/lv\/wp-json\/wp\/v2\/media\/83654"}],"wp:attachment":[{"href":"https:\/\/e.kosmolat.eu\/lv\/wp-json\/wp\/v2\/media?parent=35036"}],"wp:term":[{"taxonomy":"product_cat","embeddable":true,"href":"https:\/\/e.kosmolat.eu\/lv\/wp-json\/wp\/v2\/product_cat?post=35036"},{"taxonomy":"product_tag","embeddable":true,"href":"https:\/\/e.kosmolat.eu\/lv\/wp-json\/wp\/v2\/product_tag?post=35036"}],"curies":[{"name":"wp","href":"https:\/\/api.w.org\/{rel}","templated":true}]}}