{"id":35032,"date":"2023-12-22T16:31:06","date_gmt":"2023-12-22T16:31:06","guid":{"rendered":"https:\/\/e.kosmolat.eu\/product\/artcolor-basma-indija-100-g-new\/"},"modified":"2025-09-19T19:04:21","modified_gmt":"2025-09-19T19:04:21","slug":"artcolor-basma-indija-100-g-new","status":"publish","type":"product","link":"https:\/\/e.kosmolat.eu\/lv\/product\/artcolor-basma-indija-100-g-new\/","title":{"rendered":"&#8220;Artcolor&#8221; Basma Indija, 100 g NEW"},"content":{"rendered":"<p>Dzi\u013ca kr\u0101sa. Kupli mati bez blaugzn\u0101m. Stipras matu saknes. Pateicoties sav\u0101m unik\u0101l\u0101m \u012bpa\u0161\u012bb\u0101m pie\u0161\u0137irt matiem mirdzo\u0161us tum\u0161us to\u0146us, Artkolor augstas kvalit\u0101tes Indijas basma ir \u012bpa\u0161i piepras\u012bta. T\u0101 stimul\u0113 matu aug\u0161anu un uzlabo to strukt\u016bru, pie\u0161\u0137ir J\u016bsu matiem dzi\u013cu mirdzo\u0161u sp\u012bdumu. Lieto\u0161ana: nokr\u0101sojiet matus ar hennu saska\u0146\u0101 ar instrukciju uz t\u0101s. T\u0101d\u0101 pa\u0161\u0101 veid\u0101 pagatavojiet masu no basmas un \u0161o karstu masu uzkl\u0101jiet uz matiem, tad iz\u0137emm\u0113jiet galvas pakau\u0161a da\u013cas virzien\u0101 un uzvelciet sildo\u0161u galvassegu. Kr\u0101sa ir atkar\u012bga no matu strukt\u016bras, biezuma un s\u0101kotn\u0113j\u0101s matu kr\u0101sas. Pie tam ieg\u016btais matu tonis ieg\u016bst savu \u012bsto kr\u0101su sk\u0101bek\u013ca gaisa iedarb\u012bb\u0101 p\u0113c diennakts. Lai ieg\u016btu gai\u0161i br\u016bnu matu kr\u0101su, kr\u0101sojiet matus ar hennu &ndash; 40 min\u016btes, p\u0113c tam kr\u0101sojiet matus ar basmu &ndash; 15-20 min\u016btes.&nbsp;<br \/>\nLai ieg\u016btu tum\u0161i br\u016bnu matu kr\u0101su: ar hennu &ndash; 80-90 min\u016btes; tad ar basmu &ndash; 40-60 min\u016btes. Lai ieg\u016btu melnu kr\u0101su: ar hennu &ndash; 100-120 min\u016btes; tad ar basmu -80-90 min\u016btes.<br \/>\nJa v\u0113lamais matu tonis nav ieg\u016bts, tas matu kr\u0101so\u0161anas process ar basmu ir j\u0101atk\u0101rto. Rekomend\u0113jam: Lietojiet ziepes un \u0161amp\u016bnus matu mazg\u0101\u0161anai ne agr\u0101k k\u0101 tr\u012bs dienas p\u0113c matu kr\u0101so\u0161anas. &nbsp;<\/p>\n","protected":false},"excerpt":{"rendered":"<p>Dzi\u013ca kr\u0101sa. Kupli mati bez blaugzn\u0101m. Stipras matu saknes. Pateicoties sav\u0101m unik\u0101l\u0101m \u012bpa\u0161\u012bb\u0101m pie\u0161\u0137irt matiem mirdzo\u0161us tum\u0161us to\u0146us, Artkolor augstas kvalit\u0101tes Indijas basma ir \u012bpa\u0161i piepras\u012bta. T\u0101 stimul\u0113 matu aug\u0161anu un uzlabo to strukt\u016bru, pie\u0161\u0137ir J\u016bsu matiem dzi\u013cu mirdzo\u0161u sp\u012bdumu. Lieto\u0161ana: nokr\u0101sojiet matus ar hennu saska\u0146\u0101 ar instrukciju uz t\u0101s. T\u0101d\u0101 pa\u0161\u0101 veid\u0101 pagatavojiet masu [&#8230;]\n","protected":false},"featured_media":82458,"template":"","meta":[],"product_cat":[1343],"product_tag":[],"class_list":{"0":"post-35032","1":"product","2":"type-product","3":"status-publish","4":"has-post-thumbnail","6":"product_brand-malina-akcija","7":"product_cat-citi-matu-kopsanas-produkti","9":"first","10":"outofstock","11":"taxable","12":"shipping-taxable","13":"product-type-simple"},"_links":{"self":[{"href":"https:\/\/e.kosmolat.eu\/lv\/wp-json\/wp\/v2\/product\/35032","targetHints":{"allow":["GET"]}}],"collection":[{"href":"https:\/\/e.kosmolat.eu\/lv\/wp-json\/wp\/v2\/product"}],"about":[{"href":"https:\/\/e.kosmolat.eu\/lv\/wp-json\/wp\/v2\/types\/product"}],"wp:featuredmedia":[{"embeddable":true,"href":"https:\/\/e.kosmolat.eu\/lv\/wp-json\/wp\/v2\/media\/82458"}],"wp:attachment":[{"href":"https:\/\/e.kosmolat.eu\/lv\/wp-json\/wp\/v2\/media?parent=35032"}],"wp:term":[{"taxonomy":"product_cat","embeddable":true,"href":"https:\/\/e.kosmolat.eu\/lv\/wp-json\/wp\/v2\/product_cat?post=35032"},{"taxonomy":"product_tag","embeddable":true,"href":"https:\/\/e.kosmolat.eu\/lv\/wp-json\/wp\/v2\/product_tag?post=35032"}],"curies":[{"name":"wp","href":"https:\/\/api.w.org\/{rel}","templated":true}]}}