{"id":35028,"date":"2023-12-22T16:30:47","date_gmt":"2023-12-22T16:30:47","guid":{"rendered":"https:\/\/e.kosmolat.eu\/product\/cl-zeleja-skrubis-sejai-ikdienas-ideala-ada-80-ml\/"},"modified":"2025-09-19T19:04:08","modified_gmt":"2025-09-19T19:04:08","slug":"cl-zeleja-skrubis-sejai-ikdienas-ideala-ada-80-ml","status":"publish","type":"product","link":"https:\/\/e.kosmolat.eu\/lv\/product\/cl-zeleja-skrubis-sejai-ikdienas-ideala-ada-80-ml\/","title":{"rendered":"CL   \u017deleja-skrubis sejai Ikdienas &#8220;Ide\u0101la \u0101da&#8221;, 80 ml"},"content":{"rendered":"<p>Visiem \u0101das tipiem. Ekspress-form\u0101ts sejas ikdienas att\u012br\u012b\u0161anai 2in1: \u017deleja \u2013 maigi att\u012bra, apv\u0101kojot \u0101du ar komfortu un kop\u0161anu. Skrubis \u2013 papildina att\u012bro\u0161u efektu, izl\u012bdzina \u0101du un pie\u0161\u0137ir mirdzumu. <\/p>\n<h4>Lieto\u0161ana: <\/h4>\n<p>nelielu l\u012bdzek\u013ca daudzumu uz mitr\u0101s sejas, pamas\u0113jiet, nomazg\u0101jiet ar \u016bdeni. Nav \u0101rstniec\u012bbas l\u012bdzeklis.&nbsp;<\/p>\n","protected":false},"excerpt":{"rendered":"<p>Visiem \u0101das tipiem. Ekspress-form\u0101ts sejas ikdienas att\u012br\u012b\u0161anai 2in1: \u017deleja \u2013 maigi att\u012bra, apv\u0101kojot \u0101du ar komfortu un kop\u0161anu. Skrubis \u2013 papildina att\u012bro\u0161u efektu, izl\u012bdzina \u0101du un pie\u0161\u0137ir mirdzumu. Lieto\u0161ana: nelielu l\u012bdzek\u013ca daudzumu uz mitr\u0101s sejas, pamas\u0113jiet, nomazg\u0101jiet ar \u016bdeni. Nav \u0101rstniec\u012bbas l\u012bdzeklis.&nbsp;<\/p>\n","protected":false},"featured_media":82454,"template":"","meta":[],"product_cat":[1575],"product_tag":[],"class_list":{"0":"post-35028","1":"product","2":"type-product","3":"status-publish","4":"has-post-thumbnail","6":"product_brand-unilever-rus","7":"product_cat-zelejas","9":"first","10":"outofstock","11":"taxable","12":"shipping-taxable","13":"product-type-simple"},"_links":{"self":[{"href":"https:\/\/e.kosmolat.eu\/lv\/wp-json\/wp\/v2\/product\/35028","targetHints":{"allow":["GET"]}}],"collection":[{"href":"https:\/\/e.kosmolat.eu\/lv\/wp-json\/wp\/v2\/product"}],"about":[{"href":"https:\/\/e.kosmolat.eu\/lv\/wp-json\/wp\/v2\/types\/product"}],"wp:featuredmedia":[{"embeddable":true,"href":"https:\/\/e.kosmolat.eu\/lv\/wp-json\/wp\/v2\/media\/82454"}],"wp:attachment":[{"href":"https:\/\/e.kosmolat.eu\/lv\/wp-json\/wp\/v2\/media?parent=35028"}],"wp:term":[{"taxonomy":"product_cat","embeddable":true,"href":"https:\/\/e.kosmolat.eu\/lv\/wp-json\/wp\/v2\/product_cat?post=35028"},{"taxonomy":"product_tag","embeddable":true,"href":"https:\/\/e.kosmolat.eu\/lv\/wp-json\/wp\/v2\/product_tag?post=35028"}],"curies":[{"name":"wp","href":"https:\/\/api.w.org\/{rel}","templated":true}]}}