{"id":35024,"date":"2023-12-22T16:30:28","date_gmt":"2023-12-22T16:30:28","guid":{"rendered":"https:\/\/e.kosmolat.eu\/product\/cl-auduma-sejas-maska-ideala-ada-situaciju-1-gab\/"},"modified":"2025-09-19T20:05:46","modified_gmt":"2025-09-19T20:05:46","slug":"cl-auduma-sejas-maska-ideala-ada-situaciju-1-gab","status":"publish","type":"product","link":"https:\/\/e.kosmolat.eu\/lv\/product\/cl-auduma-sejas-maska-ideala-ada-situaciju-1-gab\/","title":{"rendered":"CL Auduma sejas maska &#8220;Ide\u0101la \u0101da&#8221; situaciju, 1 gab."},"content":{"rendered":"<p>SVAR\u012aGI! Maskas iepakojums var b\u016bt viens no pied\u0101v\u0101tajiem.<\/p>\n","protected":false},"excerpt":{"rendered":"<p>SVAR\u012aGI! Maskas iepakojums var b\u016bt viens no pied\u0101v\u0101tajiem.<\/p>\n","protected":false},"featured_media":83586,"template":"","meta":[],"product_cat":[1367],"product_tag":[],"class_list":{"0":"post-35024","1":"product","2":"type-product","3":"status-publish","4":"has-post-thumbnail","6":"product_brand-unilever-rus","7":"product_cat-sejas-maskas","9":"first","10":"outofstock","11":"taxable","12":"shipping-taxable","13":"product-type-simple"},"_links":{"self":[{"href":"https:\/\/e.kosmolat.eu\/lv\/wp-json\/wp\/v2\/product\/35024","targetHints":{"allow":["GET"]}}],"collection":[{"href":"https:\/\/e.kosmolat.eu\/lv\/wp-json\/wp\/v2\/product"}],"about":[{"href":"https:\/\/e.kosmolat.eu\/lv\/wp-json\/wp\/v2\/types\/product"}],"wp:featuredmedia":[{"embeddable":true,"href":"https:\/\/e.kosmolat.eu\/lv\/wp-json\/wp\/v2\/media\/83586"}],"wp:attachment":[{"href":"https:\/\/e.kosmolat.eu\/lv\/wp-json\/wp\/v2\/media?parent=35024"}],"wp:term":[{"taxonomy":"product_cat","embeddable":true,"href":"https:\/\/e.kosmolat.eu\/lv\/wp-json\/wp\/v2\/product_cat?post=35024"},{"taxonomy":"product_tag","embeddable":true,"href":"https:\/\/e.kosmolat.eu\/lv\/wp-json\/wp\/v2\/product_tag?post=35024"}],"curies":[{"name":"wp","href":"https:\/\/api.w.org\/{rel}","templated":true}]}}