{"id":34984,"date":"2023-12-22T16:14:19","date_gmt":"2023-12-22T16:14:19","guid":{"rendered":"https:\/\/e.kosmolat.eu\/product\/princessa-dubultais-lupu-spidums-persiku-zefirs-10-ml\/"},"modified":"2025-09-19T19:46:57","modified_gmt":"2025-09-19T19:46:57","slug":"princessa-dubultais-lupu-spidums-persiku-zefirs-10-ml","status":"publish","type":"product","link":"https:\/\/e.kosmolat.eu\/lv\/product\/princessa-dubultais-lupu-spidums-persiku-zefirs-10-ml\/","title":{"rendered":"PRINCESSA Dubultais l\u016bpu sp\u012bdums Persiku zef\u012brs, 10 ml"},"content":{"rendered":"<p>UV-filtrs. Vitam\u012bnu un e\u013c\u013cu komplekss. Saldo persiku arom\u0101ts. Divi l\u016bpu sp\u012bdumi vien\u0101 iepakojum\u0101.<\/p>\n<p><strong>Lieto&scaron;ana:<\/strong> ar spon\u017ea pal\u012bdz\u012bbu uzman\u012bgi uzkl\u0101t uz l\u016bp\u0101m. Lietot pieaugu&scaron;o uzraudz\u012bb\u0101. B\u0113rniem no 3 gadu vecuma.<\/p>\n<p>&nbsp;<\/p>\n","protected":false},"excerpt":{"rendered":"<p>UV-filtrs. Vitam\u012bnu un e\u013c\u013cu komplekss. Saldo persiku arom\u0101ts. Divi l\u016bpu sp\u012bdumi vien\u0101 iepakojum\u0101. Lieto&scaron;ana: ar spon\u017ea pal\u012bdz\u012bbu uzman\u012bgi uzkl\u0101t uz l\u016bp\u0101m. Lietot pieaugu&scaron;o uzraudz\u012bb\u0101. B\u0113rniem no 3 gadu vecuma. &nbsp;<\/p>\n","protected":false},"featured_media":83182,"template":"","meta":[],"product_cat":[1361],"product_tag":[],"class_list":{"0":"post-34984","1":"product","2":"type-product","3":"status-publish","4":"has-post-thumbnail","6":"product_brand-vecie-kodi","7":"product_cat-adas-kopsanas-kosmetika","9":"first","10":"outofstock","11":"taxable","12":"shipping-taxable","13":"product-type-simple"},"_links":{"self":[{"href":"https:\/\/e.kosmolat.eu\/lv\/wp-json\/wp\/v2\/product\/34984","targetHints":{"allow":["GET"]}}],"collection":[{"href":"https:\/\/e.kosmolat.eu\/lv\/wp-json\/wp\/v2\/product"}],"about":[{"href":"https:\/\/e.kosmolat.eu\/lv\/wp-json\/wp\/v2\/types\/product"}],"wp:featuredmedia":[{"embeddable":true,"href":"https:\/\/e.kosmolat.eu\/lv\/wp-json\/wp\/v2\/media\/83182"}],"wp:attachment":[{"href":"https:\/\/e.kosmolat.eu\/lv\/wp-json\/wp\/v2\/media?parent=34984"}],"wp:term":[{"taxonomy":"product_cat","embeddable":true,"href":"https:\/\/e.kosmolat.eu\/lv\/wp-json\/wp\/v2\/product_cat?post=34984"},{"taxonomy":"product_tag","embeddable":true,"href":"https:\/\/e.kosmolat.eu\/lv\/wp-json\/wp\/v2\/product_tag?post=34984"}],"curies":[{"name":"wp","href":"https:\/\/api.w.org\/{rel}","templated":true}]}}