{"id":34980,"date":"2023-12-22T16:13:58","date_gmt":"2023-12-22T16:13:58","guid":{"rendered":"https:\/\/e.kosmolat.eu\/product\/sunday-velas-kondicionieris-maijpukisu-svaigums-1-l\/"},"modified":"2025-09-22T12:14:08","modified_gmt":"2025-09-22T12:14:08","slug":"sunday-velas-kondicionieris-maijpukisu-svaigums-1-l","status":"publish","type":"product","link":"https:\/\/e.kosmolat.eu\/lv\/product\/sunday-velas-kondicionieris-maijpukisu-svaigums-1-l\/","title":{"rendered":"Sunday  Ve\u013cas kondicionieris Maijpu\u0137\u012b\u0161u svaigums, 1 l"},"content":{"rendered":"<p>Paredz\u0113ts visu veidu ve\u013cai pat\u012bkama arom\u0101ta pie&scaron;\u0137ir&scaron;anai, maigumam, statisk\u0101s elektr\u012bbas no\u0146em&scaron;anai un gludin\u0101&scaron;anas atvieglo&scaron;anai.&nbsp;<\/p>\n<p><strong>Sast\u0101v\u0101:<\/strong> maz\u0101k par 5 % katjonu virsmakt\u012bvo vielu. Smar\u017eas un arom\u0101tisk\u0101s kompoz\u012bcijas\/ Benzyl Salicylate. Konservanti: Methylchloroisothiazolinone\/ Methylisothiazolinone.<\/p>\n<p><strong>Lieto&scaron;ana: <\/strong>uz 5 kg ve\u013cas ieliet 120 ml (3 v\u0101ci\u0146us) l\u012bdzek\u013ca kondicionierim paredz\u0113taj\u0101 ve\u013cas ma&scaron;\u012bnas nodal\u012bjum\u0101 vai, mazg\u0101jot ar rok\u0101m, 60 ml l\u012bdzek\u013ca (1,5 v\u0101ci\u0146&scaron;) at&scaron;\u0137aid\u012bt 10 l \u016bdens.&nbsp;<\/p>\n<p><strong>Piesardz\u012bbas pas\u0101kumi:<\/strong> SASKAR\u0112 AR AC\u012aM: Uzman\u012bgi izskalot ar \u016bdeni vair\u0101kas min\u016btes. Iz\u0146emt kontaktl\u0113cas, ja t\u0101s ir ievietotas un ja to var vienk\u0101r&scaron;i izdar\u012bt. Turpin\u0101t skalot. Ja acu iekaisums nep\u0101riet: l\u016bdziet medi\u0137u pal\u012bdz\u012bbu. Ja rodas \u0101das iekaisums: l\u016bdziet medi\u0137u pal\u012bdz\u012bbu. P\u0113c izmanto&scaron;anas rokas k\u0101rt\u012bgi nomazg\u0101t. Sarg\u0101t no b\u0113rniem.<\/p>\n<p><strong>Uzglab\u0101&scaron;anas noteikumi:<\/strong> uzglab\u0101t atsevi&scaron;\u0137i no p\u0101rtikas produktiem temperat\u016br\u0101 no +5&deg;C l\u012bdz +25&deg;C un relat\u012bvaj\u0101 gaisa mitrum\u0101 ne vair\u0101k k\u0101 95%, sarg\u0101jot no tie&scaron;iem saules stariem. L\u012bdzekli uzglab\u0101t tikai ra\u017eot\u0101ja iepakojum\u0101, iev\u0113rojot visas uzglab\u0101&scaron;anas pras\u012bbas.<\/p>\n<p><strong>Der\u012bguma termi\u0146&scaron;:<\/strong> 24 m\u0113ne&scaron;i no izgatavo&scaron;anas datuma.<br \/>\n&nbsp;<\/p>\n","protected":false},"excerpt":{"rendered":"<p>Paredz\u0113ts visu veidu ve\u013cai pat\u012bkama arom\u0101ta pie&scaron;\u0137ir&scaron;anai, maigumam, statisk\u0101s elektr\u012bbas no\u0146em&scaron;anai un gludin\u0101&scaron;anas atvieglo&scaron;anai.&nbsp; Sast\u0101v\u0101: maz\u0101k par 5 % katjonu virsmakt\u012bvo vielu. Smar\u017eas un arom\u0101tisk\u0101s kompoz\u012bcijas\/ Benzyl Salicylate. Konservanti: Methylchloroisothiazolinone\/ Methylisothiazolinone. Lieto&scaron;ana: uz 5 kg ve\u013cas ieliet 120 ml (3 v\u0101ci\u0146us) l\u012bdzek\u013ca kondicionierim paredz\u0113taj\u0101 ve\u013cas ma&scaron;\u012bnas nodal\u012bjum\u0101 vai, mazg\u0101jot ar rok\u0101m, 60 ml l\u012bdzek\u013ca (1,5 [&#8230;]\n","protected":false},"featured_media":83142,"template":"","meta":[],"product_cat":[1483],"product_tag":[],"class_list":{"0":"post-34980","1":"product","2":"type-product","3":"status-publish","4":"has-post-thumbnail","6":"product_brand-sontsa-by","7":"product_cat-plovikliai","9":"first","10":"instock","11":"taxable","12":"shipping-taxable","13":"product-type-simple"},"_links":{"self":[{"href":"https:\/\/e.kosmolat.eu\/lv\/wp-json\/wp\/v2\/product\/34980","targetHints":{"allow":["GET"]}}],"collection":[{"href":"https:\/\/e.kosmolat.eu\/lv\/wp-json\/wp\/v2\/product"}],"about":[{"href":"https:\/\/e.kosmolat.eu\/lv\/wp-json\/wp\/v2\/types\/product"}],"wp:featuredmedia":[{"embeddable":true,"href":"https:\/\/e.kosmolat.eu\/lv\/wp-json\/wp\/v2\/media\/83142"}],"wp:attachment":[{"href":"https:\/\/e.kosmolat.eu\/lv\/wp-json\/wp\/v2\/media?parent=34980"}],"wp:term":[{"taxonomy":"product_cat","embeddable":true,"href":"https:\/\/e.kosmolat.eu\/lv\/wp-json\/wp\/v2\/product_cat?post=34980"},{"taxonomy":"product_tag","embeddable":true,"href":"https:\/\/e.kosmolat.eu\/lv\/wp-json\/wp\/v2\/product_tag?post=34980"}],"curies":[{"name":"wp","href":"https:\/\/api.w.org\/{rel}","templated":true}]}}