{"id":34976,"date":"2023-12-22T16:13:43","date_gmt":"2023-12-22T16:13:43","guid":{"rendered":"https:\/\/e.kosmolat.eu\/product\/acumen-ambre-smarzudens-viriesiem-100-ml\/"},"modified":"2025-09-19T19:49:39","modified_gmt":"2025-09-19T19:49:39","slug":"acumen-ambre-smarzudens-viriesiem-100-ml","status":"publish","type":"product","link":"https:\/\/e.kosmolat.eu\/lv\/product\/acumen-ambre-smarzudens-viriesiem-100-ml\/","title":{"rendered":"\u00abAcumen Ambre\u00bb Smar\u017e\u016bdens v\u012brie\u0161iem, 100 ml"},"content":{"rendered":"<p>Galven\u0101s notis: citrons, roz\u0101 pipari, piparm\u0113tra.\n<\/p>\n<p>Sirds notis: priede, kardamons, \u0123er\u0101nija.\n<\/p>\n<p>Pamatnotis: s\u016bnas, tonkas pupi\u0146as, sausa koksne, vetivers.<\/p>\n","protected":false},"excerpt":{"rendered":"<p>Galven\u0101s notis: citrons, roz\u0101 pipari, piparm\u0113tra. Sirds notis: priede, kardamons, \u0123er\u0101nija. Pamatnotis: s\u016bnas, tonkas pupi\u0146as, sausa koksne, vetivers.<\/p>\n","protected":false},"featured_media":83234,"template":"","meta":[],"product_cat":[1437],"product_tag":[],"class_list":{"0":"post-34976","1":"product","2":"type-product","3":"status-publish","4":"has-post-thumbnail","6":"product_brand-dilis-kosmetik_by","7":"product_cat-1437","9":"first","10":"outofstock","11":"taxable","12":"shipping-taxable","13":"product-type-simple"},"_links":{"self":[{"href":"https:\/\/e.kosmolat.eu\/lv\/wp-json\/wp\/v2\/product\/34976","targetHints":{"allow":["GET"]}}],"collection":[{"href":"https:\/\/e.kosmolat.eu\/lv\/wp-json\/wp\/v2\/product"}],"about":[{"href":"https:\/\/e.kosmolat.eu\/lv\/wp-json\/wp\/v2\/types\/product"}],"wp:featuredmedia":[{"embeddable":true,"href":"https:\/\/e.kosmolat.eu\/lv\/wp-json\/wp\/v2\/media\/83234"}],"wp:attachment":[{"href":"https:\/\/e.kosmolat.eu\/lv\/wp-json\/wp\/v2\/media?parent=34976"}],"wp:term":[{"taxonomy":"product_cat","embeddable":true,"href":"https:\/\/e.kosmolat.eu\/lv\/wp-json\/wp\/v2\/product_cat?post=34976"},{"taxonomy":"product_tag","embeddable":true,"href":"https:\/\/e.kosmolat.eu\/lv\/wp-json\/wp\/v2\/product_tag?post=34976"}],"curies":[{"name":"wp","href":"https:\/\/api.w.org\/{rel}","templated":true}]}}