{"id":34972,"date":"2023-12-22T16:13:20","date_gmt":"2023-12-22T16:13:20","guid":{"rendered":"https:\/\/e.kosmolat.eu\/product\/christian-dubois-tualetes-udens-viriesiem-original-100-ml\/"},"modified":"2025-09-19T19:42:13","modified_gmt":"2025-09-19T19:42:13","slug":"christian-dubois-tualetes-udens-viriesiem-original-100-ml","status":"publish","type":"product","link":"https:\/\/e.kosmolat.eu\/lv\/product\/christian-dubois-tualetes-udens-viriesiem-original-100-ml\/","title":{"rendered":"&#8220;Christian Dubois&#8221;  Tualetes \u016bdens v\u012brie\u0161iem &#8220;Original&#8221;, 100 ml"},"content":{"rendered":"<p><strong>Galven\u0101s notis:<\/strong> bergamots, apels\u012bns, citrons, mandar\u012bns.&nbsp;<\/p>\n<p><strong>Sirds notis:<\/strong> kokosrieksts, ciedrs, eikalipts.&nbsp;<\/p>\n<p><strong>Pamatnotis:<\/strong> ambra, baltais muskuss.<\/p>\n<p>Uzglab\u0101t temperat\u016br\u0101 no +5 &deg;C l\u012bdz +25 &deg;C, sarg\u0101jot no tie&scaron;iem saules stariem un siltuma avotiem.&nbsp;<\/p>\n<p><strong>Piesardz\u012bbas pas\u0101kumi:<\/strong> tikai \u0101r\u012bgai lieto&scaron;anai. Izvair\u012bties no iek\u013c\u016b&scaron;anas ac\u012bs. Neizsmidzin\u0101t atkl\u0101tas liesmas tuvum\u0101. Produkta lieto&scaron;ana iek&scaron;\u0137\u012bgi ir b\u012bstama dz\u012bv\u012bbai un vesel\u012bbai.<\/p>\n<p>Etilspirta tilpuma da\u013ca 80% tilp.<br \/>\n&nbsp;<\/p>\n","protected":false},"excerpt":{"rendered":"<p>Galven\u0101s notis: bergamots, apels\u012bns, citrons, mandar\u012bns.&nbsp; Sirds notis: kokosrieksts, ciedrs, eikalipts.&nbsp; Pamatnotis: ambra, baltais muskuss. Uzglab\u0101t temperat\u016br\u0101 no +5 &deg;C l\u012bdz +25 &deg;C, sarg\u0101jot no tie&scaron;iem saules stariem un siltuma avotiem.&nbsp; Piesardz\u012bbas pas\u0101kumi: tikai \u0101r\u012bgai lieto&scaron;anai. Izvair\u012bties no iek\u013c\u016b&scaron;anas ac\u012bs. Neizsmidzin\u0101t atkl\u0101tas liesmas tuvum\u0101. Produkta lieto&scaron;ana iek&scaron;\u0137\u012bgi ir b\u012bstama dz\u012bv\u012bbai un vesel\u012bbai. Etilspirta tilpuma da\u013ca [&#8230;]\n","protected":false},"featured_media":83094,"template":"","meta":[],"product_cat":[1438],"product_tag":[],"class_list":{"0":"post-34972","1":"product","2":"type-product","3":"status-publish","4":"has-post-thumbnail","6":"product_brand-dilis-kosmetik_by","7":"product_cat-kvepalai-ir-tualetinis-vanduo-vyrams","9":"first","10":"outofstock","11":"taxable","12":"shipping-taxable","13":"product-type-simple"},"_links":{"self":[{"href":"https:\/\/e.kosmolat.eu\/lv\/wp-json\/wp\/v2\/product\/34972","targetHints":{"allow":["GET"]}}],"collection":[{"href":"https:\/\/e.kosmolat.eu\/lv\/wp-json\/wp\/v2\/product"}],"about":[{"href":"https:\/\/e.kosmolat.eu\/lv\/wp-json\/wp\/v2\/types\/product"}],"wp:featuredmedia":[{"embeddable":true,"href":"https:\/\/e.kosmolat.eu\/lv\/wp-json\/wp\/v2\/media\/83094"}],"wp:attachment":[{"href":"https:\/\/e.kosmolat.eu\/lv\/wp-json\/wp\/v2\/media?parent=34972"}],"wp:term":[{"taxonomy":"product_cat","embeddable":true,"href":"https:\/\/e.kosmolat.eu\/lv\/wp-json\/wp\/v2\/product_cat?post=34972"},{"taxonomy":"product_tag","embeddable":true,"href":"https:\/\/e.kosmolat.eu\/lv\/wp-json\/wp\/v2\/product_tag?post=34972"}],"curies":[{"name":"wp","href":"https:\/\/api.w.org\/{rel}","templated":true}]}}