{"id":34920,"date":"2023-12-22T16:10:20","date_gmt":"2023-12-22T16:10:20","guid":{"rendered":"https:\/\/e.kosmolat.eu\/product\/i_pe-zobu-pasta-bebrs-tjoma-3-6-gadi-50-ml\/"},"modified":"2026-04-15T13:21:24","modified_gmt":"2026-04-15T13:21:24","slug":"pe-zobu-pasta-bebrs-dzastins-3-6-gadi-50-ml","status":"publish","type":"product","link":"https:\/\/e.kosmolat.eu\/lv\/product\/pe-zobu-pasta-bebrs-dzastins-3-6-gadi-50-ml\/","title":{"rendered":"PE Zobu pasta Bebrs D\u017eastins 3-6 gadi, 50 ml"},"content":{"rendered":"<p>Zobu pasta ar \u0137ir&scaron;u gar&scaron;u saudz\u012bgi att\u012bra piena zobus, netraum\u0113jot pl\u0101nu emalju. Satur alveju un&nbsp;&scaron;\u0137idro kalciju, kas kav\u0113 kariesa att\u012bst\u012b&scaron;anos. B\u0113rniem no 3 l\u012bdz 6 gadiem.<\/p>\n<p><strong>Lieto&scaron;ana: <\/strong>nelielu zobu pastas daudzumu zir\u0146a lielum\u0101&nbsp;uzkl\u0101t uz zobu birsti un izt\u012br\u012bt zobus.<\/p>\n<p><strong>Piesardz\u012bbas pas\u0101kumi:<\/strong> b\u0113rniem l\u012bdz 6 gadiem t\u012br\u012bt zobus vec\u0101ku uzraudz\u012bb\u0101.<\/p>\n","protected":false},"excerpt":{"rendered":"<p>Zobu pasta ar \u0137ir&scaron;u gar&scaron;u saudz\u012bgi att\u012bra piena zobus, netraum\u0113jot pl\u0101nu emalju. Satur alveju un&nbsp;&scaron;\u0137idro kalciju, kas kav\u0113 kariesa att\u012bst\u012b&scaron;anos. B\u0113rniem no 3 l\u012bdz 6 gadiem. Lieto&scaron;ana: nelielu zobu pastas daudzumu zir\u0146a lielum\u0101&nbsp;uzkl\u0101t uz zobu birsti un izt\u012br\u012bt zobus. Piesardz\u012bbas pas\u0101kumi: b\u0113rniem l\u012bdz 6 gadiem t\u012br\u012bt zobus vec\u0101ku uzraudz\u012bb\u0101.<\/p>\n","protected":false},"featured_media":78301,"template":"","meta":[],"product_cat":[1335],"product_tag":[],"class_list":{"0":"post-34920","1":"product","2":"type-product","3":"status-publish","4":"has-post-thumbnail","6":"product_brand-elfa_ua","7":"product_cat-bernu-mutes-dobuma-higiena","9":"first","10":"instock","11":"taxable","12":"shipping-taxable","13":"product-type-simple"},"_links":{"self":[{"href":"https:\/\/e.kosmolat.eu\/lv\/wp-json\/wp\/v2\/product\/34920","targetHints":{"allow":["GET"]}}],"collection":[{"href":"https:\/\/e.kosmolat.eu\/lv\/wp-json\/wp\/v2\/product"}],"about":[{"href":"https:\/\/e.kosmolat.eu\/lv\/wp-json\/wp\/v2\/types\/product"}],"wp:featuredmedia":[{"embeddable":true,"href":"https:\/\/e.kosmolat.eu\/lv\/wp-json\/wp\/v2\/media\/78301"}],"wp:attachment":[{"href":"https:\/\/e.kosmolat.eu\/lv\/wp-json\/wp\/v2\/media?parent=34920"}],"wp:term":[{"taxonomy":"product_cat","embeddable":true,"href":"https:\/\/e.kosmolat.eu\/lv\/wp-json\/wp\/v2\/product_cat?post=34920"},{"taxonomy":"product_tag","embeddable":true,"href":"https:\/\/e.kosmolat.eu\/lv\/wp-json\/wp\/v2\/product_tag?post=34920"}],"curies":[{"name":"wp","href":"https:\/\/api.w.org\/{rel}","templated":true}]}}