{"id":34916,"date":"2023-12-22T16:09:55","date_gmt":"2023-12-22T16:09:55","guid":{"rendered":"https:\/\/e.kosmolat.eu\/product\/dr-s-coconut-hair-maska-1-l\/"},"modified":"2026-04-15T13:22:35","modified_gmt":"2026-04-15T13:22:35","slug":"dr-s-coconut-hair-maska-1-l","status":"publish","type":"product","link":"https:\/\/e.kosmolat.eu\/lv\/product\/dr-s-coconut-hair-maska-1-l\/","title":{"rendered":"&#8220;Dr.S.Coconut Hair&#8221; Maska 1 l"},"content":{"rendered":"<p>Ekstra mitrin\u0101&scaron;ana. Kokosriekstu e\u013c\u013ca. Atjauno&scaron;ana un sp\u012bdums. Sausiem un l\u016bsto&scaron;iem matiem. \u016adens l\u012bdzsvara atjauno&scaron;ana mata iek&scaron;pus\u0113. &Scaron;\u0137elto matu gali\u0146u &ldquo;sal\u012bm\u0113&scaron;ana&rdquo;. Glanc\u0113ts sp\u012bdums. Uzlabo nov\u0101jin\u0101tu, boj\u0101tu, p\u0101rm\u0113r\u012bgi sausu matu strukt\u016bru un nodro&scaron;ina dzi\u013cu baro&scaron;anu. Pie&scaron;\u0137ir matiem vesel\u012bgu izskatu. Pateicoties kokosriekstu sviestu saturam, efekt\u012bvi kopj galvas \u0101du. Regul\u0101r\u0101 maskas lieto&scaron;ana veicina matu stumbra re\u0123ener\u0101ciju.<\/p>\n<p><strong>Lieto&scaron;ana: <\/strong>uzkl\u0101t uz mitriem vai sausiem matiem, atst\u0101t uz 2-3 min\u016bt\u0113m, tad r\u016bp\u012bgi nomazg\u0101t. Lietot 1-2 reizes ned\u0113\u013c\u0101. \u012apa&scaron;i boj\u0101tiem, nov\u0101jin\u0101tiem matiem ieteicams lietot katr\u0101 matu mazg\u0101&scaron;anas reiz\u0113.<\/p>\n<p><strong>Piesardz\u012bbas pas\u0101kumi<\/strong>: ja iek\u013c\u016bst ac\u012bs, izskalot ar \u016bdeni. Ir iesp\u0113jama individu\u0101l\u0101 jut\u012bba pret atsevi&scaron;\u0137\u0101m sast\u0101vda\u013c\u0101m.&nbsp;<\/p>\n","protected":false},"excerpt":{"rendered":"<p>Ekstra mitrin\u0101&scaron;ana. Kokosriekstu e\u013c\u013ca. Atjauno&scaron;ana un sp\u012bdums. Sausiem un l\u016bsto&scaron;iem matiem. \u016adens l\u012bdzsvara atjauno&scaron;ana mata iek&scaron;pus\u0113. &Scaron;\u0137elto matu gali\u0146u &ldquo;sal\u012bm\u0113&scaron;ana&rdquo;. Glanc\u0113ts sp\u012bdums. Uzlabo nov\u0101jin\u0101tu, boj\u0101tu, p\u0101rm\u0113r\u012bgi sausu matu strukt\u016bru un nodro&scaron;ina dzi\u013cu baro&scaron;anu. Pie&scaron;\u0137ir matiem vesel\u012bgu izskatu. Pateicoties kokosriekstu sviestu saturam, efekt\u012bvi kopj galvas \u0101du. Regul\u0101r\u0101 maskas lieto&scaron;ana veicina matu stumbra re\u0123ener\u0101ciju. Lieto&scaron;ana: uzkl\u0101t uz [&#8230;]\n","protected":false},"featured_media":83014,"template":"","meta":[],"product_cat":[1256],"product_tag":[],"class_list":{"0":"post-34916","1":"product","2":"type-product","3":"status-publish","4":"has-post-thumbnail","6":"product_brand-elfa_ua","7":"product_cat-plauku-kaukes","9":"first","10":"instock","11":"taxable","12":"shipping-taxable","13":"product-type-simple"},"_links":{"self":[{"href":"https:\/\/e.kosmolat.eu\/lv\/wp-json\/wp\/v2\/product\/34916","targetHints":{"allow":["GET"]}}],"collection":[{"href":"https:\/\/e.kosmolat.eu\/lv\/wp-json\/wp\/v2\/product"}],"about":[{"href":"https:\/\/e.kosmolat.eu\/lv\/wp-json\/wp\/v2\/types\/product"}],"wp:featuredmedia":[{"embeddable":true,"href":"https:\/\/e.kosmolat.eu\/lv\/wp-json\/wp\/v2\/media\/83014"}],"wp:attachment":[{"href":"https:\/\/e.kosmolat.eu\/lv\/wp-json\/wp\/v2\/media?parent=34916"}],"wp:term":[{"taxonomy":"product_cat","embeddable":true,"href":"https:\/\/e.kosmolat.eu\/lv\/wp-json\/wp\/v2\/product_cat?post=34916"},{"taxonomy":"product_tag","embeddable":true,"href":"https:\/\/e.kosmolat.eu\/lv\/wp-json\/wp\/v2\/product_tag?post=34916"}],"curies":[{"name":"wp","href":"https:\/\/api.w.org\/{rel}","templated":true}]}}