{"id":34908,"date":"2023-12-22T16:09:32","date_gmt":"2023-12-22T16:09:32","guid":{"rendered":"https:\/\/e.kosmolat.eu\/product\/dr-s-coconut-hair-sampuns-1-l\/"},"modified":"2026-04-15T12:21:27","modified_gmt":"2026-04-15T12:21:27","slug":"dr-s-coconut-hair-sampuns-1-l","status":"publish","type":"product","link":"https:\/\/e.kosmolat.eu\/lv\/product\/dr-s-coconut-hair-sampuns-1-l\/","title":{"rendered":"&#8220;Dr.S.Coconut Hair&#8221; \u0160amp\u016bns 1 l"},"content":{"rendered":"<p>Maigs pamats. Saudz\u012bga att\u012br\u012b\u0161ana. P\u0101rm\u0113r\u012bga matu p\u016bkainuma nov\u0113r\u0161ana. \u0160amp\u016bns labi putojas, viegli nomazg\u0101jams, sagatavo matus t\u0101l\u0101kai kop\u0161anai. Lieto\u0161ana: uzkl\u0101t uz mitriem matiem, saputot, nomazg\u0101t ar \u016bdeni. Nepiecie\u0161am\u012bbas gad\u012bjum\u0101 proced\u016bru atk\u0101rot. Var lietot ikdien\u0101.\u00a0<\/p>\n","protected":false},"excerpt":{"rendered":"<p>Maigs pamats. Saudz\u012bga att\u012br\u012b\u0161ana. P\u0101rm\u0113r\u012bga matu p\u016bkainuma nov\u0113r\u0161ana. \u0160amp\u016bns labi putojas, viegli nomazg\u0101jams, sagatavo matus t\u0101l\u0101kai kop\u0161anai. Lieto\u0161ana: uzkl\u0101t uz mitriem matiem, saputot, nomazg\u0101t ar \u016bdeni. Nepiecie\u0161am\u012bbas gad\u012bjum\u0101 proced\u016bru atk\u0101rot. Var lietot ikdien\u0101.\u00a0<\/p>\n","protected":false},"featured_media":83010,"template":"","meta":[],"product_cat":[1248],"product_tag":[],"class_list":{"0":"post-34908","1":"product","2":"type-product","3":"status-publish","4":"has-post-thumbnail","6":"product_brand-elfa_ua","7":"product_cat-sampuni","9":"first","10":"instock","11":"taxable","12":"shipping-taxable","13":"product-type-simple"},"_links":{"self":[{"href":"https:\/\/e.kosmolat.eu\/lv\/wp-json\/wp\/v2\/product\/34908","targetHints":{"allow":["GET"]}}],"collection":[{"href":"https:\/\/e.kosmolat.eu\/lv\/wp-json\/wp\/v2\/product"}],"about":[{"href":"https:\/\/e.kosmolat.eu\/lv\/wp-json\/wp\/v2\/types\/product"}],"wp:featuredmedia":[{"embeddable":true,"href":"https:\/\/e.kosmolat.eu\/lv\/wp-json\/wp\/v2\/media\/83010"}],"wp:attachment":[{"href":"https:\/\/e.kosmolat.eu\/lv\/wp-json\/wp\/v2\/media?parent=34908"}],"wp:term":[{"taxonomy":"product_cat","embeddable":true,"href":"https:\/\/e.kosmolat.eu\/lv\/wp-json\/wp\/v2\/product_cat?post=34908"},{"taxonomy":"product_tag","embeddable":true,"href":"https:\/\/e.kosmolat.eu\/lv\/wp-json\/wp\/v2\/product_tag?post=34908"}],"curies":[{"name":"wp","href":"https:\/\/api.w.org\/{rel}","templated":true}]}}