{"id":34884,"date":"2023-12-22T16:07:43","date_gmt":"2023-12-22T16:07:43","guid":{"rendered":"https:\/\/e.kosmolat.eu\/product\/lv-brow-powder-puderis-uzacim-02-tonis\/"},"modified":"2025-09-19T19:51:13","modified_gmt":"2025-09-19T19:51:13","slug":"i_lv-brow-powder-puderis-uzacim-02-tonis","status":"publish","type":"product","link":"https:\/\/e.kosmolat.eu\/lv\/product\/i_lv-brow-powder-puderis-uzacim-02-tonis\/","title":{"rendered":"I_LV BROW POWDER P\u016bderis uzac\u012bm, 02 tonis"},"content":{"rendered":"<p>Pulveris ir viegli uzkl\u0101jams un \u0113nojams, pal\u012bdz maigi uzz\u012bm\u0113t kont\u016bru un piel\u0101go uzacu formu, neradot skaidras robe\u017eas. Padara dabisko uzacu nokr\u0101su dzi\u013c\u0101ku un pies\u0101tin\u0101tu. Pie\u0161\u0137ir uzac\u012bm vizu\u0101lu bl\u012bvumu un apjomu, vienm\u0113r\u012bgi iekr\u0101so tuk\u0161\u0101s vietas starp mati\u0146iem. Pateicoties notur\u012bgajai formulai, pulveris saglab\u0101 teicamu iedarb\u012bbu, nesadrupin\u0101j\u0101s un nerull\u0113j\u0101s. Ir pieejami \u010detri dabiski d\u016bmakaini to\u0146i.<\/p>\n","protected":false},"excerpt":{"rendered":"<p>Pulveris ir viegli uzkl\u0101jams un \u0113nojams, pal\u012bdz maigi uzz\u012bm\u0113t kont\u016bru un piel\u0101go uzacu formu, neradot skaidras robe\u017eas. Padara dabisko uzacu nokr\u0101su dzi\u013c\u0101ku un pies\u0101tin\u0101tu. Pie\u0161\u0137ir uzac\u012bm vizu\u0101lu bl\u012bvumu un apjomu, vienm\u0113r\u012bgi iekr\u0101so tuk\u0161\u0101s vietas starp mati\u0146iem. Pateicoties notur\u012bgajai formulai, pulveris saglab\u0101 teicamu iedarb\u012bbu, nesadrupin\u0101j\u0101s un nerull\u0113j\u0101s. Ir pieejami \u010detri dabiski d\u016bmakaini to\u0146i.<\/p>\n","protected":false},"featured_media":83266,"template":"","meta":[],"product_cat":[1506],"product_tag":[],"class_list":{"0":"post-34884","1":"product","2":"type-product","3":"status-publish","4":"has-post-thumbnail","6":"product_brand-lux-visage_by","7":"product_cat-uzacim","9":"first","10":"outofstock","11":"taxable","12":"shipping-taxable","13":"product-type-simple"},"_links":{"self":[{"href":"https:\/\/e.kosmolat.eu\/lv\/wp-json\/wp\/v2\/product\/34884","targetHints":{"allow":["GET"]}}],"collection":[{"href":"https:\/\/e.kosmolat.eu\/lv\/wp-json\/wp\/v2\/product"}],"about":[{"href":"https:\/\/e.kosmolat.eu\/lv\/wp-json\/wp\/v2\/types\/product"}],"wp:featuredmedia":[{"embeddable":true,"href":"https:\/\/e.kosmolat.eu\/lv\/wp-json\/wp\/v2\/media\/83266"}],"wp:attachment":[{"href":"https:\/\/e.kosmolat.eu\/lv\/wp-json\/wp\/v2\/media?parent=34884"}],"wp:term":[{"taxonomy":"product_cat","embeddable":true,"href":"https:\/\/e.kosmolat.eu\/lv\/wp-json\/wp\/v2\/product_cat?post=34884"},{"taxonomy":"product_tag","embeddable":true,"href":"https:\/\/e.kosmolat.eu\/lv\/wp-json\/wp\/v2\/product_tag?post=34884"}],"curies":[{"name":"wp","href":"https:\/\/api.w.org\/{rel}","templated":true}]}}