{"id":34880,"date":"2023-12-22T16:07:24","date_gmt":"2023-12-22T16:07:24","guid":{"rendered":"https:\/\/e.kosmolat.eu\/product\/lv-baze-acu-enam-5-g\/"},"modified":"2025-09-19T19:51:28","modified_gmt":"2025-09-19T19:51:28","slug":"lv-baze-acu-enam-5-g","status":"publish","type":"product","link":"https:\/\/e.kosmolat.eu\/lv\/product\/lv-baze-acu-enam-5-g\/","title":{"rendered":"LV B\u0101ze acu \u0113n\u0101m, 5 g"},"content":{"rendered":"<p>\u0112nu b\u0101ze izl\u012bdzina un mat\u0113 plaksti\u0146u \u0101das virsmu, pateicoties kurai \u0113nas atrodas vienm\u0113r\u012bg\u0101 sl\u0101n\u012b un ir viegli iekr\u0101sojas.\n<\/p>\n<p>\u0112nu b\u0101zes laik\u0101 \u0113nas dienas laik\u0101 nerull\u0113, neveidojas drupatas un neaizsprostojas plaksti\u0146us.\n<\/p>\n<p>Nel\u012bpo\u0161\u0101 kr\u0113mveid\u012bga tekst\u016bra \u0101tri iz\u017e\u016bst un nav j\u016btama uz plaksti\u0146iem, nesavelk \u0101du.\n<\/p>\n<p>Piem\u0113rots visu veidu \u0113n\u0101m: kompakta, kr\u0113mveid\u012bga, \u0161\u0137idra.\u00a0\n<\/p>\n<p>Uzman\u012bbu! Displeja kr\u0101sas var at\u0161\u0137irties no faktisk\u0101s izstr\u0101d\u0101juma kr\u0101sas.<\/p>\n","protected":false},"excerpt":{"rendered":"<p>\u0112nu b\u0101ze izl\u012bdzina un mat\u0113 plaksti\u0146u \u0101das virsmu, pateicoties kurai \u0113nas atrodas vienm\u0113r\u012bg\u0101 sl\u0101n\u012b un ir viegli iekr\u0101sojas. \u0112nu b\u0101zes laik\u0101 \u0113nas dienas laik\u0101 nerull\u0113, neveidojas drupatas un neaizsprostojas plaksti\u0146us. Nel\u012bpo\u0161\u0101 kr\u0113mveid\u012bga tekst\u016bra \u0101tri iz\u017e\u016bst un nav j\u016btama uz plaksti\u0146iem, nesavelk \u0101du. Piem\u0113rots visu veidu \u0113n\u0101m: kompakta, kr\u0113mveid\u012bga, \u0161\u0137idra.\u00a0 Uzman\u012bbu! Displeja kr\u0101sas var at\u0161\u0137irties no [&#8230;]\n","protected":false},"featured_media":83270,"template":"","meta":[],"product_cat":[1296],"product_tag":[],"class_list":{"0":"post-34880","1":"product","2":"type-product","3":"status-publish","4":"has-post-thumbnail","6":"product_brand-lux-visage_by","7":"product_cat-1296","9":"first","10":"outofstock","11":"taxable","12":"shipping-taxable","13":"product-type-simple"},"_links":{"self":[{"href":"https:\/\/e.kosmolat.eu\/lv\/wp-json\/wp\/v2\/product\/34880","targetHints":{"allow":["GET"]}}],"collection":[{"href":"https:\/\/e.kosmolat.eu\/lv\/wp-json\/wp\/v2\/product"}],"about":[{"href":"https:\/\/e.kosmolat.eu\/lv\/wp-json\/wp\/v2\/types\/product"}],"wp:featuredmedia":[{"embeddable":true,"href":"https:\/\/e.kosmolat.eu\/lv\/wp-json\/wp\/v2\/media\/83270"}],"wp:attachment":[{"href":"https:\/\/e.kosmolat.eu\/lv\/wp-json\/wp\/v2\/media?parent=34880"}],"wp:term":[{"taxonomy":"product_cat","embeddable":true,"href":"https:\/\/e.kosmolat.eu\/lv\/wp-json\/wp\/v2\/product_cat?post=34880"},{"taxonomy":"product_tag","embeddable":true,"href":"https:\/\/e.kosmolat.eu\/lv\/wp-json\/wp\/v2\/product_tag?post=34880"}],"curies":[{"name":"wp","href":"https:\/\/api.w.org\/{rel}","templated":true}]}}