{"id":34828,"date":"2023-12-22T16:03:23","date_gmt":"2023-12-22T16:03:23","guid":{"rendered":"https:\/\/e.kosmolat.eu\/product\/lv-silk-dream-3-tonis-vaigu-sartums-5-g\/"},"modified":"2025-09-19T19:57:28","modified_gmt":"2025-09-19T19:57:28","slug":"lv-silk-dream-3-tonis-vaigu-sartums-5-g","status":"publish","type":"product","link":"https:\/\/e.kosmolat.eu\/lv\/product\/lv-silk-dream-3-tonis-vaigu-sartums-5-g\/","title":{"rendered":"LV SILK DREAM 3 tonis Vaigu s\u0101rtums  5 g,"},"content":{"rendered":"<p>Lieto\u0161ana: ar otu uzkl\u0101jiet nepiecie\u0161amo vaigu s\u0101rtuma daudzumu uz vaigiem.<\/p>\n<p>Uzglab\u0101t temperat\u016br\u0101 no +10 \u00b0\u0421 l\u012bdz +25 \u00b0\u0421.<\/p>\n","protected":false},"excerpt":{"rendered":"<p>Lieto\u0161ana: ar otu uzkl\u0101jiet nepiecie\u0161amo vaigu s\u0101rtuma daudzumu uz vaigiem. Uzglab\u0101t temperat\u016br\u0101 no +10 \u00b0\u0421 l\u012bdz +25 \u00b0\u0421.<\/p>\n","protected":false},"featured_media":83418,"template":"","meta":[],"product_cat":[1495],"product_tag":[],"class_list":{"0":"post-34828","1":"product","2":"type-product","3":"status-publish","4":"has-post-thumbnail","6":"product_brand-lux-visage_by","7":"product_cat-vaigu-sartumi","9":"first","10":"outofstock","11":"taxable","12":"shipping-taxable","13":"product-type-simple"},"_links":{"self":[{"href":"https:\/\/e.kosmolat.eu\/lv\/wp-json\/wp\/v2\/product\/34828","targetHints":{"allow":["GET"]}}],"collection":[{"href":"https:\/\/e.kosmolat.eu\/lv\/wp-json\/wp\/v2\/product"}],"about":[{"href":"https:\/\/e.kosmolat.eu\/lv\/wp-json\/wp\/v2\/types\/product"}],"wp:featuredmedia":[{"embeddable":true,"href":"https:\/\/e.kosmolat.eu\/lv\/wp-json\/wp\/v2\/media\/83418"}],"wp:attachment":[{"href":"https:\/\/e.kosmolat.eu\/lv\/wp-json\/wp\/v2\/media?parent=34828"}],"wp:term":[{"taxonomy":"product_cat","embeddable":true,"href":"https:\/\/e.kosmolat.eu\/lv\/wp-json\/wp\/v2\/product_cat?post=34828"},{"taxonomy":"product_tag","embeddable":true,"href":"https:\/\/e.kosmolat.eu\/lv\/wp-json\/wp\/v2\/product_tag?post=34828"}],"curies":[{"name":"wp","href":"https:\/\/api.w.org\/{rel}","templated":true}]}}