{"id":34800,"date":"2023-12-22T16:01:12","date_gmt":"2023-12-22T16:01:12","guid":{"rendered":"https:\/\/e.kosmolat.eu\/product\/lv-kompaktpuderis-red-11-tonis-9-g\/"},"modified":"2025-09-19T18:46:47","modified_gmt":"2025-09-19T18:46:47","slug":"lv-kompaktpuderis-red-11-tonis-9-g","status":"publish","type":"product","link":"https:\/\/e.kosmolat.eu\/lv\/product\/lv-kompaktpuderis-red-11-tonis-9-g\/","title":{"rendered":"LV Kompaktp\u016bderis RED, 11 tonis, 9 g"},"content":{"rendered":"<p>P\u016bdera gai\u0161i z\u012bdain\u0101 tekst\u016bra lieliski tiek uzkl\u0101ta uz sejas, mask\u0113jot izci\u013c\u0146us un grumbi\u0146as, saglab\u0101 sejas svaigumu visas dienas garum\u0101. Satur kli\u0146\u0123er\u012b\u0161u ekstraktu ar nomierino\u0161u, antiseptisku efektu.\n<\/p>\n<\/p>\n<p>Uzman\u012bbu! Displeja kr\u0101sas var at\u0161\u0137irties no faktisk\u0101s izstr\u0101d\u0101juma kr\u0101sas.<\/p>\n","protected":false},"excerpt":{"rendered":"<p>P\u016bdera gai\u0161i z\u012bdain\u0101 tekst\u016bra lieliski tiek uzkl\u0101ta uz sejas, mask\u0113jot izci\u013c\u0146us un grumbi\u0146as, saglab\u0101 sejas svaigumu visas dienas garum\u0101. Satur kli\u0146\u0123er\u012b\u0161u ekstraktu ar nomierino\u0161u, antiseptisku efektu. Uzman\u012bbu! Displeja kr\u0101sas var at\u0161\u0137irties no faktisk\u0101s izstr\u0101d\u0101juma kr\u0101sas.<\/p>\n","protected":false},"featured_media":82122,"template":"","meta":[],"product_cat":[1485],"product_tag":[],"class_list":{"0":"post-34800","1":"product","2":"type-product","3":"status-publish","4":"has-post-thumbnail","6":"product_brand-lux-visage_by","7":"product_cat-puderi","9":"first","10":"outofstock","11":"taxable","12":"shipping-taxable","13":"product-type-simple"},"_links":{"self":[{"href":"https:\/\/e.kosmolat.eu\/lv\/wp-json\/wp\/v2\/product\/34800","targetHints":{"allow":["GET"]}}],"collection":[{"href":"https:\/\/e.kosmolat.eu\/lv\/wp-json\/wp\/v2\/product"}],"about":[{"href":"https:\/\/e.kosmolat.eu\/lv\/wp-json\/wp\/v2\/types\/product"}],"wp:featuredmedia":[{"embeddable":true,"href":"https:\/\/e.kosmolat.eu\/lv\/wp-json\/wp\/v2\/media\/82122"}],"wp:attachment":[{"href":"https:\/\/e.kosmolat.eu\/lv\/wp-json\/wp\/v2\/media?parent=34800"}],"wp:term":[{"taxonomy":"product_cat","embeddable":true,"href":"https:\/\/e.kosmolat.eu\/lv\/wp-json\/wp\/v2\/product_cat?post=34800"},{"taxonomy":"product_tag","embeddable":true,"href":"https:\/\/e.kosmolat.eu\/lv\/wp-json\/wp\/v2\/product_tag?post=34800"}],"curies":[{"name":"wp","href":"https:\/\/api.w.org\/{rel}","templated":true}]}}