{"id":34796,"date":"2023-12-22T16:00:51","date_gmt":"2023-12-22T16:00:51","guid":{"rendered":"https:\/\/e.kosmolat.eu\/product\/lv-brow-bar-3-tonis-uzacu-pomade-6-g\/"},"modified":"2025-09-19T18:46:59","modified_gmt":"2025-09-19T18:46:59","slug":"lv-brow-bar-3-tonis-uzacu-pomade-6-g","status":"publish","type":"product","link":"https:\/\/e.kosmolat.eu\/lv\/product\/lv-brow-bar-3-tonis-uzacu-pomade-6-g\/","title":{"rendered":"LV Brow Bar 3 tonis Uzacu pom\u0101de, 6 g"},"content":{"rendered":"<p>Kr\u0113mveid\u012bg\u0101 tekst\u016bra kr\u0101so un sabiez\u0113 mati\u0146us, maigi aizpilda &ldquo;spraugas&rdquo;, rada dabisko biezo uzacu vizu\u0101lo efektu.<\/p>\n<p>Viegli uzkl\u0101jams un \u0113nojams, teicami nostiprina uzacu formu un saglab\u0101 to visu dienu.<\/p>\n<p>Uzacu kr\u0101sas pigment\u0101cija \u013cauj sasniegt da\u017e\u0101du intensit\u0101ti &#8211; no dabiskas l\u012bdz pies\u0101tin\u0101tas.<\/p>\n<p>Argana e\u013c\u013ca mitrina uzacu mati\u0146us, stiprina to strukt\u016bru un nov\u0113r&scaron; trauslumu.<\/p>\n<p>Lieto&scaron;ana: pa\u0137emm\u0113jiet uzacis ar birst\u012bti, nelielu uzacu kr\u0101sas daudzumu uzkl\u0101jiet uz sl\u012bp\u0101s birst\u012btes un ar viegl\u0101m kust\u012bb\u0101m uzkl\u0101jiet uz uzac\u012bm.<\/p>\n<p>Uzman\u012bbu! Displeja kr\u0101sas var at&scaron;\u0137irties no faktisk\u0101s izstr\u0101d\u0101juma kr\u0101sas.<\/p>\n","protected":false},"excerpt":{"rendered":"<p>Kr\u0113mveid\u012bg\u0101 tekst\u016bra kr\u0101so un sabiez\u0113 mati\u0146us, maigi aizpilda &ldquo;spraugas&rdquo;, rada dabisko biezo uzacu vizu\u0101lo efektu. Viegli uzkl\u0101jams un \u0113nojams, teicami nostiprina uzacu formu un saglab\u0101 to visu dienu. Uzacu kr\u0101sas pigment\u0101cija \u013cauj sasniegt da\u017e\u0101du intensit\u0101ti &#8211; no dabiskas l\u012bdz pies\u0101tin\u0101tas. Argana e\u013c\u013ca mitrina uzacu mati\u0146us, stiprina to strukt\u016bru un nov\u0113r&scaron; trauslumu. Lieto&scaron;ana: pa\u0137emm\u0113jiet uzacis ar [&#8230;]\n","protected":false},"featured_media":82126,"template":"","meta":[],"product_cat":[1506],"product_tag":[],"class_list":{"0":"post-34796","1":"product","2":"type-product","3":"status-publish","4":"has-post-thumbnail","6":"product_brand-lux-visage_by","7":"product_cat-uzacim","9":"first","10":"outofstock","11":"taxable","12":"shipping-taxable","13":"product-type-simple"},"_links":{"self":[{"href":"https:\/\/e.kosmolat.eu\/lv\/wp-json\/wp\/v2\/product\/34796","targetHints":{"allow":["GET"]}}],"collection":[{"href":"https:\/\/e.kosmolat.eu\/lv\/wp-json\/wp\/v2\/product"}],"about":[{"href":"https:\/\/e.kosmolat.eu\/lv\/wp-json\/wp\/v2\/types\/product"}],"wp:featuredmedia":[{"embeddable":true,"href":"https:\/\/e.kosmolat.eu\/lv\/wp-json\/wp\/v2\/media\/82126"}],"wp:attachment":[{"href":"https:\/\/e.kosmolat.eu\/lv\/wp-json\/wp\/v2\/media?parent=34796"}],"wp:term":[{"taxonomy":"product_cat","embeddable":true,"href":"https:\/\/e.kosmolat.eu\/lv\/wp-json\/wp\/v2\/product_cat?post=34796"},{"taxonomy":"product_tag","embeddable":true,"href":"https:\/\/e.kosmolat.eu\/lv\/wp-json\/wp\/v2\/product_tag?post=34796"}],"curies":[{"name":"wp","href":"https:\/\/api.w.org\/{rel}","templated":true}]}}