{"id":34792,"date":"2023-12-22T16:00:34","date_gmt":"2023-12-22T16:00:34","guid":{"rendered":"https:\/\/e.kosmolat.eu\/product\/lv-brow-bar-2-tonis-uzacu-pomade-6-g\/"},"modified":"2025-09-19T18:47:11","modified_gmt":"2025-09-19T18:47:11","slug":"lv-brow-bar-2-tonis-uzacu-pomade-6-g","status":"publish","type":"product","link":"https:\/\/e.kosmolat.eu\/lv\/product\/lv-brow-bar-2-tonis-uzacu-pomade-6-g\/","title":{"rendered":"LV Brow Bar 2 tonis Uzacu pom\u0101de, 6 g"},"content":{"rendered":"<p>Kr\u0113mveid\u012bg\u0101 tekst\u016bra kr\u0101so un sabiez\u0113 mati\u0146us, maigi aizpilda \u201cspraugas\u201d, rada dabisko biezo uzacu vizu\u0101lo efektu.\n<\/p>\n<p>Viegli uzkl\u0101jams un \u0113nojams, teicami nostiprina uzacu formu un saglab\u0101 to visu dienu.\n<\/p>\n<p>Uzacu kr\u0101sas pigment\u0101cija \u013cauj sasniegt da\u017e\u0101du intensit\u0101ti &#8211; no dabiskas l\u012bdz pies\u0101tin\u0101tas.\n<\/p>\n<p>Argana e\u013c\u013ca, kas ir bar\u012bbas sast\u0101vda\u013ca, mitrina uzacu mati\u0146us, stiprina to strukt\u016bru un nov\u0113r\u0161 trauslumu. \u0136emm\u0113jiet uzacis ar birst\u012bti. Sav\u0101kt nelielu uzacu kr\u0101sas daudzumu uz sl\u012bp\u0101s birst\u012btes un ar viegl\u0101m kust\u012bb\u0101m uzkl\u0101t uzac\u012bm.\n<\/p>\n<p>Uzman\u012bbu! Displeja kr\u0101sas var at\u0161\u0137irties no faktisk\u0101s izstr\u0101d\u0101juma kr\u0101sas.<\/p>\n","protected":false},"excerpt":{"rendered":"<p>Kr\u0113mveid\u012bg\u0101 tekst\u016bra kr\u0101so un sabiez\u0113 mati\u0146us, maigi aizpilda \u201cspraugas\u201d, rada dabisko biezo uzacu vizu\u0101lo efektu. Viegli uzkl\u0101jams un \u0113nojams, teicami nostiprina uzacu formu un saglab\u0101 to visu dienu. Uzacu kr\u0101sas pigment\u0101cija \u013cauj sasniegt da\u017e\u0101du intensit\u0101ti &#8211; no dabiskas l\u012bdz pies\u0101tin\u0101tas. Argana e\u013c\u013ca, kas ir bar\u012bbas sast\u0101vda\u013ca, mitrina uzacu mati\u0146us, stiprina to strukt\u016bru un nov\u0113r\u0161 trauslumu. [&#8230;]\n","protected":false},"featured_media":82130,"template":"","meta":[],"product_cat":[1508],"product_tag":[],"class_list":{"0":"post-34792","1":"product","2":"type-product","3":"status-publish","4":"has-post-thumbnail","6":"product_brand-lux-visage_by","7":"product_cat-antakiams","9":"first","10":"instock","11":"taxable","12":"shipping-taxable","13":"product-type-simple"},"_links":{"self":[{"href":"https:\/\/e.kosmolat.eu\/lv\/wp-json\/wp\/v2\/product\/34792","targetHints":{"allow":["GET"]}}],"collection":[{"href":"https:\/\/e.kosmolat.eu\/lv\/wp-json\/wp\/v2\/product"}],"about":[{"href":"https:\/\/e.kosmolat.eu\/lv\/wp-json\/wp\/v2\/types\/product"}],"wp:featuredmedia":[{"embeddable":true,"href":"https:\/\/e.kosmolat.eu\/lv\/wp-json\/wp\/v2\/media\/82130"}],"wp:attachment":[{"href":"https:\/\/e.kosmolat.eu\/lv\/wp-json\/wp\/v2\/media?parent=34792"}],"wp:term":[{"taxonomy":"product_cat","embeddable":true,"href":"https:\/\/e.kosmolat.eu\/lv\/wp-json\/wp\/v2\/product_cat?post=34792"},{"taxonomy":"product_tag","embeddable":true,"href":"https:\/\/e.kosmolat.eu\/lv\/wp-json\/wp\/v2\/product_tag?post=34792"}],"curies":[{"name":"wp","href":"https:\/\/api.w.org\/{rel}","templated":true}]}}