{"id":34776,"date":"2023-12-22T15:59:22","date_gmt":"2023-12-22T15:59:22","guid":{"rendered":"https:\/\/e.kosmolat.eu\/product\/lv-galactic-nagu-laka-222-tonis-9-g\/"},"modified":"2025-09-19T18:27:42","modified_gmt":"2025-09-19T18:27:42","slug":"lv-galactic-nagu-laka-222-tonis-9-g","status":"publish","type":"product","link":"https:\/\/e.kosmolat.eu\/lv\/product\/lv-galactic-nagu-laka-222-tonis-9-g\/","title":{"rendered":"LV Galactic Nagu laka, 222 tonis, 9 g"},"content":{"rendered":"<p>Nagu lakas m\u012bkstais sp\u012bdums un mirdzums var rad\u012bt kr\u0101\u0161\u0146u manik\u012bru. Dimantu, saf\u012bru un smaragdu apvienojum\u0101 ar pievilc\u012bgu zelta un sudraba dzirksti ir rad\u012bta sv\u0113tku noska\u0146ai.<\/p>\n","protected":false},"excerpt":{"rendered":"<p>Nagu lakas m\u012bkstais sp\u012bdums un mirdzums var rad\u012bt kr\u0101\u0161\u0146u manik\u012bru. Dimantu, saf\u012bru un smaragdu apvienojum\u0101 ar pievilc\u012bgu zelta un sudraba dzirksti ir rad\u012bta sv\u0113tku noska\u0146ai.<\/p>\n","protected":false},"featured_media":81806,"template":"","meta":[],"product_cat":[1515],"product_tag":[],"class_list":{"0":"post-34776","1":"product","2":"type-product","3":"status-publish","4":"has-post-thumbnail","6":"product_brand-lux-visage_by","7":"product_cat-nagu-lakas","9":"first","10":"outofstock","11":"taxable","12":"shipping-taxable","13":"product-type-simple"},"_links":{"self":[{"href":"https:\/\/e.kosmolat.eu\/lv\/wp-json\/wp\/v2\/product\/34776","targetHints":{"allow":["GET"]}}],"collection":[{"href":"https:\/\/e.kosmolat.eu\/lv\/wp-json\/wp\/v2\/product"}],"about":[{"href":"https:\/\/e.kosmolat.eu\/lv\/wp-json\/wp\/v2\/types\/product"}],"wp:featuredmedia":[{"embeddable":true,"href":"https:\/\/e.kosmolat.eu\/lv\/wp-json\/wp\/v2\/media\/81806"}],"wp:attachment":[{"href":"https:\/\/e.kosmolat.eu\/lv\/wp-json\/wp\/v2\/media?parent=34776"}],"wp:term":[{"taxonomy":"product_cat","embeddable":true,"href":"https:\/\/e.kosmolat.eu\/lv\/wp-json\/wp\/v2\/product_cat?post=34776"},{"taxonomy":"product_tag","embeddable":true,"href":"https:\/\/e.kosmolat.eu\/lv\/wp-json\/wp\/v2\/product_tag?post=34776"}],"curies":[{"name":"wp","href":"https:\/\/api.w.org\/{rel}","templated":true}]}}