{"id":34740,"date":"2023-12-22T15:56:44","date_gmt":"2023-12-22T15:56:44","guid":{"rendered":"https:\/\/e.kosmolat.eu\/product\/lv-kosmetikas-ota-nr-2-acim-un-uzacim\/"},"modified":"2025-09-19T18:48:53","modified_gmt":"2025-09-19T18:48:53","slug":"lv-kosmetikas-ota-nr-2-acim-un-uzacim","status":"publish","type":"product","link":"https:\/\/e.kosmolat.eu\/lv\/product\/lv-kosmetikas-ota-nr-2-acim-un-uzacim\/","title":{"rendered":"LV Kosm\u0113tikas ota Nr 2 ac\u012bm un uzac\u012bm"},"content":{"rendered":"<p>Ota rada skaidras un prec\u012bzas l\u012bnijas. Piem\u0113rota kosm\u0113tikas sausai un mitrai uzkl\u0101&scaron;anai. Otas sl\u012bpa forma ide\u0101li piem\u0113rota, lai izveidotu bulti\u0146as, izmantojot \u0113nas vai acu z\u012bmuli, k\u0101 ar\u012b kont\u016bru acu z\u012bmu\u013ca sajauk&scaron;anai.<\/p>\n<p>Lieliski piem\u0113rots, lai sakoptu un kori\u0123\u0113tu uzacu kont\u016bru un kr\u0101su.<\/p>\n","protected":false},"excerpt":{"rendered":"<p>Ota rada skaidras un prec\u012bzas l\u012bnijas. Piem\u0113rota kosm\u0113tikas sausai un mitrai uzkl\u0101&scaron;anai. Otas sl\u012bpa forma ide\u0101li piem\u0113rota, lai izveidotu bulti\u0146as, izmantojot \u0113nas vai acu z\u012bmuli, k\u0101 ar\u012b kont\u016bru acu z\u012bmu\u013ca sajauk&scaron;anai. Lieliski piem\u0113rots, lai sakoptu un kori\u0123\u0113tu uzacu kont\u016bru un kr\u0101su.<\/p>\n","protected":false},"featured_media":82162,"template":"","meta":[],"product_cat":[1548],"product_tag":[],"class_list":{"0":"post-34740","1":"product","2":"type-product","3":"status-publish","4":"has-post-thumbnail","6":"product_brand-lux-visage_by","7":"product_cat-teptukai","9":"first","10":"outofstock","11":"taxable","12":"shipping-taxable","13":"product-type-simple"},"_links":{"self":[{"href":"https:\/\/e.kosmolat.eu\/lv\/wp-json\/wp\/v2\/product\/34740","targetHints":{"allow":["GET"]}}],"collection":[{"href":"https:\/\/e.kosmolat.eu\/lv\/wp-json\/wp\/v2\/product"}],"about":[{"href":"https:\/\/e.kosmolat.eu\/lv\/wp-json\/wp\/v2\/types\/product"}],"wp:featuredmedia":[{"embeddable":true,"href":"https:\/\/e.kosmolat.eu\/lv\/wp-json\/wp\/v2\/media\/82162"}],"wp:attachment":[{"href":"https:\/\/e.kosmolat.eu\/lv\/wp-json\/wp\/v2\/media?parent=34740"}],"wp:term":[{"taxonomy":"product_cat","embeddable":true,"href":"https:\/\/e.kosmolat.eu\/lv\/wp-json\/wp\/v2\/product_cat?post=34740"},{"taxonomy":"product_tag","embeddable":true,"href":"https:\/\/e.kosmolat.eu\/lv\/wp-json\/wp\/v2\/product_tag?post=34740"}],"curies":[{"name":"wp","href":"https:\/\/api.w.org\/{rel}","templated":true}]}}